{"id":134,"date":"2020-04-19T19:44:26","date_gmt":"2020-04-19T19:44:26","guid":{"rendered":"https:\/\/chci-varhany.cz\/?page_id=134"},"modified":"2020-04-19T20:38:21","modified_gmt":"2020-04-19T20:38:21","slug":"vykup-varhan","status":"publish","type":"page","link":"https:\/\/chci-varhany.cz\/sk\/vykup-varhan\/","title":{"rendered":"V\u00fdkup org\u00e1nov"},"content":{"rendered":"<div class=\"vc_row wpb_row vc_row-fluid v-box vc_custom_1587057093588 vc_row-has-fill\" ><div class=\"wpb_column vc_column_container vc_col-sm-12\"><div class=\"vc_column-inner vc_custom_1587057311138\"><div class=\"wpb_wrapper\"><h2 style=\"text-align: left\" class=\"vc_custom_heading text-md-center\" >Odk\u00fapime va\u0161e organy<\/h2><div class=\"vc_empty_space\"   style=\"height: 20px\"><span class=\"vc_empty_space_inner\"><\/span><\/div><div class=\"vc_row wpb_row vc_inner vc_row-fluid vc_column-gap-25 vc_row-o-content-middle vc_row-flex\" ><div class=\"wpb_column vc_column_container vc_col-sm-4\"><div class=\"vc_column-inner\"><div class=\"wpb_wrapper\"><div class=\"v-icon row d-flex align-items-center\"><div class=\"col-6 col-xl-5 left\"><div class=\"v-icon_holder\"><div class=\"icon\" style=\"background-image:url(https:\/\/chci-varhany.cz\/wp-content\/uploads\/2020\/04\/wallet.png)\"><\/div><\/div><\/div><div class=\"col-6 col-xl-7 pl-0\"><div class=\"v-icon_text\">Mo\u017enos\u0165 v\u00fdkupu aj komision\u00e1lneho predaja<\/div><\/div><\/div><\/div><\/div><\/div><div class=\"wpb_column vc_column_container vc_col-sm-4\"><div class=\"vc_column-inner\"><div class=\"wpb_wrapper\"><div class=\"v-icon row d-flex align-items-center\"><div class=\"col-6 col-xl-5 left\"><div class=\"v-icon_holder\"><div class=\"icon\" style=\"background-image:url(https:\/\/chci-varhany.cz\/wp-content\/uploads\/2020\/04\/car.png)\"><\/div><\/div><\/div><div class=\"col-6 col-xl-7 pl-0\"><div class=\"v-icon_text\">Pre organy si osobne pr\u00eddeme<\/div><\/div><\/div><\/div><\/div><\/div><div class=\"wpb_column vc_column_container vc_col-sm-4\"><div class=\"vc_column-inner\"><div class=\"wpb_wrapper\"><div class=\"v-icon row d-flex align-items-center\"><div class=\"col-6 col-xl-5 left\"><div class=\"v-icon_holder\"><div class=\"icon\" style=\"background-image:url(https:\/\/chci-varhany.cz\/wp-content\/uploads\/2020\/04\/tools.png)\"><\/div><\/div><\/div><div class=\"col-6 col-xl-7 pl-0\"><div class=\"v-icon_text\">Pokia\u013e je potrebn\u00e9, vykon\u00e1me demont\u00e1\u017e<\/div><\/div><\/div><\/div><\/div><\/div><\/div><div class=\"vc_empty_space\"   style=\"height: 50px\"><span class=\"vc_empty_space_inner\"><\/span><\/div>\n<div class=\"wpcf7 no-js\" id=\"wpcf7-f144-o1\" lang=\"cs-CZ\" dir=\"ltr\" data-wpcf7-id=\"144\">\n<div class=\"screen-reader-response\"><p role=\"status\" aria-live=\"polite\" aria-atomic=\"true\"><\/p> <ul><\/ul><\/div>\n<form action=\"\/sk\/wp-json\/wp\/v2\/pages\/134#wpcf7-f144-o1\" method=\"post\" class=\"wpcf7-form init\" aria-label=\"Kontaktn\u00ed formul\u00e1\u0159\" enctype=\"multipart\/form-data\" novalidate=\"novalidate\" data-status=\"init\" data-trp-original-action=\"\/sk\/wp-json\/wp\/v2\/pages\/134#wpcf7-f144-o1\">\n<fieldset class=\"hidden-fields-container\"><input type=\"hidden\" name=\"_wpcf7\" value=\"144\" \/><input type=\"hidden\" name=\"_wpcf7_version\" value=\"6.1\" \/><input type=\"hidden\" name=\"_wpcf7_locale\" value=\"cs_CZ\" \/><input type=\"hidden\" name=\"_wpcf7_unit_tag\" value=\"wpcf7-f144-o1\" \/><input type=\"hidden\" name=\"_wpcf7_container_post\" value=\"0\" \/><input type=\"hidden\" name=\"_wpcf7_posted_data_hash\" value=\"\" \/><input type=\"hidden\" name=\"_wpcf7_recaptcha_response\" value=\"\" \/>\n<\/fieldset>\n<div class=\"row\">\n\t<div class=\"col-md-4\">\n\t\t<h3 class=\"mb-3\">Osobn\u00e9 \u00fadaje\n\t\t<\/h3>\n\t\t<p><label>Meno a Priezvisko: *<\/label><span class=\"wpcf7-form-control-wrap\" data-name=\"jmeno\"><input size=\"40\" maxlength=\"400\" class=\"wpcf7-form-control wpcf7-text wpcf7-validates-as-required\" aria-required=\"true\" aria-invalid=\"false\" value=\"\" type=\"text\" name=\"jmeno\" \/><\/span>\n\t\t<\/p>\n\t\t<p><label>Email:*<\/label><span class=\"wpcf7-form-control-wrap\" data-name=\"email\"><input size=\"40\" maxlength=\"400\" class=\"wpcf7-form-control wpcf7-email wpcf7-validates-as-required wpcf7-text wpcf7-validates-as-email\" aria-required=\"true\" aria-invalid=\"false\" value=\"\" type=\"email\" name=\"email\" \/><\/span>\n\t\t<\/p>\n\t\t<p><label>Telef\u00f3n: *<\/label><span class=\"wpcf7-form-control-wrap\" data-name=\"telefon\"><input size=\"40\" maxlength=\"400\" class=\"wpcf7-form-control wpcf7-tel wpcf7-text wpcf7-validates-as-tel\" aria-invalid=\"false\" value=\"\" type=\"tel\" name=\"telefon\" \/><\/span>\n\t\t<\/p>\n\t<\/div>\n\t<div class=\"col-md-4\">\n\t\t<h3 class=\"mb-3\">\u0160pecifik\u00e1cia organov\n\t\t<\/h3>\n\t\t<p><label>Zna\u010dka: *<\/label><span class=\"wpcf7-form-control-wrap\" data-name=\"znacka\"><input size=\"40\" maxlength=\"400\" class=\"wpcf7-form-control wpcf7-text wpcf7-validates-as-required\" aria-required=\"true\" aria-invalid=\"false\" value=\"\" type=\"text\" name=\"znacka\" \/><\/span>\n\t\t<\/p>\n\t\t<p><label>Model: <\/label><span class=\"wpcf7-form-control-wrap\" data-name=\"model\"><input size=\"40\" maxlength=\"400\" class=\"wpcf7-form-control wpcf7-text\" aria-invalid=\"false\" value=\"\" type=\"text\" name=\"model\" \/><\/span>\n\t\t<\/p>\n\t\t<p><label>S\u00e9riov\u00e9 \u010d\u00edslo organov <\/label><span class=\"wpcf7-form-control-wrap\" data-name=\"seriove_cislo\"><input size=\"40\" maxlength=\"400\" class=\"wpcf7-form-control wpcf7-text\" aria-invalid=\"false\" value=\"\" type=\"text\" name=\"seriove_cislo\" \/><\/span>\n\t\t<\/p>\n\t<\/div>\n\t<div class=\"col-md-4\">\n\t\t<h3 class=\"d-none d-md-block mb-3\" style=\"opacity:0;\">&nbsp;\n\t\t<\/h3>\n\t\t<p><label>Miesto <span>(Kde sa organy nach\u00e1dza)<\/span><\/label><span class=\"wpcf7-form-control-wrap\" data-name=\"misto\"><input size=\"40\" maxlength=\"400\" class=\"wpcf7-form-control wpcf7-text\" aria-invalid=\"false\" value=\"\" type=\"text\" name=\"misto\" \/><\/span>\n\t\t<\/p>\n\t\t<p><label>Odhadovan\u00e1 staroba<\/label><span class=\"wpcf7-form-control-wrap\" data-name=\"stari\"><input size=\"40\" maxlength=\"400\" class=\"wpcf7-form-control wpcf7-text\" aria-invalid=\"false\" value=\"\" type=\"text\" name=\"stari\" \/><\/span>\n\t\t<\/p>\n\t\t<p><label>Fotografie:<\/label><span class=\"wpcf7-form-control-wrap\" data-name=\"priloha\"><input size=\"40\" class=\"wpcf7-form-control wpcf7-file\" accept=\".pdf,.jpg,.jpeg,.png\" aria-invalid=\"false\" type=\"file\" name=\"priloha\" \/><\/span>\n\t\t<\/p>\n\t<\/div>\n<\/div>\n<p><label>Popis stavu organov<\/label><span class=\"wpcf7-form-control-wrap\" data-name=\"popis\"><textarea cols=\"40\" rows=\"10\" maxlength=\"2000\" class=\"wpcf7-form-control wpcf7-textarea wpcf7-validates-as-required\" aria-required=\"true\" aria-invalid=\"false\" name=\"popis\"><\/textarea><\/span>\n<\/p>\n<div class=\"mb-3\">\n\t<p>[anr_nocaptcha g-recaptcha-response]\n\t<\/p>\n<\/div>\n<div class=\"row\">\n\t<div class=\"col-md-7 v-form_info mb-4 mb-md-0\">\n\t\t<p>Odoslan\u00edm formul\u00e1ra s\u00fahlas\u00edte s ulo\u017een\u00edm va\u0161ich \u00fadajov na \u00fa\u010dely kontaktovanie predajcom.\n\t\t<\/p>\n\t<\/div>\n\t<div class=\"col-md-5 text-md-right\">\n\t\t<p><input class=\"wpcf7-form-control wpcf7-submit has-spinner v-btn_black\" type=\"submit\" value=\"Odosla\u0165\" \/>\n\t\t<\/p>\n\t<\/div>\n<\/div><div class=\"wpcf7-response-output\" aria-hidden=\"true\"><\/div>\n<input type=\"hidden\" name=\"trp-form-language\" value=\"sk\"\/><\/form>\n<\/div>\n<\/div><\/div><\/div><\/div><div class=\"vc_row wpb_row vc_row-fluid d-none d-md-block\" ><div class=\"wpb_column vc_column_container vc_col-sm-12\"><div class=\"vc_column-inner\"><div class=\"wpb_wrapper\"><div class=\"vc_empty_space\"   style=\"height: 60px\"><span class=\"vc_empty_space_inner\"><\/span><\/div><\/div><\/div><\/div><\/div><div data-vc-full-width=\"true\" data-vc-full-width-init=\"false\" class=\"vc_row wpb_row vc_row-fluid v-ebook vc_custom_1587217775823 vc_row-has-fill vc_row-o-content-middle vc_row-flex\" ><div class=\"wpb_column vc_column_container vc_col-sm-5 vc_col-lg-5 vc_col-md-5 vc_col-xs-12\"><div class=\"vc_column-inner vc_custom_1587218572123\"><div class=\"wpb_wrapper\"><div style=\"color: #ffffff;text-align: left\" class=\"vc_custom_heading v-ebook_title vc_custom_1587063031557\" >Z\u00cdSKAJTE E-BOOKY ZADARMO<\/div><\/div><\/div><\/div><div class=\"wpb_column vc_column_container vc_col-sm-7 vc_col-lg-7 vc_col-md-7 vc_col-xs-12\"><div class=\"vc_column-inner vc_custom_1587218561933\"><div class=\"wpb_wrapper\"><p class=\"wpcf7-contact-form-not-found\"><strong>Chyba:<\/strong> Kontaktn\u00fd formul\u00e1r nebol n\u00e1jden\u00fd.<\/p><\/div><\/div><\/div><\/div><div class=\"vc_row-full-width vc_clearfix\"><\/div>","protected":false},"excerpt":{"rendered":"Vykoup\u00edme va\u0161e varhanyMo\u017enost v\u00fdkupu i komisn\u00edho prodejePro varhany si osobn\u011b dojedemePokud je pot\u0159eba, provedeme demont\u00e1\u017e Osobn\u00ed \u00fadaje Jm\u00e9no a P\u0159\u00edjmen\u00ed: * Email:* Telefon: * Specifikace varhan Zna\u010dka: * Model: S\u00e9riov\u00e9 \u010d\u00edslo varhan: &nbsp; M\u00edsto: * (Kde se varhany nach\u00e1z\u00ed) Odhadovan\u00e9 [...]","protected":false},"author":2,"featured_media":0,"parent":0,"menu_order":0,"comment_status":"closed","ping_status":"closed","template":"","meta":{"_acf_changed":false,"footnotes":""},"class_list":["post-134","page","type-page","status-publish","hentry"],"acf":[],"_links":{"self":[{"href":"https:\/\/chci-varhany.cz\/sk\/wp-json\/wp\/v2\/pages\/134","targetHints":{"allow":["GET"]}}],"collection":[{"href":"https:\/\/chci-varhany.cz\/sk\/wp-json\/wp\/v2\/pages"}],"about":[{"href":"https:\/\/chci-varhany.cz\/sk\/wp-json\/wp\/v2\/types\/page"}],"author":[{"embeddable":true,"href":"https:\/\/chci-varhany.cz\/sk\/wp-json\/wp\/v2\/users\/2"}],"replies":[{"embeddable":true,"href":"https:\/\/chci-varhany.cz\/sk\/wp-json\/wp\/v2\/comments?post=134"}],"version-history":[{"count":10,"href":"https:\/\/chci-varhany.cz\/sk\/wp-json\/wp\/v2\/pages\/134\/revisions"}],"predecessor-version":[{"id":145,"href":"https:\/\/chci-varhany.cz\/sk\/wp-json\/wp\/v2\/pages\/134\/revisions\/145"}],"wp:attachment":[{"href":"https:\/\/chci-varhany.cz\/sk\/wp-json\/wp\/v2\/media?parent=134"}],"curies":[{"name":"wp","href":"https:\/\/api.w.org\/{rel}","templated":true}]}}