{"id":1414,"date":"2021-03-11T12:28:38","date_gmt":"2021-03-11T12:28:38","guid":{"rendered":"https:\/\/chci-varhany.cz\/?page_id=1414"},"modified":"2021-03-26T23:10:18","modified_gmt":"2021-03-26T23:10:18","slug":"cantate","status":"publish","type":"page","link":"https:\/\/chci-varhany.cz\/sk\/nove-varhany\/cantate\/","title":{"rendered":"Cantate"},"content":{"rendered":"<div class=\"vc_row wpb_row vc_row-fluid v-box vc_custom_1590170951248 vc_row-has-fill\" ><div class=\"no-padding-col wpb_column vc_column_container vc_col-sm-12\"><div class=\"vc_column-inner vc_custom_1590171177998\"><div class=\"wpb_wrapper\">\n\t<div  class=\"wpb_single_image wpb_content_element vc_align_left   full-width-image\">\n\t\t\n\t\t<figure class=\"wpb_wrapper vc_figure\">\n\t\t\t<div class=\"vc_single_image-wrapper   vc_box_border_grey\"><img loading=\"lazy\" decoding=\"async\" width=\"2560\" height=\"1019\" src=\"https:\/\/chci-varhany.cz\/wp-content\/uploads\/2021\/03\/Cantate-346_7-\u2013-web-1-scaled.jpg\" class=\"vc_single_image-img attachment-full\" alt=\"\" srcset=\"https:\/\/chci-varhany.cz\/wp-content\/uploads\/2021\/03\/Cantate-346_7-\u2013-web-1-scaled.jpg 2560w, https:\/\/chci-varhany.cz\/wp-content\/uploads\/2021\/03\/Cantate-346_7-\u2013-web-1-300x119.jpg 300w, https:\/\/chci-varhany.cz\/wp-content\/uploads\/2021\/03\/Cantate-346_7-\u2013-web-1-1024x408.jpg 1024w, https:\/\/chci-varhany.cz\/wp-content\/uploads\/2021\/03\/Cantate-346_7-\u2013-web-1-768x306.jpg 768w, https:\/\/chci-varhany.cz\/wp-content\/uploads\/2021\/03\/Cantate-346_7-\u2013-web-1-1536x612.jpg 1536w, https:\/\/chci-varhany.cz\/wp-content\/uploads\/2021\/03\/Cantate-346_7-\u2013-web-1-16x6.jpg 16w, https:\/\/chci-varhany.cz\/wp-content\/uploads\/2021\/03\/Cantate-346_7-\u2013-web-1-600x239.jpg 600w\" sizes=\"auto, (max-width: 2560px) 100vw, 2560px\" \/><\/div>\n\t\t<\/figure>\n\t<\/div>\n<\/div><\/div><\/div><\/div><div class=\"vc_row wpb_row vc_row-fluid\" ><div class=\"wpb_column vc_column_container vc_col-sm-12\"><div class=\"vc_column-inner\"><div class=\"wpb_wrapper\"><div class=\"vc_empty_space\"   style=\"height: 20px\"><span class=\"vc_empty_space_inner\"><\/span><\/div>\n\t<div  class=\"wpb_single_image wpb_content_element vc_align_center\">\n\t\t\n\t\t<figure class=\"wpb_wrapper vc_figure\">\n\t\t\t<div class=\"vc_single_image-wrapper   vc_box_border_grey\"><img loading=\"lazy\" decoding=\"async\" width=\"333\" height=\"89\" src=\"https:\/\/chci-varhany.cz\/wp-content\/uploads\/2021\/03\/logo-40-e1615450612959.png\" class=\"vc_single_image-img attachment-full\" alt=\"\" \/><\/div>\n\t\t<\/figure>\n\t<\/div>\n<div class=\"vc_empty_space\"   style=\"height: 20px\"><span class=\"vc_empty_space_inner\"><\/span><\/div><\/div><\/div><\/div><\/div><div class=\"vc_row wpb_row vc_row-fluid\" ><div class=\"wpb_column vc_column_container vc_col-sm-12\"><div class=\"vc_column-inner\"><div class=\"wpb_wrapper\"><h2 style=\"color: #202020;text-align: left\" class=\"vc_custom_heading\" >Cantate<\/h2><div class=\"vc_empty_space  d-lg-none\"   style=\"height: 50px\"><span class=\"vc_empty_space_inner\"><\/span><\/div>\n\t<div class=\"wpb_text_column wpb_content_element  v-text\" >\n\t\t<div class=\"wpb_wrapper\">\n\t\t\t<div>\n<p>Modely Cantate pat\u0159\u00ed mezi dispozi\u010dn\u011b velk\u00e9 n\u00e1stroje s velk\u00fdm a kvalitn\u00edm ozvu\u010den\u00edm. Jeden n\u00e1stroj V\u00e1m nahrad\u00ed n\u011bkolik velk\u00fdch varhan, proto uspokoj\u00ed i ty nejn\u00e1ro\u010dn\u011bj\u0161\u00ed varhan\u00edky.<\/p>\n<\/div>\n<div><\/div>\n\n\t\t<\/div>\n\t<\/div>\n<div class=\"vc_empty_space  d-none d-lg-block\"   style=\"height: 80px\"><span class=\"vc_empty_space_inner\"><\/span><\/div><\/div><\/div><\/div><\/div><div class=\"vc_row wpb_row vc_row-fluid\" ><div class=\"wpb_column vc_column_container vc_col-sm-8\"><div class=\"vc_column-inner\"><div class=\"wpb_wrapper\"><div class=\"row d-flex align-items-top justify-content-center\"><div class=\"col-sm-6 col-lg-6 mb-4\"><div class=\"v-product\"><div class=\"v-product_title mb-3\"><a href=\"https:\/\/chci-varhany.cz\/sk\/produkt\/content-cantate-246\/\">Content Cantate 246 R<\/a><\/div><div class=\"v-product_image\"><a href=\"https:\/\/chci-varhany.cz\/sk\/produkt\/content-cantate-246\/\"><img decoding=\"async\" src=\"https:\/\/chci-varhany.cz\/wp-content\/uploads\/2021\/02\/cantate_246r_right_rcf_2.jpg\" \/><\/a><\/div><div class=\"row v-product_params\"><div class=\"col-6\"><strong>Stav:<\/strong><\/div><div class=\"col-6\">Nov\u00e9<\/div><\/div><div class=\"row v-product_params\"><div class=\"col-6\"><strong>Dostupnos\u0165:<\/strong><\/div><div class=\"col-6\">Na objedn\u00e1vku<\/div><\/div><div class=\"v-product_space\"><\/div><div class=\"row align-items-end\"><div class=\"col-7\"><div class=\"v-product_price__old none\">&nbsp;<\/div><div class=\"v-product_price\">15&nbsp;700,00&nbsp;\u20ac<span class=\"priceNote\">s DPH<\/span><\/div><\/div><div class=\"col-5 text-right\"><a class=\"v-product_btn\" href=\"https:\/\/chci-varhany.cz\/sk\/produkt\/content-cantate-246\/\">Detail<\/a><\/div><\/div><\/div><\/div><div class=\"col-sm-6 col-lg-6 mb-4\"><div class=\"v-product\"><div class=\"v-product_title mb-3\"><a href=\"https:\/\/chci-varhany.cz\/sk\/produkt\/content-cantate-346\/\">Content Cantate 346<\/a><\/div><div class=\"v-product_image\"><a href=\"https:\/\/chci-varhany.cz\/sk\/produkt\/content-cantate-346\/\"><img decoding=\"async\" src=\"https:\/\/chci-varhany.cz\/wp-content\/uploads\/2021\/02\/cantate_346_904x624.jpg\" \/><\/a><\/div><div class=\"row v-product_params\"><div class=\"col-6\"><strong>Stav:<\/strong><\/div><div class=\"col-6\">Nov\u00e9<\/div><\/div><div class=\"row v-product_params\"><div class=\"col-6\"><strong>Dostupnos\u0165:<\/strong><\/div><div class=\"col-6\">Na objedn\u00e1vku<\/div><\/div><div class=\"v-product_space\"><\/div><div class=\"row align-items-end\"><div class=\"col-7\"><div class=\"v-product_price__old none\">&nbsp;<\/div><div class=\"v-product_price\">16&nbsp;000,00&nbsp;\u20ac<span class=\"priceNote\">s DPH<\/span><\/div><\/div><div class=\"col-5 text-right\"><a class=\"v-product_btn\" href=\"https:\/\/chci-varhany.cz\/sk\/produkt\/content-cantate-346\/\">Detail<\/a><\/div><\/div><\/div><\/div><div class=\"col-sm-6 col-lg-6 mb-4\"><div class=\"v-product\"><div class=\"v-product_title mb-3\"><a href=\"https:\/\/chci-varhany.cz\/sk\/produkt\/content-cantate-354\/\">Content Cantate 354 R<\/a><\/div><div class=\"v-product_image\"><a href=\"https:\/\/chci-varhany.cz\/sk\/produkt\/content-cantate-354\/\"><img decoding=\"async\" src=\"https:\/\/chci-varhany.cz\/wp-content\/uploads\/2021\/02\/cantate_354_front.jpg\" \/><\/a><\/div><div class=\"row v-product_params\"><div class=\"col-6\"><strong>Stav:<\/strong><\/div><div class=\"col-6\">Nov\u00e9<\/div><\/div><div class=\"row v-product_params\"><div class=\"col-6\"><strong>Dostupnos\u0165:<\/strong><\/div><div class=\"col-6\">Na objedn\u00e1vku<\/div><\/div><div class=\"v-product_space\"><\/div><div class=\"row align-items-end\"><div class=\"col-7\"><div class=\"v-product_price__old none\">&nbsp;<\/div><div class=\"v-product_price\">29&nbsp;000,00&nbsp;\u20ac<span class=\"priceNote\">s DPH<\/span><\/div><\/div><div class=\"col-5 text-right\"><a class=\"v-product_btn\" href=\"https:\/\/chci-varhany.cz\/sk\/produkt\/content-cantate-354\/\">Detail<\/a><\/div><\/div><\/div><\/div><\/div><\/div><\/div><\/div><div class=\"wpb_column vc_column_container vc_col-sm-4\"><div class=\"vc_column-inner\"><div class=\"wpb_wrapper\"><h2 style=\"color: #222222;text-align: left\" class=\"vc_custom_heading vc_custom_1615465792969\" >Chcete v\u011bd\u011bt v\u00edce o \u0159ad\u011b Cantate?<\/h2>\n\t<div class=\"wpb_text_column wpb_content_element  v-text\" >\n\t\t<div class=\"wpb_wrapper\">\n\t\t\t<p>St\u00e1hn\u011bte si nov\u00fd katalog \u0159ady Cantate<\/p>\n\n\t\t<\/div>\n\t<\/div>\n<div class=\"vc_empty_space\"   style=\"height: 20px\"><span class=\"vc_empty_space_inner\"><\/span><\/div>\n\t<div  class=\"wpb_single_image wpb_content_element vc_align_left\">\n\t\t\n\t\t<figure class=\"wpb_wrapper vc_figure\">\n\t\t\t<div class=\"vc_single_image-wrapper   vc_box_border_grey\"><img decoding=\"async\" class=\"vc_img-placeholder vc_single_image-img\" src=\"https:\/\/chci-varhany.cz\/wp-content\/plugins\/js_composer\/assets\/vc\/no_image.png\" \/><\/div>\n\t\t<\/figure>\n\t<\/div>\n<div class=\"vc_empty_space\"   style=\"height: 20px\"><span class=\"vc_empty_space_inner\"><\/span><\/div><a itemprop=\"url\" href=\"#\" target=\"_blank\"  class=\"mkdf-btn mkdf-btn-small mkdf-btn-solid\"  >\n    <span class=\"mkdf-btn-text\">St\u00e1hnout katalog<\/span>\n    <\/a><\/div><\/div><\/div><\/div><div class=\"vc_row wpb_row vc_row-fluid d-none d-lg-block\" ><div class=\"wpb_column vc_column_container vc_col-sm-12\"><div class=\"vc_column-inner\"><div class=\"wpb_wrapper\"><div class=\"vc_empty_space  d-none d-lg-block\"   style=\"height: 40px\"><span class=\"vc_empty_space_inner\"><\/span><\/div><div class=\"vc_separator wpb_content_element vc_separator_align_center vc_sep_width_100 vc_sep_pos_align_center vc_separator_no_text vc_sep_color_grey\" ><span class=\"vc_sep_holder vc_sep_holder_l\"><span  class=\"vc_sep_line\"><\/span><\/span><span class=\"vc_sep_holder vc_sep_holder_r\"><span  class=\"vc_sep_line\"><\/span><\/span>\n<\/div><\/div><\/div><\/div><\/div><div class=\"vc_row wpb_row vc_row-fluid vc_custom_1590171485859\" ><div class=\"wpb_column vc_column_container vc_col-sm-12\"><div class=\"vc_column-inner vc_custom_1590171490394\"><div class=\"wpb_wrapper\"><h2 style=\"color: #222222;text-align: center\" class=\"vc_custom_heading\" >Pot\u0159ebujete poradit s v\u00fdb\u011brem?<\/h2><div class=\"vc_empty_space  d-none d-lg-block\"   style=\"height: 50px\"><span class=\"vc_empty_space_inner\"><\/span><\/div><div class=\"vc_empty_space  d-lg-none\"   style=\"height: 30px\"><span class=\"vc_empty_space_inner\"><\/span><\/div><div class=\"vc_row wpb_row vc_inner vc_row-fluid text-center\" ><div class=\"wpb_column vc_column_container vc_col-sm-12\"><div class=\"vc_column-inner\"><div class=\"wpb_wrapper\"><a itemprop=\"url\" href=\"\/sk\/kontakt\/\" target=\"_self\"  class=\"mkdf-btn mkdf-btn-large mkdf-btn-solid v-btn_arrow\"  >\n    <span class=\"mkdf-btn-text\">Nap\u00ed\u0161te n\u00e1m<\/span>\n    <\/a><\/div><\/div><\/div><\/div><\/div><\/div><\/div><\/div><div data-vc-full-width=\"true\" data-vc-full-width-init=\"false\" class=\"vc_row wpb_row vc_row-fluid v-ebook vc_custom_1587217775823 vc_row-has-fill vc_row-o-content-middle vc_row-flex\" ><div class=\"wpb_column vc_column_container vc_col-sm-5 vc_col-lg-5 vc_col-md-5 vc_col-xs-12\"><div class=\"vc_column-inner vc_custom_1587218572123\"><div class=\"wpb_wrapper\"><div style=\"color: #ffffff;text-align: left\" class=\"vc_custom_heading v-ebook_title vc_custom_1587063031557\" >Z\u00cdSKAJTE E-BOOKY ZADARMO<\/div><\/div><\/div><\/div><div class=\"wpb_column vc_column_container vc_col-sm-7 vc_col-lg-7 vc_col-md-7 vc_col-xs-12\"><div class=\"vc_column-inner vc_custom_1587218561933\"><div class=\"wpb_wrapper\"><p class=\"wpcf7-contact-form-not-found\"><strong>Chyba:<\/strong> Kontaktn\u00fd formul\u00e1r nebol n\u00e1jden\u00fd.<\/p><\/div><\/div><\/div><\/div><div class=\"vc_row-full-width vc_clearfix\"><\/div>","protected":false},"excerpt":{"rendered":"\u0160pi\u010dkov\u00fd model od firmy CONTENT! Tento n\u00e1stroj m\u00e1 pln\u00e9 dispozice pro \u0161irok\u00fd, symfonick\u00fd zvuk varhan. Robustn\u00ed vysok\u00fd korpus s osv\u011btlen\u00fdmi manubrii. Cantus firmus poskytuje orchestr\u00e1ln\u00ed t\u00f3n, v\u010detn\u011b Chimes. Maxim\u00e1ln\u00ed mo\u017enosti d\u00edky 3 manu\u00e1l\u016fm a 4 \u017ealuziov\u00fdm ped\u00e1l\u016fm. Z\u00e1kladn\u00ed rejst\u0159\u00edky dopl\u0148uje [...]","protected":false},"author":4,"featured_media":1416,"parent":411,"menu_order":2,"comment_status":"closed","ping_status":"closed","template":"","meta":{"_acf_changed":false,"footnotes":""},"class_list":["post-1414","page","type-page","status-publish","has-post-thumbnail","hentry"],"acf":[],"_links":{"self":[{"href":"https:\/\/chci-varhany.cz\/sk\/wp-json\/wp\/v2\/pages\/1414","targetHints":{"allow":["GET"]}}],"collection":[{"href":"https:\/\/chci-varhany.cz\/sk\/wp-json\/wp\/v2\/pages"}],"about":[{"href":"https:\/\/chci-varhany.cz\/sk\/wp-json\/wp\/v2\/types\/page"}],"author":[{"embeddable":true,"href":"https:\/\/chci-varhany.cz\/sk\/wp-json\/wp\/v2\/users\/4"}],"replies":[{"embeddable":true,"href":"https:\/\/chci-varhany.cz\/sk\/wp-json\/wp\/v2\/comments?post=1414"}],"version-history":[{"count":5,"href":"https:\/\/chci-varhany.cz\/sk\/wp-json\/wp\/v2\/pages\/1414\/revisions"}],"predecessor-version":[{"id":2110,"href":"https:\/\/chci-varhany.cz\/sk\/wp-json\/wp\/v2\/pages\/1414\/revisions\/2110"}],"up":[{"embeddable":true,"href":"https:\/\/chci-varhany.cz\/sk\/wp-json\/wp\/v2\/pages\/411"}],"wp:featuredmedia":[{"embeddable":true,"href":"https:\/\/chci-varhany.cz\/sk\/wp-json\/wp\/v2\/media\/1416"}],"wp:attachment":[{"href":"https:\/\/chci-varhany.cz\/sk\/wp-json\/wp\/v2\/media?parent=1414"}],"curies":[{"name":"wp","href":"https:\/\/api.w.org\/{rel}","templated":true}]}}