{"id":336,"date":"2020-05-03T19:43:48","date_gmt":"2020-05-03T19:43:48","guid":{"rendered":"https:\/\/chci-varhany.cz\/?page_id=336"},"modified":"2021-03-17T20:45:17","modified_gmt":"2021-03-17T20:45:17","slug":"o-firme","status":"publish","type":"page","link":"https:\/\/chci-varhany.cz\/sk\/o-firme\/","title":{"rendered":"O firme"},"content":{"rendered":"<div class=\"vc_row wpb_row vc_row-fluid\" ><div class=\"wpb_column vc_column_container vc_col-sm-12\"><div class=\"vc_column-inner\"><div class=\"wpb_wrapper\"><h1 style=\"color: #202020;text-align: left\" class=\"vc_custom_heading vc_custom_1601470704738\" >Historie<\/h1>\n\t<div class=\"wpb_text_column wpb_content_element  v-text v-text_brown\" >\n\t\t<div class=\"wpb_wrapper\">\n\t\t\t<p>V roce 2011 vznikla na\u0161e firma v odv\u011btv\u00ed digit\u00e1ln\u00edch varhan a zpo\u010d\u00e1tku jsme se soust\u0159edili na pou\u017eit\u00e9 varhany kvalitn\u00edch v\u00fdrobc\u016f.<\/p>\n<p>Ji\u017e v roce 2012 jsme byli osloveni v\u00fdrobci Eminent a Content a po absolvov\u00e1n\u00ed n\u011bkolika \u0161kolen\u00ed a jedn\u00e1n\u00ed jsme obdr\u017eeli status autorizovan\u00fd prodej i servis pro \u010cR a SK. T\u00edm jsme za\u010dali i v oboru nov\u00fdch varhan a organologie zdokonalovat schopnosti a mezin\u00e1rodn\u00ed rozhled pod velk\u00fdmi a osv\u011bd\u010den\u00fdmi v\u00fdrobci.<\/p>\n<p>V pr\u016fb\u011bhu dal\u0161\u00edch dvou let jsme nav\u00e1zali spolupr\u00e1ci i dal\u0161\u00edmi v\u00fdrobci a firmami v oboru varhan\u00e1\u0159stv\u00ed.<\/p>\n<p>V n\u00e1sleduj\u00edc\u00edch letech jsme m\u011bli mo\u017enost b\u00fdt zapojeni do mezin\u00e1rodn\u00ed spolupr\u00e1ce a na\u0161e pr\u00e1ce a projekty zam\u00ed\u0159ily nap\u0159. do Nig\u00e9rie, Tanz\u00e1nie, \u0160pan\u011blska, Nizozemska, Slovenska,&#8230;<\/p>\n<p>V roce 2014 jsme zjistili, \u017ee propojen\u00ed digit\u00e1ln\u00edch a akustick\u00fdch n\u00e1stroj\u016f (varhan, harmoni\u00ed,&#8230;) je velice bl\u00edzk\u00e9 a proto byla zavedena divize akustick\u00fdch n\u00e1stroj\u016f a pod odborn\u00fdm dozorem jsme pracovali 6 let. Po krachu firem Rieger-Kloss a Organa Kutn\u00e1 hora bylo hlavn\u00edm motorem bylo pomoci \u010desk\u00e9mu varhan\u00e1\u0159stv\u00ed s c\u00edlem alespo\u0148 udr\u017eet krok se z\u00e1padn\u00edmi st\u00e1ty, kde je varhan\u00e1\u0159stv\u00ed na vysok\u00e9 \u00farovni. \u010c\u00e1st vybaven\u00ed jsme koupili od Organy a \u010d\u00e1st od b\u00fdval\u00e9ho Slovensk\u00e9ho varhan\u00e1\u0159e a dal\u0161\u00ed vybaven\u00ed jsme po\u0159izovali v n\u00e1vaznosti na pot\u0159eby v\u00fdroby. Prvn\u00ed logick\u00fd krok bylo zam\u011b\u0159en\u00ed na elektrick\u00e9 traktury, kdy jsme vy\u0161li ze zku\u0161enost\u00ed z digit\u00e1ln\u00edch varhan ur\u010ditou kvalitou a spolehlivost\u00ed. Pr\u016fb\u011bhu let jsme se dostali ke v\u0161em mo\u017en\u00fdm n\u00e1stroj\u016fm v\u0161ech velikost\u00ed.<\/p>\n\n\t\t<\/div>\n\t<\/div>\n<div class=\"vc_empty_space\"   style=\"height: 40px\"><span class=\"vc_empty_space_inner\"><\/span><\/div><h1 style=\"color: #202020;text-align: left\" class=\"vc_custom_heading vc_custom_1601473058507\" >Sou\u010dasnost<\/h1>\n\t<div class=\"wpb_text_column wpb_content_element  v-text v-text_brown\" >\n\t\t<div class=\"wpb_wrapper\">\n\t\t\t<p>V sou\u010dasn\u00e9 dob\u011b m\u00e1me dv\u011b divize &#8211; <strong>digit\u00e1ln\u00ed<\/strong> &#8211; kde se zam\u011b\u0159ujeme na prodej a servis digit\u00e1ln\u00edch n\u00e1stroj\u016f na m\u00edru a <strong>Akustick\u00e1<\/strong> &#8211; kde se zam\u011b\u0159ujeme na opravu akustick\u00fdch n\u00e1stroj\u016f (varhany, harmonia, harmoniky, piana,&#8230;).<\/p>\n<p>V sou\u010dasn\u00e9 dob\u011b d\u011bl\u00e1me varhany v Da\u0161ic\u00edch, Lovosic\u00edch, Doksy, &#8230;.<\/p>\n\n\t\t<\/div>\n\t<\/div>\n<div class=\"vc_empty_space\"   style=\"height: 40px\"><span class=\"vc_empty_space_inner\"><\/span><\/div><h1 style=\"text-align: left\" class=\"vc_custom_heading vc_custom_1601549896268\" >Budoucnost<\/h1>\n\t<div class=\"wpb_text_column wpb_content_element  v-text v-text_brown\" >\n\t\t<div class=\"wpb_wrapper\">\n\t\t\t<p>V budoucnosti se chceme soust\u0159edit na stavby s\u00e9riov\u00fdch p\u00ed\u0161\u0165alov\u00fdch n\u00e1stroj\u016f a tak\u00e9 restaurov\u00e1n\u00ed historick\u00fdch varhan.<\/p>\n\n\t\t<\/div>\n\t<\/div>\n<div class=\"vc_empty_space\"   style=\"height: 80px\"><span class=\"vc_empty_space_inner\"><\/span><\/div><\/div><\/div><\/div><\/div><div class=\"vc_row wpb_row vc_row-fluid v-box vc_custom_1587057093588 vc_row-has-fill\" ><div class=\"wpb_column vc_column_container vc_col-sm-12\"><div class=\"vc_column-inner vc_custom_1587057311138\"><div class=\"wpb_wrapper\"><h2 style=\"text-align: left\" class=\"vc_custom_heading text-md-center\" >Nap\u00ed\u0161te n\u00e1m<\/h2>\n<div class=\"wpcf7 no-js\" id=\"wpcf7-f95-o1\" lang=\"cs-CZ\" dir=\"ltr\" data-wpcf7-id=\"95\">\n<div class=\"screen-reader-response\"><p role=\"status\" aria-live=\"polite\" aria-atomic=\"true\"><\/p> <ul><\/ul><\/div>\n<form action=\"\/sk\/wp-json\/wp\/v2\/pages\/336#wpcf7-f95-o1\" method=\"post\" class=\"wpcf7-form init\" aria-label=\"Kontaktn\u00ed formul\u00e1\u0159\" novalidate=\"novalidate\" data-status=\"init\" data-trp-original-action=\"\/sk\/wp-json\/wp\/v2\/pages\/336#wpcf7-f95-o1\">\n<fieldset class=\"hidden-fields-container\"><input type=\"hidden\" name=\"_wpcf7\" value=\"95\" \/><input type=\"hidden\" name=\"_wpcf7_version\" value=\"6.1\" \/><input type=\"hidden\" name=\"_wpcf7_locale\" value=\"cs_CZ\" \/><input type=\"hidden\" name=\"_wpcf7_unit_tag\" value=\"wpcf7-f95-o1\" \/><input type=\"hidden\" name=\"_wpcf7_container_post\" value=\"0\" \/><input type=\"hidden\" name=\"_wpcf7_posted_data_hash\" value=\"\" \/><input type=\"hidden\" name=\"_wpcf7_recaptcha_response\" value=\"\" \/>\n<\/fieldset>\n<div class=\"row\">\n\t<div class=\"col-md-4\">\n\t\t<p><label>Meno a Priezvisko: *<\/label><span class=\"wpcf7-form-control-wrap\" data-name=\"jmeno\"><input size=\"40\" maxlength=\"400\" class=\"wpcf7-form-control wpcf7-text wpcf7-validates-as-required\" aria-required=\"true\" aria-invalid=\"false\" value=\"\" type=\"text\" name=\"jmeno\" \/><\/span>\n\t\t<\/p>\n\t<\/div>\n\t<div class=\"col-md-4\">\n\t\t<p><label>Email:*<\/label><span class=\"wpcf7-form-control-wrap\" data-name=\"email\"><input size=\"40\" maxlength=\"400\" class=\"wpcf7-form-control wpcf7-email wpcf7-validates-as-required wpcf7-text wpcf7-validates-as-email\" aria-required=\"true\" aria-invalid=\"false\" value=\"\" type=\"email\" name=\"email\" \/><\/span>\n\t\t<\/p>\n\t<\/div>\n\t<div class=\"col-md-4\">\n\t\t<p><label>Telef\u00f3n: *<\/label><span class=\"wpcf7-form-control-wrap\" data-name=\"telefon\"><input size=\"40\" maxlength=\"400\" class=\"wpcf7-form-control wpcf7-tel wpcf7-text wpcf7-validates-as-tel\" aria-invalid=\"false\" value=\"\" type=\"tel\" name=\"telefon\" \/><\/span>\n\t\t<\/p>\n\t<\/div>\n<\/div>\n<p><label>Pozn\u00e1mka: *<\/label><span class=\"wpcf7-form-control-wrap\" data-name=\"poznamka\"><textarea cols=\"40\" rows=\"10\" maxlength=\"2000\" class=\"wpcf7-form-control wpcf7-textarea wpcf7-validates-as-required\" aria-required=\"true\" aria-invalid=\"false\" name=\"poznamka\"><\/textarea><\/span>\n<\/p>\n<div class=\"mb-3\">\n\t<p>[anr_nocaptcha g-recaptcha-response]\n\t<\/p>\n<\/div>\n<div class=\"row\">\n\t<div class=\"col-md-7 v-form_info mb-4 mb-md-0\">\n\t\t<p>Odoslan\u00edm formul\u00e1ra s\u00fahlas\u00edte s ulo\u017een\u00edm va\u0161ich \u00fadajov na \u00fa\u010dely kontaktovanie predajcom.\n\t\t<\/p>\n\t<\/div>\n\t<div class=\"col-md-5 text-md-right\">\n\t\t<p><input class=\"wpcf7-form-control wpcf7-submit has-spinner v-btn_black\" type=\"submit\" value=\"Odosla\u0165\" \/>\n\t\t<\/p>\n\t<\/div>\n<\/div><div class=\"wpcf7-response-output\" aria-hidden=\"true\"><\/div>\n<input type=\"hidden\" name=\"trp-form-language\" value=\"sk\"\/><\/form>\n<\/div>\n<\/div><\/div><\/div><\/div><div class=\"vc_row wpb_row vc_row-fluid\" ><div class=\"wpb_column vc_column_container vc_col-sm-12\"><div class=\"vc_column-inner\"><div class=\"wpb_wrapper\"><div class=\"vc_empty_space\"   style=\"height: 80px\"><span class=\"vc_empty_space_inner\"><\/span><\/div><\/div><\/div><\/div><\/div>","protected":false},"excerpt":{"rendered":"Historie V roce 2011 vznikla na\u0161e firma v odv\u011btv\u00ed digit\u00e1ln\u00edch varhan a zpo\u010d\u00e1tku jsme se soust\u0159edili na pou\u017eit\u00e9 varhany kvalitn\u00edch v\u00fdrobc\u016f. Ji\u017e v roce 2012 jsme byli osloveni v\u00fdrobci Eminent a Content a po absolvov\u00e1n\u00ed n\u011bkolika \u0161kolen\u00ed a jedn\u00e1n\u00ed jsme [...]","protected":false},"author":2,"featured_media":0,"parent":0,"menu_order":0,"comment_status":"closed","ping_status":"closed","template":"","meta":{"_acf_changed":false,"footnotes":""},"class_list":["post-336","page","type-page","status-publish","hentry"],"acf":[],"_links":{"self":[{"href":"https:\/\/chci-varhany.cz\/sk\/wp-json\/wp\/v2\/pages\/336","targetHints":{"allow":["GET"]}}],"collection":[{"href":"https:\/\/chci-varhany.cz\/sk\/wp-json\/wp\/v2\/pages"}],"about":[{"href":"https:\/\/chci-varhany.cz\/sk\/wp-json\/wp\/v2\/types\/page"}],"author":[{"embeddable":true,"href":"https:\/\/chci-varhany.cz\/sk\/wp-json\/wp\/v2\/users\/2"}],"replies":[{"embeddable":true,"href":"https:\/\/chci-varhany.cz\/sk\/wp-json\/wp\/v2\/comments?post=336"}],"version-history":[{"count":41,"href":"https:\/\/chci-varhany.cz\/sk\/wp-json\/wp\/v2\/pages\/336\/revisions"}],"predecessor-version":[{"id":1699,"href":"https:\/\/chci-varhany.cz\/sk\/wp-json\/wp\/v2\/pages\/336\/revisions\/1699"}],"wp:attachment":[{"href":"https:\/\/chci-varhany.cz\/sk\/wp-json\/wp\/v2\/media?parent=336"}],"curies":[{"name":"wp","href":"https:\/\/api.w.org\/{rel}","templated":true}]}}