{"id":411,"date":"2020-05-22T17:53:53","date_gmt":"2020-05-22T17:53:53","guid":{"rendered":"https:\/\/chci-varhany.cz\/?page_id=411"},"modified":"2021-03-17T21:23:42","modified_gmt":"2021-03-17T21:23:42","slug":"nove-varhany","status":"publish","type":"page","link":"https:\/\/chci-varhany.cz\/sk\/nove-varhany\/","title":{"rendered":"Nov\u00e9 Organy"},"content":{"rendered":"<div class=\"vc_row wpb_row vc_row-fluid v-page_title vc_custom_1590222734823\" ><div class=\"wpb_column vc_column_container vc_col-sm-12\"><div class=\"vc_column-inner vc_custom_1587054637494\"><div class=\"wpb_wrapper\"><h1 style=\"color: #202020;text-align: center\" class=\"vc_custom_heading v-h1\" >Nov\u00e9 Organy<\/h1><\/div><\/div><\/div><\/div><div class=\"vc_row wpb_row vc_row-fluid new_varhany_row\" ><div class=\"wpb_column vc_column_container vc_col-sm-12\"><div class=\"vc_column-inner\"><div class=\"wpb_wrapper\">\n\t<div  class=\"wpb_single_image wpb_content_element vc_align_left   v-category_logo\">\n\t\t\n\t\t<figure class=\"wpb_wrapper vc_figure\">\n\t\t\t<div class=\"vc_single_image-wrapper   vc_box_border_grey\"><img loading=\"lazy\" decoding=\"async\" width=\"543\" height=\"207\" src=\"https:\/\/chci-varhany.cz\/wp-content\/uploads\/2021\/01\/V\u00fdst\u0159i\u017eek.png\" class=\"vc_single_image-img attachment-full\" alt=\"\" srcset=\"https:\/\/chci-varhany.cz\/wp-content\/uploads\/2021\/01\/V\u00fdst\u0159i\u017eek.png 543w, https:\/\/chci-varhany.cz\/wp-content\/uploads\/2021\/01\/V\u00fdst\u0159i\u017eek-300x114.png 300w\" sizes=\"auto, (max-width: 543px) 100vw, 543px\" \/><\/div>\n\t\t<\/figure>\n\t<\/div>\n<div class=\"vc_empty_space\"   style=\"height: 20px\"><span class=\"vc_empty_space_inner\"><\/span><\/div>\n\t<div class=\"wpb_text_column wpb_content_element  v-text_big\" >\n\t\t<div class=\"wpb_wrapper\">\n\t\t\t<p><strong>Eminent V\u00e1m nab\u00edz\u00ed kvalitn\u00ed n\u00e1stroje pro \u0161irok\u00e9 pou\u017eit\u00ed<\/strong><\/p>\n\n\t\t<\/div>\n\t<\/div>\n\n\t<div class=\"wpb_text_column wpb_content_element\" >\n\t\t<div class=\"wpb_wrapper\">\n\t\t\t<p>Firma Eminent je nejkvalitn\u011bj\u0161\u00ed evropsk\u00fd v\u00fdrobce varhan, kter\u00fd si zakl\u00e1d\u00e1 na vysok\u00e9 kvalit\u011b proveden\u00ed varhan. P\u0159ednost\u00ed jsou zejm\u00e9na digit\u00e1ln\u00ed zvuky, kter\u00e9 jsou na vy\u0161\u0161\u00ed \u00farovni oproti stejn\u00fdm typ\u016fm varhan od konkuren\u010dn\u00edch\u00a0fi\u00adrem.<\/p>\n\n\t\t<\/div>\n\t<\/div>\n<div class=\"vc_empty_space\"   style=\"height: 30px\"><span class=\"vc_empty_space_inner\"><\/span><\/div><\/div><\/div><\/div><\/div><div class=\"vc_row wpb_row vc_row-fluid new_varhany_row\" ><div class=\"wpb_column vc_column_container vc_col-sm-12\"><div class=\"vc_column-inner\"><div class=\"wpb_wrapper\">\n\t<div  class=\"wpb_single_image wpb_content_element vc_align_left   v-category_logo\">\n\t\t\n\t\t<figure class=\"wpb_wrapper vc_figure\">\n\t\t\t<div class=\"vc_single_image-wrapper   vc_box_border_grey\"><img loading=\"lazy\" decoding=\"async\" width=\"600\" height=\"134\" src=\"https:\/\/chci-varhany.cz\/wp-content\/uploads\/2020\/05\/johanuslogo.png\" class=\"vc_single_image-img attachment-full\" alt=\"\" srcset=\"https:\/\/chci-varhany.cz\/wp-content\/uploads\/2020\/05\/johanuslogo.png 600w, https:\/\/chci-varhany.cz\/wp-content\/uploads\/2020\/05\/johanuslogo-300x67.png 300w\" sizes=\"auto, (max-width: 600px) 100vw, 600px\" \/><\/div>\n\t\t<\/figure>\n\t<\/div>\n<div class=\"vc_empty_space\"   style=\"height: 20px\"><span class=\"vc_empty_space_inner\"><\/span><\/div>\n\t<div class=\"wpb_text_column wpb_content_element  v-text_big\" >\n\t\t<div class=\"wpb_wrapper\">\n\t\t\t<p><strong>Johannus pat\u0159\u00ed mezi nejv\u011bt\u0161\u00ed v\u00fdrobce digit\u00e1ln\u00edch varhan na sv\u011bt\u011b s dlouholetou tradic\u00ed.\u00a0<\/strong><\/p>\n\n\t\t<\/div>\n\t<\/div>\n\n\t<div class=\"wpb_text_column wpb_content_element\" >\n\t\t<div class=\"wpb_wrapper\">\n\t\t\t<p>Vyberte si z jedine\u010dn\u00fdch model\u016f digit\u00e1ln\u00edch varhan zast\u0159e\u0161en\u00fdch zna\u010dkou Johannus. A\u0165 ji\u017e pot\u0159ebujete nahr\u00e1vat studiov\u00e9 skladby, varhany pro dom\u00e1c\u00ed cvi\u010den\u00ed, profesion\u00e1ln\u00ed n\u00e1stroj pro v\u00e1\u0161 kostel nebo dechberouc\u00ed z\u00e1\u017eitek z koncertn\u00ed varhann\u00ed hudby &#8211; to v\u0161e v\u00e1m nab\u00edz\u00ed Johannus<\/p>\n\n\t\t<\/div>\n\t<\/div>\n<div class=\"vc_empty_space\"   style=\"height: 30px\"><span class=\"vc_empty_space_inner\"><\/span><\/div><\/div><\/div><\/div><\/div><div class=\"vc_row wpb_row vc_row-fluid new_varhany_row\" ><div class=\"wpb_column vc_column_container vc_col-sm-12\"><div class=\"vc_column-inner\"><div class=\"wpb_wrapper\">\n\t<div  class=\"wpb_single_image wpb_content_element vc_align_left   v-category_logo\">\n\t\t\n\t\t<figure class=\"wpb_wrapper vc_figure\">\n\t\t\t<div class=\"vc_single_image-wrapper   vc_box_border_grey\"><img loading=\"lazy\" decoding=\"async\" width=\"333\" height=\"89\" src=\"https:\/\/chci-varhany.cz\/wp-content\/uploads\/2021\/03\/logo-40-e1615450612959.png\" class=\"vc_single_image-img attachment-full\" alt=\"\" \/><\/div>\n\t\t<\/figure>\n\t<\/div>\n<div class=\"vc_empty_space\"   style=\"height: 20px\"><span class=\"vc_empty_space_inner\"><\/span><\/div>\n\t<div class=\"wpb_text_column wpb_content_element  v-text_big\" >\n\t\t<div class=\"wpb_wrapper\">\n\t\t\t<p><strong>Firma Content pat\u0159\u00ed mezi mlad\u0161\u00ed ale vysoce kvalitn\u00ed v\u00fdrobce digit\u00e1ln\u00edch varhan na sv\u011bt\u011b s v\u00edce ne\u017e 40ti letou histori\u00ed.\u00a0<\/strong><\/p>\n\n\t\t<\/div>\n\t<\/div>\n\n\t<div class=\"wpb_text_column wpb_content_element\" >\n\t\t<div class=\"wpb_wrapper\">\n\t\t\t<p>Vyberte si nadstandardn\u00ed n\u00e1stroje designov\u011b vyroben\u00e9 z masivn\u00edho dubu a zvuk varhan, kter\u00fd se odli\u0161uje od konkurence V\u00e1m varhany nezev\u0161edn\u00ed. Content to jsou spolehliv\u00e9 a kvalitn\u00ed varhany pro v\u0161echny Va\u0161e pot\u0159eby.<\/p>\n<p>&nbsp;<\/p>\n\n\t\t<\/div>\n\t<\/div>\n<div class=\"vc_empty_space\"   style=\"height: 30px\"><span class=\"vc_empty_space_inner\"><\/span><\/div><\/div><\/div><\/div><\/div><div class=\"vc_row wpb_row vc_row-fluid new_varhany_row\" ><div class=\"wpb_column vc_column_container vc_col-sm-12\"><div class=\"vc_column-inner\"><div class=\"wpb_wrapper\">\n\t<div  class=\"wpb_single_image wpb_content_element vc_align_left   v-category_logo\">\n\t\t\n\t\t<figure class=\"wpb_wrapper vc_figure\">\n\t\t\t<div class=\"vc_single_image-wrapper   vc_box_border_grey\"><img loading=\"lazy\" decoding=\"async\" width=\"197\" height=\"37\" src=\"https:\/\/chci-varhany.cz\/wp-content\/uploads\/2021\/03\/viscount_res.png\" class=\"vc_single_image-img attachment-full\" alt=\"\" srcset=\"https:\/\/chci-varhany.cz\/wp-content\/uploads\/2021\/03\/viscount_res.png 197w, https:\/\/chci-varhany.cz\/wp-content\/uploads\/2021\/03\/viscount_res-16x3.png 16w\" sizes=\"auto, (max-width: 197px) 100vw, 197px\" \/><\/div>\n\t\t<\/figure>\n\t<\/div>\n<div class=\"vc_empty_space\"   style=\"height: 20px\"><span class=\"vc_empty_space_inner\"><\/span><\/div>\n\t<div class=\"wpb_text_column wpb_content_element  v-text_big\" >\n\t\t<div class=\"wpb_wrapper\">\n\t\t\t<p>Varhany Viscout jsou tradi\u010dn\u00ed varhany od tradi\u010dn\u00edho v\u00fdrobce<\/p>\n\n\t\t<\/div>\n\t<\/div>\n\n\t<div class=\"wpb_text_column wpb_content_element\" >\n\t\t<div class=\"wpb_wrapper\">\n\t\t\t<p>Vyu\u017eijte \u0161irok\u00e9 nab\u00eddky v\u00fdrobce Viscout a ocen\u00edte p\u0159ednost tradice v\u00fdroby. \u0160irok\u00e9 mo\u017enosti pou\u017eit\u00ed d\u011blaj\u00ed z varhan Viscout v\u0161estrannou zna\u010dku, kter\u00e1 si najde sv\u00e9 m\u00edsto u V\u00e1s.<\/p>\n\n\t\t<\/div>\n\t<\/div>\n<div class=\"vc_empty_space\"   style=\"height: 30px\"><span class=\"vc_empty_space_inner\"><\/span><\/div><\/div><\/div><\/div><\/div><div data-vc-full-width=\"true\" data-vc-full-width-init=\"false\" class=\"vc_row wpb_row vc_row-fluid v-ebook vc_custom_1590561692973 vc_row-has-fill vc_row-o-content-middle vc_row-flex\" ><div class=\"wpb_column vc_column_container vc_col-sm-5 vc_col-lg-5 vc_col-md-5 vc_col-xs-12\"><div class=\"vc_column-inner vc_custom_1587218572123\"><div class=\"wpb_wrapper\"><div style=\"color: #ffffff;text-align: left\" class=\"vc_custom_heading v-ebook_title vc_custom_1587063031557\" >Z\u00cdSKAJTE E-BOOKY ZADARMO<\/div><\/div><\/div><\/div><div class=\"wpb_column vc_column_container vc_col-sm-7 vc_col-lg-7 vc_col-md-7 vc_col-xs-12\"><div class=\"vc_column-inner vc_custom_1587218561933\"><div class=\"wpb_wrapper\"><p class=\"wpcf7-contact-form-not-found\"><strong>Chyba:<\/strong> Kontaktn\u00fd formul\u00e1r nebol n\u00e1jden\u00fd.<\/p><\/div><\/div><\/div><\/div><div class=\"vc_row-full-width vc_clearfix\"><\/div>","protected":false},"excerpt":{"rendered":"Nov\u00e9 varhany Eminent V\u00e1m nab\u00edz\u00ed kvalitn\u00ed n\u00e1stroje pro \u0161irok\u00e9 pou\u017eit\u00ed Firma Eminent je nejkvalitn\u011bj\u0161\u00ed evropsk\u00fd v\u00fdrobce varhan, kter\u00fd si zakl\u00e1d\u00e1 na vysok\u00e9 kvalit\u011b proveden\u00ed varhan. P\u0159ednost\u00ed jsou zejm\u00e9na digit\u00e1ln\u00ed zvuky, kter\u00e9 jsou na vy\u0161\u0161\u00ed \u00farovni oproti stejn\u00fdm typ\u016fm varhan od [...]","protected":false},"author":2,"featured_media":0,"parent":0,"menu_order":0,"comment_status":"closed","ping_status":"closed","template":"","meta":{"_acf_changed":false,"footnotes":""},"class_list":["post-411","page","type-page","status-publish","hentry"],"acf":[],"_links":{"self":[{"href":"https:\/\/chci-varhany.cz\/sk\/wp-json\/wp\/v2\/pages\/411","targetHints":{"allow":["GET"]}}],"collection":[{"href":"https:\/\/chci-varhany.cz\/sk\/wp-json\/wp\/v2\/pages"}],"about":[{"href":"https:\/\/chci-varhany.cz\/sk\/wp-json\/wp\/v2\/types\/page"}],"author":[{"embeddable":true,"href":"https:\/\/chci-varhany.cz\/sk\/wp-json\/wp\/v2\/users\/2"}],"replies":[{"embeddable":true,"href":"https:\/\/chci-varhany.cz\/sk\/wp-json\/wp\/v2\/comments?post=411"}],"version-history":[{"count":28,"href":"https:\/\/chci-varhany.cz\/sk\/wp-json\/wp\/v2\/pages\/411\/revisions"}],"predecessor-version":[{"id":1702,"href":"https:\/\/chci-varhany.cz\/sk\/wp-json\/wp\/v2\/pages\/411\/revisions\/1702"}],"wp:attachment":[{"href":"https:\/\/chci-varhany.cz\/sk\/wp-json\/wp\/v2\/media?parent=411"}],"curies":[{"name":"wp","href":"https:\/\/api.w.org\/{rel}","templated":true}]}}