{"id":544,"date":"2020-07-11T04:40:11","date_gmt":"2020-07-11T04:40:11","guid":{"rendered":"https:\/\/chci-varhany.cz\/?page_id=544"},"modified":"2021-03-29T20:16:17","modified_gmt":"2021-03-29T20:16:17","slug":"dalsi-sluzby","status":"publish","type":"page","link":"https:\/\/chci-varhany.cz\/sk\/dalsi-sluzby\/","title":{"rendered":"Dal\u0161ie slu\u017eby"},"content":{"rendered":"<div class=\"vc_row wpb_row vc_row-fluid\" ><div class=\"wpb_column vc_column_container vc_col-sm-12\"><div class=\"vc_column-inner\"><div class=\"wpb_wrapper\"><h1 style=\"color: #202020;text-align: left\" class=\"vc_custom_heading vc_custom_1617047685225\" >V\u00fdm\u011bny n\u00e1stroj\u016f<\/h1>\n\t<div class=\"wpb_text_column wpb_content_element  v-text_big v-text v-text_brown\" >\n\t\t<div class=\"wpb_wrapper\">\n\t\t\t<p><strong>Doslou\u017eil V\u00e1\u0161 n\u00e1stroj nebo zvukov\u011b hled\u00e1te n\u011bco vhodn\u011bj\u0161\u00edho?<\/strong><\/p>\n\n\t\t<\/div>\n\t<\/div>\n\n\t<div class=\"wpb_text_column wpb_content_element  v-text v-text_brown\" >\n\t\t<div class=\"wpb_wrapper\">\n\t\t\t<p>Chce to zm\u011bnu! Pokud je V\u00e1\u0161 n\u00e1stroj star\u00fd a nespolehliv\u00fd nebo prost\u011b chcete zvukovou zm\u011bnu toto je ta spr\u00e1vn\u00e1 cesta pro V\u00e1s. P\u0159i v\u00fdkupu star\u00e9ho n\u00e1stroje a obdr\u017e\u00edte bonus na zakoupen\u00ed jin\u00e9ho n\u00e1stroje z aktu\u00e1ln\u00ed nab\u00eddky.<\/p>\n\n\t\t<\/div>\n\t<\/div>\n<div class=\"vc_separator wpb_content_element vc_separator_align_center vc_sep_width_100 vc_sep_pos_align_center vc_separator_no_text\" ><span class=\"vc_sep_holder vc_sep_holder_l\"><span  style=\"border-color:#d6cfc7;\" class=\"vc_sep_line\"><\/span><\/span><span class=\"vc_sep_holder vc_sep_holder_r\"><span  style=\"border-color:#d6cfc7;\" class=\"vc_sep_line\"><\/span><\/span>\n<\/div><\/div><\/div><\/div><\/div><div class=\"vc_row wpb_row vc_row-fluid\" ><div class=\"wpb_column vc_column_container vc_col-sm-12\"><div class=\"vc_column-inner\"><div class=\"wpb_wrapper\"><h1 style=\"color: #202020;text-align: left\" class=\"vc_custom_heading vc_custom_1616019501105\" >Servis hudebn\u00edch n\u00e1stroj\u016f<\/h1>\n\t<div class=\"wpb_text_column wpb_content_element  v-text_big v-text v-text_brown\" >\n\t\t<div class=\"wpb_wrapper\">\n\t\t\t<p><strong>Sv\u011b\u0159te sv\u016fj n\u00e1stroj profesion\u00e1l\u016fm.<\/strong><\/p>\n\n\t\t<\/div>\n\t<\/div>\n\n\t<div class=\"wpb_text_column wpb_content_element  v-text v-text_brown\" >\n\t\t<div class=\"wpb_wrapper\">\n\t\t\t<p>Dobrou firmu pozn\u00e1te podle servisu, proto m\u00e1me autorizace u firem Johannus, Eminent,&#8230;. a jsme aktivn\u011b zapojeni do povinn\u00e9ho vzd\u011bl\u00e1v\u00e1n\u00ed a vybaven\u00ed. B\u011bhem p\u0159edchoz\u00edch let jsme investovali do vybaven\u00ed i do vzd\u011bl\u00e1n\u00ed technik\u016f. Skladem m\u00e1me velk\u00e9 mno\u017estv\u00ed d\u00edl\u016f od klaviatur po kontakty a n\u00e1hradn\u00ed desky. Opravujeme varhany zna\u010dek: Johannus, Eminent, Content, Viscount, Ahlborn, Rieger-Kloss, Gloria, Hoffrichter a dal\u0161\u00ed<\/p>\n\n\t\t<\/div>\n\t<\/div>\n<div class=\"vc_separator wpb_content_element vc_separator_align_center vc_sep_width_100 vc_sep_pos_align_center vc_separator_no_text\" ><span class=\"vc_sep_holder vc_sep_holder_l\"><span  style=\"border-color:#d6cfc7;\" class=\"vc_sep_line\"><\/span><\/span><span class=\"vc_sep_holder vc_sep_holder_r\"><span  style=\"border-color:#d6cfc7;\" class=\"vc_sep_line\"><\/span><\/span>\n<\/div><\/div><\/div><\/div><\/div><div class=\"vc_row wpb_row vc_row-fluid\" ><div class=\"wpb_column vc_column_container vc_col-sm-12\"><div class=\"vc_column-inner\"><div class=\"wpb_wrapper\"><h1 style=\"color: #202020;text-align: left\" class=\"vc_custom_heading vc_custom_1616019275949\" >St\u011bhov\u00e1n\u00ed hudebn\u00edch n\u00e1stroj\u016f<\/h1>\n\t<div class=\"wpb_text_column wpb_content_element  v-text_big v-text v-text_brown\" >\n\t\t<div class=\"wpb_wrapper\">\n\t\t\t<p><strong>St\u011bhujete se? Pot\u0159ebujete n\u00e1stroj instalovat na koncert? M\u00e1me mnohalet\u00e9 zku\u0161enosti.<\/strong><\/p>\n\n\t\t<\/div>\n\t<\/div>\n\n\t<div class=\"wpb_text_column wpb_content_element  v-text v-text_brown\" >\n\t\t<div class=\"wpb_wrapper\">\n\t\t\t<p>Varhany, spinet, piano, klav\u00edr, \u010dembalo,&#8230; tak to jsou jen n\u011bkter\u00e9 z m\u00e1la n\u00e1stroj\u016f, kter\u00e9 st\u011bhujeme. P\u0159ekon\u00e1me i velmi slo\u017eit\u00e9 instalace na k\u016fry st\u011bhov\u00e1n\u00ed do pater i st\u011bhov\u00e1n\u00ed okny apod. Neriskujte zni\u010den\u00ed n\u00e1stroje a sv\u011b\u0159te ho odborn\u00edk\u016fm!<\/p>\n\n\t\t<\/div>\n\t<\/div>\n<div class=\"vc_separator wpb_content_element vc_separator_align_center vc_sep_width_100 vc_sep_pos_align_center vc_separator_no_text\" ><span class=\"vc_sep_holder vc_sep_holder_l\"><span  style=\"border-color:#d6cfc7;\" class=\"vc_sep_line\"><\/span><\/span><span class=\"vc_sep_holder vc_sep_holder_r\"><span  style=\"border-color:#d6cfc7;\" class=\"vc_sep_line\"><\/span><\/span>\n<\/div><\/div><\/div><\/div><\/div><div class=\"vc_row wpb_row vc_row-fluid\" ><div class=\"wpb_column vc_column_container vc_col-sm-12\"><div class=\"vc_column-inner\"><div class=\"wpb_wrapper\"><h1 style=\"color: #202020;text-align: left\" class=\"vc_custom_heading vc_custom_1616019709195\" >Posudky a oce\u0148ov\u00e1n\u00ed hudebn\u00edch n\u00e1stroj\u016f<\/h1>\n\t<div class=\"wpb_text_column wpb_content_element  v-text_big v-text v-text_brown\" >\n\t\t<div class=\"wpb_wrapper\">\n\t\t\t<p>Chcete v\u011bd\u011bt jakou hodnotu m\u00e1 V\u00e1\u0161 n\u00e1stroj? Obra\u0165te se na n\u00e1s!<\/p>\n\n\t\t<\/div>\n\t<\/div>\n\n\t<div class=\"wpb_text_column wpb_content_element  v-text v-text_brown\" >\n\t\t<div class=\"wpb_wrapper\">\n\t\t\t<p>Chcete se p\u0159esv\u011bd\u010dit zda-li V\u00e1\u0161 n\u00e1stroj m\u00e1 spr\u00e1vn\u00e9 st\u00e1\u0159\u00ed \u010di hodnotu. Jeliko\u017e jsme autorizovan\u00ed u v\u00fdrobc\u016f, tak jsme schopni prov\u011b\u0159it st\u00e1\u0159\u00ed i p\u016fvod. Vypracov\u00e1n\u00ed odborn\u00fdch posudk\u016f je provedeno technikem, kter\u00fd m\u00e1 mnoholet\u00e9 zku\u0161enosti a celoevropsk\u00fd rozhled.<\/p>\n<ul>\n<li>Vyhotovujeme odborn\u00e9 posudky<\/li>\n<li>Vyhotovujeme soudn\u00ed znaleck\u00e9 posudky<\/li>\n<\/ul>\n\n\t\t<\/div>\n\t<\/div>\n<div class=\"vc_separator wpb_content_element vc_separator_align_center vc_sep_width_100 vc_sep_pos_align_center vc_separator_no_text\" ><span class=\"vc_sep_holder vc_sep_holder_l\"><span  style=\"border-color:#d6cfc7;\" class=\"vc_sep_line\"><\/span><\/span><span class=\"vc_sep_holder vc_sep_holder_r\"><span  style=\"border-color:#d6cfc7;\" class=\"vc_sep_line\"><\/span><\/span>\n<\/div><\/div><\/div><\/div><\/div><div class=\"vc_row wpb_row vc_row-fluid v-box vc_custom_1587057093588 vc_row-has-fill\" ><div class=\"wpb_column vc_column_container vc_col-sm-12\"><div class=\"vc_column-inner vc_custom_1587057311138\"><div class=\"wpb_wrapper\"><h2 style=\"text-align: left\" class=\"vc_custom_heading text-md-center\" >Nap\u00ed\u0161te n\u00e1m<\/h2><div class=\"vc_empty_space\"   style=\"height: 40px\"><span class=\"vc_empty_space_inner\"><\/span><\/div>\n<div class=\"wpcf7 no-js\" id=\"wpcf7-f95-o1\" lang=\"cs-CZ\" dir=\"ltr\" data-wpcf7-id=\"95\">\n<div class=\"screen-reader-response\"><p role=\"status\" aria-live=\"polite\" aria-atomic=\"true\"><\/p> <ul><\/ul><\/div>\n<form action=\"\/sk\/wp-json\/wp\/v2\/pages\/544#wpcf7-f95-o1\" method=\"post\" class=\"wpcf7-form init\" aria-label=\"Kontaktn\u00ed formul\u00e1\u0159\" novalidate=\"novalidate\" data-status=\"init\" data-trp-original-action=\"\/sk\/wp-json\/wp\/v2\/pages\/544#wpcf7-f95-o1\">\n<fieldset class=\"hidden-fields-container\"><input type=\"hidden\" name=\"_wpcf7\" value=\"95\" \/><input type=\"hidden\" name=\"_wpcf7_version\" value=\"6.1\" \/><input type=\"hidden\" name=\"_wpcf7_locale\" value=\"cs_CZ\" \/><input type=\"hidden\" name=\"_wpcf7_unit_tag\" value=\"wpcf7-f95-o1\" \/><input type=\"hidden\" name=\"_wpcf7_container_post\" value=\"0\" \/><input type=\"hidden\" name=\"_wpcf7_posted_data_hash\" value=\"\" \/><input type=\"hidden\" name=\"_wpcf7_recaptcha_response\" value=\"\" \/>\n<\/fieldset>\n<div class=\"row\">\n\t<div class=\"col-md-4\">\n\t\t<p><label>Meno a Priezvisko: *<\/label><span class=\"wpcf7-form-control-wrap\" data-name=\"jmeno\"><input size=\"40\" maxlength=\"400\" class=\"wpcf7-form-control wpcf7-text wpcf7-validates-as-required\" aria-required=\"true\" aria-invalid=\"false\" value=\"\" type=\"text\" name=\"jmeno\" \/><\/span>\n\t\t<\/p>\n\t<\/div>\n\t<div class=\"col-md-4\">\n\t\t<p><label>Email:*<\/label><span class=\"wpcf7-form-control-wrap\" data-name=\"email\"><input size=\"40\" maxlength=\"400\" class=\"wpcf7-form-control wpcf7-email wpcf7-validates-as-required wpcf7-text wpcf7-validates-as-email\" aria-required=\"true\" aria-invalid=\"false\" value=\"\" type=\"email\" name=\"email\" \/><\/span>\n\t\t<\/p>\n\t<\/div>\n\t<div class=\"col-md-4\">\n\t\t<p><label>Telef\u00f3n: *<\/label><span class=\"wpcf7-form-control-wrap\" data-name=\"telefon\"><input size=\"40\" maxlength=\"400\" class=\"wpcf7-form-control wpcf7-tel wpcf7-text wpcf7-validates-as-tel\" aria-invalid=\"false\" value=\"\" type=\"tel\" name=\"telefon\" \/><\/span>\n\t\t<\/p>\n\t<\/div>\n<\/div>\n<p><label>Pozn\u00e1mka: *<\/label><span class=\"wpcf7-form-control-wrap\" data-name=\"poznamka\"><textarea cols=\"40\" rows=\"10\" maxlength=\"2000\" class=\"wpcf7-form-control wpcf7-textarea wpcf7-validates-as-required\" aria-required=\"true\" aria-invalid=\"false\" name=\"poznamka\"><\/textarea><\/span>\n<\/p>\n<div class=\"mb-3\">\n\t<p>[anr_nocaptcha g-recaptcha-response]\n\t<\/p>\n<\/div>\n<div class=\"row\">\n\t<div class=\"col-md-7 v-form_info mb-4 mb-md-0\">\n\t\t<p>Odoslan\u00edm formul\u00e1ra s\u00fahlas\u00edte s ulo\u017een\u00edm va\u0161ich \u00fadajov na \u00fa\u010dely kontaktovanie predajcom.\n\t\t<\/p>\n\t<\/div>\n\t<div class=\"col-md-5 text-md-right\">\n\t\t<p><input class=\"wpcf7-form-control wpcf7-submit has-spinner v-btn_black\" type=\"submit\" value=\"Odosla\u0165\" \/>\n\t\t<\/p>\n\t<\/div>\n<\/div><div class=\"wpcf7-response-output\" aria-hidden=\"true\"><\/div>\n<input type=\"hidden\" name=\"trp-form-language\" value=\"sk\"\/><\/form>\n<\/div>\n<\/div><\/div><\/div><\/div><div class=\"vc_row wpb_row vc_row-fluid\" ><div class=\"wpb_column vc_column_container vc_col-sm-12\"><div class=\"vc_column-inner\"><div class=\"wpb_wrapper\"><div class=\"vc_empty_space\"   style=\"height: 80px\"><span class=\"vc_empty_space_inner\"><\/span><\/div><\/div><\/div><\/div><\/div>","protected":false},"excerpt":{"rendered":"V\u00fdm\u011bny n\u00e1stroj\u016f Doslou\u017eil V\u00e1\u0161 n\u00e1stroj nebo zvukov\u011b hled\u00e1te n\u011bco vhodn\u011bj\u0161\u00edho? Chce to zm\u011bnu! Pokud je V\u00e1\u0161 n\u00e1stroj star\u00fd a nespolehliv\u00fd nebo prost\u011b chcete zvukovou zm\u011bnu toto je ta spr\u00e1vn\u00e1 cesta pro V\u00e1s. P\u0159i v\u00fdkupu star\u00e9ho n\u00e1stroje a obdr\u017e\u00edte bonus na [...]","protected":false},"author":2,"featured_media":0,"parent":0,"menu_order":0,"comment_status":"closed","ping_status":"closed","template":"","meta":{"_acf_changed":false,"footnotes":""},"class_list":["post-544","page","type-page","status-publish","hentry"],"acf":[],"_links":{"self":[{"href":"https:\/\/chci-varhany.cz\/sk\/wp-json\/wp\/v2\/pages\/544","targetHints":{"allow":["GET"]}}],"collection":[{"href":"https:\/\/chci-varhany.cz\/sk\/wp-json\/wp\/v2\/pages"}],"about":[{"href":"https:\/\/chci-varhany.cz\/sk\/wp-json\/wp\/v2\/types\/page"}],"author":[{"embeddable":true,"href":"https:\/\/chci-varhany.cz\/sk\/wp-json\/wp\/v2\/users\/2"}],"replies":[{"embeddable":true,"href":"https:\/\/chci-varhany.cz\/sk\/wp-json\/wp\/v2\/comments?post=544"}],"version-history":[{"count":11,"href":"https:\/\/chci-varhany.cz\/sk\/wp-json\/wp\/v2\/pages\/544\/revisions"}],"predecessor-version":[{"id":2159,"href":"https:\/\/chci-varhany.cz\/sk\/wp-json\/wp\/v2\/pages\/544\/revisions\/2159"}],"wp:attachment":[{"href":"https:\/\/chci-varhany.cz\/sk\/wp-json\/wp\/v2\/media?parent=544"}],"curies":[{"name":"wp","href":"https:\/\/api.w.org\/{rel}","templated":true}]}}