{"id":549,"date":"2020-07-11T06:42:33","date_gmt":"2020-07-11T06:42:33","guid":{"rendered":"https:\/\/chci-varhany.cz\/?page_id=549"},"modified":"2021-03-28T19:57:22","modified_gmt":"2021-03-28T19:57:22","slug":"servis-varhan","status":"publish","type":"page","link":"https:\/\/chci-varhany.cz\/sk\/servis-varhan\/","title":{"rendered":"Servis org\u00e1nov"},"content":{"rendered":"<div class=\"vc_row wpb_row vc_row-fluid\" ><div class=\"wpb_column vc_column_container vc_col-sm-12\"><div class=\"vc_column-inner\"><div class=\"wpb_wrapper\"><h1 style=\"color: #202020;text-align: left\" class=\"vc_custom_heading vc_custom_1616845343447\" >Servis digit\u00e1ln\u00edch n\u00e1stroj\u016f<\/h1>\n\t<div class=\"wpb_text_column wpb_content_element  v-text_big v-text v-text_brown\" >\n\t\t<div class=\"wpb_wrapper\">\n\t\t\t<p><b>Origin\u00e1ln\u00ed n\u00e1hradn\u00ed d\u00edly skladem a specializovan\u00e9 technick\u00e9 vybaven\u00ed. P\u0159ijedeme k V\u00e1m ud\u011bl\u00e1me diagnostiku, oprav\u00edme nebo navrhneme jin\u00e9 \u0159e\u0161en\u00ed.<\/b><\/p>\n\n\t\t<\/div>\n\t<\/div>\n\n\t<div class=\"wpb_text_column wpb_content_element  v-text v-text_brown\" >\n\t\t<div class=\"wpb_wrapper\">\n\t\t\t<h1 class=\"vc_custom_heading vc_custom_1616019501105\"><strong style=\"font-size: 16px;\">Sv\u011b\u0159te sv\u016fj n\u00e1stroj profesion\u00e1l\u016fm.<\/strong><\/h1>\n<div class=\"wpb_text_column wpb_content_element v-text v-text_brown\">\n<div class=\"wpb_wrapper\">\n<p>Dobrou firmu pozn\u00e1te podle servisu, proto m\u00e1me autorizace u firem Johannus, Eminent, Content,\u2026. a jsme aktivn\u011b zapojeni do povinn\u00e9ho vzd\u011bl\u00e1v\u00e1n\u00ed a vybaven\u00ed. B\u011bhem p\u0159edchoz\u00edch let jsme investovali do vybaven\u00ed i do vzd\u011bl\u00e1n\u00ed technik\u016f. Skladem m\u00e1me velk\u00e9 mno\u017estv\u00ed d\u00edl\u016f od klaviatur po kontakty a n\u00e1hradn\u00ed desky. Opravujeme varhany zna\u010dek: <strong>Johannus, Eminent, Content, Viscount, Ahlborn, Gloria, Hofrichter<\/strong> <strong>a dal\u0161\u00ed<\/strong><\/p>\n<\/div>\n<\/div>\n\n\t\t<\/div>\n\t<\/div>\n\n\t<div class=\"wpb_text_column wpb_content_element  v-text v-text_brown\" >\n\t\t<div class=\"wpb_wrapper\">\n\t\t\t<p>Prov\u00e1d\u00edme opravy modern\u00edch digit\u00e1ln\u00edch n\u00e1stroj\u016f ale i vyslou\u017eil\u00fdch analogov\u00fdch n\u00e1stroj\u016f. Realizujeme nejen opravy elektroniky ale i mechanick\u00e9 opravy ped\u00e1lnic, opravy lavic, lakov\u00e1n\u00ed, v\u00fdroby nov\u00fdch d\u00edlc\u016f,&#8230;<\/p>\n<p><img loading=\"lazy\" decoding=\"async\" class=\"alignnone size-medium wp-image-2130\" src=\"https:\/\/chci-varhany.cz\/wp-content\/uploads\/2021\/03\/IMG_8530-\u2013-web-300x200.jpg\" alt=\"\" width=\"300\" height=\"200\" srcset=\"https:\/\/chci-varhany.cz\/wp-content\/uploads\/2021\/03\/IMG_8530-\u2013-web-300x200.jpg 300w, https:\/\/chci-varhany.cz\/wp-content\/uploads\/2021\/03\/IMG_8530-\u2013-web-768x512.jpg 768w, https:\/\/chci-varhany.cz\/wp-content\/uploads\/2021\/03\/IMG_8530-\u2013-web-16x12.jpg 16w, https:\/\/chci-varhany.cz\/wp-content\/uploads\/2021\/03\/IMG_8530-\u2013-web-600x400.jpg 600w, https:\/\/chci-varhany.cz\/wp-content\/uploads\/2021\/03\/IMG_8530-\u2013-web.jpg 1000w\" sizes=\"auto, (max-width: 300px) 100vw, 300px\" \/><\/p>\n\n\t\t<\/div>\n\t<\/div>\n<div class=\"vc_separator wpb_content_element vc_separator_align_center vc_sep_width_100 vc_sep_pos_align_center vc_separator_no_text\" ><span class=\"vc_sep_holder vc_sep_holder_l\"><span  style=\"border-color:#d6cfc7;\" class=\"vc_sep_line\"><\/span><\/span><span class=\"vc_sep_holder vc_sep_holder_r\"><span  style=\"border-color:#d6cfc7;\" class=\"vc_sep_line\"><\/span><\/span>\n<\/div><\/div><\/div><\/div><\/div><div class=\"vc_row wpb_row vc_row-fluid\" ><div class=\"wpb_column vc_column_container vc_col-sm-12\"><div class=\"vc_column-inner\"><div class=\"wpb_wrapper\"><h1 style=\"color: #202020;text-align: left\" class=\"vc_custom_heading vc_custom_1616847970211\" >Servis a lad\u011bn\u00ed p\u00ed\u0161\u0165alov\u00fdch varhan<\/h1>\n\t<div class=\"wpb_text_column wpb_content_element  v-text_big v-text v-text_brown\" >\n\t\t<div class=\"wpb_wrapper\">\n\t\t\t<p><b>Postar\u00e1me se V\u00e1m o varhany v\u0161ech zna\u010dek a technologi\u00ed. Vyu\u017eijte na\u0161ich slu\u017eeb Expresn\u00edho z\u00e1sahu nap\u0159\u00edklad p\u0159ed koncertem, d\u016fle\u017eitou ud\u00e1lost\u00ed, svatbou, &#8230;<\/b><\/p>\n\n\t\t<\/div>\n\t<\/div>\n\n\t<div class=\"wpb_text_column wpb_content_element  v-text v-text_brown\" >\n\t\t<div class=\"wpb_wrapper\">\n\t\t\t<h1 class=\"vc_custom_heading vc_custom_1616019501105\"><strong style=\"font-size: 16px;\">Kvalita, rychlost, zku\u0161enosti,&#8230;<\/strong><\/h1>\n<div class=\"wpb_text_column wpb_content_element v-text v-text_brown\">\n<div class=\"wpb_wrapper\">\n<p>P\u00ed\u0161\u0165alov\u00e9 varhany jsou nespolehliv\u00e9, rozlad\u011bn\u00e9? Prov\u00e1d\u00edme ve\u0161ker\u00e9 slu\u017eby, jako jsou \u010di\u0161t\u011bn\u00ed, lad\u011bn\u00ed, opravy, p\u0159estavby, novostavby,&#8230; N\u00e1\u0161 varhan\u00e1\u0159sk\u00fd technik doraz\u00ed na m\u00edsto zkontroluje, otestuje, nafot\u00ed a n\u00e1sledn\u011b po\u0161le n\u00e1vrhy jak\u00fdm sm\u011brem nejl\u00e9pe v\u00e9st p\u00e9\u010di o n\u00e1stroj.<\/p>\n<\/div>\n<\/div>\n\n\t\t<\/div>\n\t<\/div>\n\n\t<div class=\"wpb_text_column wpb_content_element  v-text v-text_brown\" >\n\t\t<div class=\"wpb_wrapper\">\n\t\t\t<p>V na\u0161\u00ed nab\u00eddce jsou tak\u00e9 pou\u017eit\u00e9 varhann\u00ed d\u00edly, kter\u00e9 jsou cenov\u011b dostupn\u011bj\u0161\u00ed ne\u017e-li nov\u00e9 jako jsou vzdu\u0161nice, m\u011bchy, p\u00ed\u0161\u0165aly, rel\u00e9, regul\u00e1tory,.. d\u00e1le pak vyr\u00e1b\u00edme nov\u00e9 p\u00ed\u0161\u0165aly, vzdu\u0161nice, sk\u0159\u00edn\u011b, varhann\u00ed ventil\u00e1tory&#8230;<\/p>\n<p>&nbsp;<\/p>\n<p>&nbsp;<\/p>\n<p><img loading=\"lazy\" decoding=\"async\" class=\"alignnone size-medium wp-image-2132\" src=\"https:\/\/chci-varhany.cz\/wp-content\/uploads\/2021\/03\/IMG_1578-\u2013-web-300x200.jpg\" alt=\"\" width=\"300\" height=\"200\" srcset=\"https:\/\/chci-varhany.cz\/wp-content\/uploads\/2021\/03\/IMG_1578-\u2013-web-300x200.jpg 300w, https:\/\/chci-varhany.cz\/wp-content\/uploads\/2021\/03\/IMG_1578-\u2013-web-1024x683.jpg 1024w, https:\/\/chci-varhany.cz\/wp-content\/uploads\/2021\/03\/IMG_1578-\u2013-web-768x512.jpg 768w, https:\/\/chci-varhany.cz\/wp-content\/uploads\/2021\/03\/IMG_1578-\u2013-web-16x12.jpg 16w, https:\/\/chci-varhany.cz\/wp-content\/uploads\/2021\/03\/IMG_1578-\u2013-web-600x400.jpg 600w, https:\/\/chci-varhany.cz\/wp-content\/uploads\/2021\/03\/IMG_1578-\u2013-web.jpg 1200w\" sizes=\"auto, (max-width: 300px) 100vw, 300px\" \/>\u00a0 \u00a0 \u00a0 \u00a0<img loading=\"lazy\" decoding=\"async\" class=\"alignnone size-medium wp-image-2133\" src=\"https:\/\/chci-varhany.cz\/wp-content\/uploads\/2021\/03\/IMG_1618-\u2013-web-300x200.jpg\" alt=\"\" width=\"300\" height=\"200\" srcset=\"https:\/\/chci-varhany.cz\/wp-content\/uploads\/2021\/03\/IMG_1618-\u2013-web-300x200.jpg 300w, https:\/\/chci-varhany.cz\/wp-content\/uploads\/2021\/03\/IMG_1618-\u2013-web-1024x683.jpg 1024w, https:\/\/chci-varhany.cz\/wp-content\/uploads\/2021\/03\/IMG_1618-\u2013-web-768x512.jpg 768w, https:\/\/chci-varhany.cz\/wp-content\/uploads\/2021\/03\/IMG_1618-\u2013-web-16x12.jpg 16w, https:\/\/chci-varhany.cz\/wp-content\/uploads\/2021\/03\/IMG_1618-\u2013-web-600x400.jpg 600w, https:\/\/chci-varhany.cz\/wp-content\/uploads\/2021\/03\/IMG_1618-\u2013-web.jpg 1200w\" sizes=\"auto, (max-width: 300px) 100vw, 300px\" \/><\/p>\n<p>p\u0159ed &#8230;\u00a0 \u00a0 \u00a0 \u00a0 \u00a0 \u00a0 \u00a0 \u00a0 \u00a0 \u00a0 \u00a0 \u00a0 \u00a0 \u00a0 \u00a0 \u00a0 \u00a0 \u00a0 \u00a0 \u00a0 \u00a0 \u00a0 \u00a0 \u00a0 \u00a0 \u00a0 \u00a0 \u00a0 \u00a0 \u00a0 \u00a0 \u00a0 \u00a0 \u00a0 \u00a0 \u00a0 po &#8230;<\/p>\n\n\t\t<\/div>\n\t<\/div>\n<div class=\"vc_separator wpb_content_element vc_separator_align_center vc_sep_width_100 vc_sep_pos_align_center vc_separator_no_text\" ><span class=\"vc_sep_holder vc_sep_holder_l\"><span  style=\"border-color:#d6cfc7;\" class=\"vc_sep_line\"><\/span><\/span><span class=\"vc_sep_holder vc_sep_holder_r\"><span  style=\"border-color:#d6cfc7;\" class=\"vc_sep_line\"><\/span><\/span>\n<\/div><\/div><\/div><\/div><\/div><div class=\"vc_row wpb_row vc_row-fluid v-box vc_custom_1587057093588 vc_row-has-fill\" ><div class=\"wpb_column vc_column_container vc_col-sm-12\"><div class=\"vc_column-inner vc_custom_1587057311138\"><div class=\"wpb_wrapper\"><h2 style=\"text-align: left\" class=\"vc_custom_heading text-md-center\" >Nap\u00ed\u0161te n\u00e1m<\/h2><div class=\"vc_empty_space\"   style=\"height: 40px\"><span class=\"vc_empty_space_inner\"><\/span><\/div>\n<div class=\"wpcf7 no-js\" id=\"wpcf7-f95-o1\" lang=\"cs-CZ\" dir=\"ltr\" data-wpcf7-id=\"95\">\n<div class=\"screen-reader-response\"><p role=\"status\" aria-live=\"polite\" aria-atomic=\"true\"><\/p> <ul><\/ul><\/div>\n<form action=\"\/sk\/wp-json\/wp\/v2\/pages\/549#wpcf7-f95-o1\" method=\"post\" class=\"wpcf7-form init\" aria-label=\"Kontaktn\u00ed formul\u00e1\u0159\" novalidate=\"novalidate\" data-status=\"init\" data-trp-original-action=\"\/sk\/wp-json\/wp\/v2\/pages\/549#wpcf7-f95-o1\">\n<fieldset class=\"hidden-fields-container\"><input type=\"hidden\" name=\"_wpcf7\" value=\"95\" \/><input type=\"hidden\" name=\"_wpcf7_version\" value=\"6.1\" \/><input type=\"hidden\" name=\"_wpcf7_locale\" value=\"cs_CZ\" \/><input type=\"hidden\" name=\"_wpcf7_unit_tag\" value=\"wpcf7-f95-o1\" \/><input type=\"hidden\" name=\"_wpcf7_container_post\" value=\"0\" \/><input type=\"hidden\" name=\"_wpcf7_posted_data_hash\" value=\"\" \/><input type=\"hidden\" name=\"_wpcf7_recaptcha_response\" value=\"\" \/>\n<\/fieldset>\n<div class=\"row\">\n\t<div class=\"col-md-4\">\n\t\t<p><label>Meno a Priezvisko: *<\/label><span class=\"wpcf7-form-control-wrap\" data-name=\"jmeno\"><input size=\"40\" maxlength=\"400\" class=\"wpcf7-form-control wpcf7-text wpcf7-validates-as-required\" aria-required=\"true\" aria-invalid=\"false\" value=\"\" type=\"text\" name=\"jmeno\" \/><\/span>\n\t\t<\/p>\n\t<\/div>\n\t<div class=\"col-md-4\">\n\t\t<p><label>Email:*<\/label><span class=\"wpcf7-form-control-wrap\" data-name=\"email\"><input size=\"40\" maxlength=\"400\" class=\"wpcf7-form-control wpcf7-email wpcf7-validates-as-required wpcf7-text wpcf7-validates-as-email\" aria-required=\"true\" aria-invalid=\"false\" value=\"\" type=\"email\" name=\"email\" \/><\/span>\n\t\t<\/p>\n\t<\/div>\n\t<div class=\"col-md-4\">\n\t\t<p><label>Telef\u00f3n: *<\/label><span class=\"wpcf7-form-control-wrap\" data-name=\"telefon\"><input size=\"40\" maxlength=\"400\" class=\"wpcf7-form-control wpcf7-tel wpcf7-text wpcf7-validates-as-tel\" aria-invalid=\"false\" value=\"\" type=\"tel\" name=\"telefon\" \/><\/span>\n\t\t<\/p>\n\t<\/div>\n<\/div>\n<p><label>Pozn\u00e1mka: *<\/label><span class=\"wpcf7-form-control-wrap\" data-name=\"poznamka\"><textarea cols=\"40\" rows=\"10\" maxlength=\"2000\" class=\"wpcf7-form-control wpcf7-textarea wpcf7-validates-as-required\" aria-required=\"true\" aria-invalid=\"false\" name=\"poznamka\"><\/textarea><\/span>\n<\/p>\n<div class=\"mb-3\">\n\t<p>[anr_nocaptcha g-recaptcha-response]\n\t<\/p>\n<\/div>\n<div class=\"row\">\n\t<div class=\"col-md-7 v-form_info mb-4 mb-md-0\">\n\t\t<p>Odoslan\u00edm formul\u00e1ra s\u00fahlas\u00edte s ulo\u017een\u00edm va\u0161ich \u00fadajov na \u00fa\u010dely kontaktovanie predajcom.\n\t\t<\/p>\n\t<\/div>\n\t<div class=\"col-md-5 text-md-right\">\n\t\t<p><input class=\"wpcf7-form-control wpcf7-submit has-spinner v-btn_black\" type=\"submit\" value=\"Odosla\u0165\" \/>\n\t\t<\/p>\n\t<\/div>\n<\/div><div class=\"wpcf7-response-output\" aria-hidden=\"true\"><\/div>\n<input type=\"hidden\" name=\"trp-form-language\" value=\"sk\"\/><\/form>\n<\/div>\n<\/div><\/div><\/div><\/div><div class=\"vc_row wpb_row vc_row-fluid\" ><div class=\"wpb_column vc_column_container vc_col-sm-12\"><div class=\"vc_column-inner\"><div class=\"wpb_wrapper\"><div class=\"vc_empty_space\"   style=\"height: 80px\"><span class=\"vc_empty_space_inner\"><\/span><\/div><\/div><\/div><\/div><\/div>","protected":false},"excerpt":{"rendered":"Servis digit\u00e1ln\u00edch n\u00e1stroj\u016f Origin\u00e1ln\u00ed n\u00e1hradn\u00ed d\u00edly skladem a specializovan\u00e9 technick\u00e9 vybaven\u00ed. P\u0159ijedeme k V\u00e1m ud\u011bl\u00e1me diagnostiku, oprav\u00edme nebo navrhneme jin\u00e9 \u0159e\u0161en\u00ed. Sv\u011b\u0159te sv\u016fj n\u00e1stroj profesion\u00e1l\u016fm. Dobrou firmu pozn\u00e1te podle servisu, proto m\u00e1me autorizace u firem Johannus, Eminent, Content,\u2026. a jsme [...]","protected":false},"author":2,"featured_media":0,"parent":0,"menu_order":0,"comment_status":"closed","ping_status":"closed","template":"","meta":{"_acf_changed":false,"footnotes":""},"class_list":["post-549","page","type-page","status-publish","hentry"],"acf":[],"_links":{"self":[{"href":"https:\/\/chci-varhany.cz\/sk\/wp-json\/wp\/v2\/pages\/549","targetHints":{"allow":["GET"]}}],"collection":[{"href":"https:\/\/chci-varhany.cz\/sk\/wp-json\/wp\/v2\/pages"}],"about":[{"href":"https:\/\/chci-varhany.cz\/sk\/wp-json\/wp\/v2\/types\/page"}],"author":[{"embeddable":true,"href":"https:\/\/chci-varhany.cz\/sk\/wp-json\/wp\/v2\/users\/2"}],"replies":[{"embeddable":true,"href":"https:\/\/chci-varhany.cz\/sk\/wp-json\/wp\/v2\/comments?post=549"}],"version-history":[{"count":15,"href":"https:\/\/chci-varhany.cz\/sk\/wp-json\/wp\/v2\/pages\/549\/revisions"}],"predecessor-version":[{"id":2140,"href":"https:\/\/chci-varhany.cz\/sk\/wp-json\/wp\/v2\/pages\/549\/revisions\/2140"}],"wp:attachment":[{"href":"https:\/\/chci-varhany.cz\/sk\/wp-json\/wp\/v2\/media?parent=549"}],"curies":[{"name":"wp","href":"https:\/\/api.w.org\/{rel}","templated":true}]}}