{"id":592,"date":"2020-09-29T12:08:48","date_gmt":"2020-09-29T12:08:48","guid":{"rendered":"https:\/\/chci-varhany.cz\/?page_id=592"},"modified":"2023-03-10T08:50:56","modified_gmt":"2023-03-10T08:50:56","slug":"obchodni-podminky","status":"publish","type":"page","link":"https:\/\/chci-varhany.cz\/sk\/obchodni-podminky\/","title":{"rendered":"Obchodn\u00e9 podmienky"},"content":{"rendered":"<div class=\"vc_row wpb_row vc_row-fluid\" ><div class=\"wpb_column vc_column_container vc_col-sm-12\"><div class=\"vc_column-inner\"><div class=\"wpb_wrapper\"><h1 style=\"color: #202020;text-align: left\" class=\"vc_custom_heading vc_custom_1601381387459\" >Obchodn\u00e9 podmienky<\/h1>\n\t<div class=\"wpb_text_column wpb_content_element\" >\n\t\t<div class=\"wpb_wrapper\">\n\t\t\t<h2><\/h2>\n<div id=\"texyla-text\">\n<p>V n\u00e1kupn\u00edm \u0159\u00e1du je definov\u00e1n jako prod\u00e1vaj\u00edc\u00ed nebo zprost\u0159edkovatel \u2013 Chci-Varhany s.r.o.\u00a0 nebo Bc. Josef Pe\u0161ava, a d\u00e1le jako kupuj\u00edc\u00ed fyzick\u00e1 osoba \u2013 spot\u0159ebitel. Spot\u0159ebitelem je osoba, kter\u00e1 p\u0159i uzav\u00edr\u00e1n\u00ed a pln\u011bn\u00ed smlouvy nejedn\u00e1 v r\u00e1mci sv\u00e9 obchodn\u00ed nebo jin\u00e9 podnikatelsk\u00e9 \u010dinnosti. Fyzick\u00e1 osoba \u2013 podnikatel a pr\u00e1vnick\u00e9 osoby se \u0159\u00edd\u00ed ustanoven\u00edmi dle obchodn\u00edho z\u00e1kon\u00edku.<\/p>\n<h2>Doprava<\/h2>\n<p>Podm\u00ednky a pravidla pro dopravu zbo\u017e\u00ed ke kupuj\u00edc\u00edmu jsou uvedeny v\u00a0n\u00e1kupn\u00edm\u00a0\u0159\u00e1du.<\/p>\n<h2>N\u00e1kupn\u00ed \u0159\u00e1d<\/h2>\n<h3>Z\u00e1kladn\u00ed ustanoven\u00ed<\/h3>\n<p>Internetov\u00e9 str\u00e1nky nejsou klasick\u00fdm e-shopem, ale pouze port\u00e1lem, ve kter\u00e9m je datab\u00e1ze zbo\u017e\u00ed, kter\u00e9 mo\u017en\u00e9 je zarezervovat. Ve velk\u00e9 v\u011bt\u0161in\u011b se jedn\u00e1 o\u00a0zak\u00e1zkov\u00fd prodej, dovoz a zprost\u0159edkov\u00e1n\u00ed prodeje zbo\u017e\u00ed, proto jsou stanovov\u00e1ny individu\u00e1ln\u00ed podm\u00ednky prodeje. Po rezervaci vybran\u00e9ho zbo\u017e\u00ed je zji\u0161t\u011bna dostupnost zbo\u017e\u00ed v\u00a0\u010desk\u00e9m \u010di zahrani\u010dn\u00edm sklad\u011b a pot\u00e9 je kupuj\u00edc\u00edmu posl\u00e1na individu\u00e1ln\u00ed kupn\u00ed smlouva \u010di smlouva o\u00a0zprost\u0159edkov\u00e1n\u00ed prodeje.<\/p>\n<ol>\n<li>V\u00a0n\u00e1kupn\u00edm \u0159\u00e1du je definov\u00e1n jako prod\u00e1vaj\u00edc\u00ed nebo zprost\u0159edkovatel\u00a0\u2013 Josef Pe\u0161ava, a d\u00e1le jako kupuj\u00edc\u00ed fyzick\u00e1 osoba\u00a0\u2013 spot\u0159ebitel. Spot\u0159ebitelem je osoba, kter\u00e1 p\u0159i uzav\u00edr\u00e1n\u00ed a pln\u011bn\u00ed smlouvy nejedn\u00e1 v\u00a0r\u00e1mci sv\u00e9 obchodn\u00ed nebo jin\u00e9 podnikatelsk\u00e9 \u010dinnosti. Fyzick\u00e1 osoba\u00a0\u2013 podnikatel a pr\u00e1vnick\u00e9 osoby se \u0159\u00edd\u00ed ustanoven\u00edmi dle obchodn\u00edho z\u00e1kon\u00edku.<\/li>\n<li>P\u0159edm\u011btem koup\u011b jsou slu\u017eby a zbo\u017e\u00ed prod\u00e1vaj\u00edc\u00edho, kter\u00e9 kupuj\u00edc\u00ed zarezervoval prost\u0159ednictv\u00edm elektronick\u00fdch str\u00e1nek. Provozovatel internetov\u00fdch str\u00e1nek negarantuje dostupnost ve\u0161ker\u00e9ho zbo\u017e\u00ed\u00a0\u2013 dostupnost je pouze informativn\u00ed.<\/li>\n<li>Cena p\u0159edm\u011btu koup\u011b odpov\u00edd\u00e1 cen\u011b uveden\u00e9 na internetov\u00fdch str\u00e1nk\u00e1ch nebo vz\u00e1jemn\u00e9 telefonick\u00e9 dohod\u011b a kupuj\u00edc\u00edm byla akceptov\u00e1na zasl\u00e1n\u00edm objedn\u00e1vky a platby. Pokud je uvedena cena s hv\u011bzdi\u010dkou jedn\u00e1 se o orienta\u010dn\u00ed cenu, koncov\u00e1 cena se li\u0161\u00ed dle stavu konkr\u00e9tn\u00edho kusu. Cena a dostupnost m\u016f\u017ee b\u00fdt up\u0159esn\u011bna na vy\u017e\u00e1d\u00e1n\u00ed. Pokud je cena objedn\u00e1vky nov\u00e9ho zbo\u017e\u00ed ni\u017e\u0161\u00ed ne\u017e 100 000 K\u010d, p\u0159ipo\u010d\u00edt\u00e1v\u00e1 se k n\u00ed je\u0161t\u011b cena p\u0159epravn\u00e9ho po \u010cR s dob\u00edrkou (v p\u0159\u00edpad\u011b zasl\u00e1n\u00ed zbo\u017e\u00ed na dob\u00edrku). Na\u0161e doprava je stanovena na 15 K\u010d\/km bez DPH + poplatky za st\u011bhov\u00e1n\u00ed.<\/li>\n<li>Vlastnick\u00e9 pr\u00e1vo ke zbo\u017e\u00ed p\u0159ech\u00e1z\u00ed z\u00a0prod\u00e1vaj\u00edc\u00edho na kupuj\u00edc\u00edho a\u017e po \u00fapln\u00e9m zaplacen\u00ed cel\u00e9 kupn\u00ed ceny a p\u0159edem sjednan\u00fdch transak\u010dn\u00edch n\u00e1klad\u016f, nap\u0159. dopravn\u00e9, p\u0159epravn\u00e9,\u2026<\/li>\n<\/ol>\n<h3>Pr\u00e1va a povinnosti prod\u00e1vaj\u00edc\u00edho<\/h3>\n<ol>\n<li>Rezervace zbo\u017e\u00ed je prov\u00e1d\u011bna p\u0159es informa\u010dn\u00ed syst\u00e9m na adrese\u00a0<a href=\"https:\/\/chci-varhany.cz\/sk\/\">www.chci-varhany.cz<\/a>, \u010di po telefonick\u00e9 domluv\u011b na uveden\u00fdch kontaktech a zasl\u00e1n\u00ed potvrzovac\u00edho emailu. Ve v\u0161ech t\u011bchto p\u0159\u00edstupech se zavazuje kupuj\u00edc\u00ed ud\u00e1vat prav\u00e9 \u00fadaje a jednat v\u00a0souladu s\u00a0platn\u00fdmi z\u00e1kony.<\/li>\n<li>Zbo\u017e\u00ed, kter\u00e9 je skladem v\u00a0\u010cR, je expedov\u00e1no ihned po zaplacen\u00ed z\u00e1lohy. Nebude-li mo\u017en\u00e9 zbo\u017e\u00ed v\u00a0tomto term\u00ednu expedovat, ozn\u00e1m\u00ed to prod\u00e1vaj\u00edc\u00ed kupuj\u00edc\u00edmu na jeho uvedenou e-emailovou adresu p\u00edsemn\u011b nebo na uveden\u00e9 \u010d\u00edslo telefonicky.<\/li>\n<li>Prod\u00e1vaj\u00edc\u00ed si vyhrazuje pr\u00e1vo odm\u00edtnout vy\u0159\u00edzen\u00ed objedn\u00e1vky, pokud jsou objednac\u00ed \u00fadaje ne\u00fapln\u00e9 \u010di vzbuzuj\u00ed pochybnost o\u00a0skute\u010dn\u00e9m \u00famyslu potencion\u00e1ln\u00edho kupuj\u00edc\u00edho objednat zbo\u017e\u00ed. D\u00e1le m\u00e1 pr\u00e1vo prod\u00e1vaj\u00edc\u00ed odstoupit od objedn\u00e1vky, pakli\u017ee se nepoda\u0159\u00ed rezervace v\u00a0zahrani\u010dn\u00edm sklad\u011b. O\u00a0tomto odm\u00edtnut\u00ed prod\u00e1vaj\u00edc\u00ed za\u0161le informaci na e-mailovou adresu kupuj\u00edc\u00edho, nebo toto sd\u011bl\u00ed p\u00edsemn\u011b nebo telefonicky.<\/li>\n<li>Pokud kupuj\u00edc\u00ed od p\u0159evzet\u00ed zbo\u017e\u00ed uplatn\u00ed n\u00e1rok na vr\u00e1cen\u00ed zbo\u017e\u00ed (odstoupen\u00ed od kupn\u00ed smlouvy) podle novely ob\u010dansk\u00e9ho z\u00e1kon\u00edku ve zn\u011bn\u00ed z\u00e1kona \u010d. 367\/2000 Sb., prod\u00e1vaj\u00edc\u00ed vrac\u00ed \u010d\u00e1stku zaplacenou kupuj\u00edc\u00edm za vr\u00e1cen\u00e9 zbo\u017e\u00ed do 90\u00a0pracovn\u00edch dn\u016f od doru\u010den\u00ed vr\u00e1cen\u00e9ho zbo\u017e\u00ed a dobropisu na \u00fa\u010det uveden\u00fd kupuj\u00edc\u00edm. Ke vr\u00e1cen\u00ed pen\u011bz je nutn\u00e9 obratem odeslat na adresu prod\u00e1vaj\u00edc\u00edho tak\u00e9 odsouhlasen\u00fd a podepsan\u00fd dobropis kupuj\u00edc\u00edm.<\/li>\n<li>Prod\u00e1vaj\u00edc\u00ed vrac\u00ed celou kupn\u00ed cenu zbo\u017e\u00ed. Zbo\u017e\u00ed mus\u00ed b\u00fdt vr\u00e1ceno v\u00a0p\u016fvodn\u00edm, nepo\u0161kozen\u00e9m obalu s\u00a0ve\u0161ker\u00fdm dod\u00e1van\u00fdm p\u0159\u00edslu\u0161enstv\u00edm pop\u0159. i\u00a0d\u00e1rky, v\u010detn\u011b v\u0161ech n\u00e1vod\u016f k\u00a0obsluze zbo\u017e\u00ed. Na v\u00fdrobku ani obalu nesm\u00ed b\u00fdt zn\u00e1mky opot\u0159eben\u00ed, pou\u017e\u00edv\u00e1n\u00ed nebo po\u0161kozen\u00ed. Jako term\u00edn odesl\u00e1n\u00ed zbo\u017e\u00ed k\u00a0navr\u00e1cen\u00ed v\u00a0z\u00e1konn\u00e9 lh\u016ft\u011b rozhoduje datum odesl\u00e1n\u00ed.<\/li>\n<li>Prod\u00e1vaj\u00edc\u00ed se zavazuje osobn\u00ed \u00fadaje, kter\u00e9 mu poskytl kupuj\u00edc\u00ed, neposkytovat t\u0159et\u00edm osob\u00e1m. Na v\u00fdslovnou \u017e\u00e1dost kupuj\u00edc\u00edho se prod\u00e1vaj\u00edc\u00ed zavazuje \u00fadaje o\u00a0kupuj\u00edc\u00edm vymazat z\u00a0p\u0159\u00edslu\u0161n\u00e9 datab\u00e1ze. Toto se net\u00fdk\u00e1 \u00fadaj\u016f, kter\u00e9 slou\u017e\u00ed k\u00a0\u00fa\u010detn\u00ed a da\u0148ov\u00e9 evidenci, kterou prod\u00e1vaj\u00edc\u00ed je povinen zejm\u00e9na dle z\u00e1kona o\u00a0\u00fa\u010detnictv\u00ed a z\u00e1kona o\u00a0dani z\u00a0p\u0159idan\u00e9 hodnoty v\u00e9st a evidovat.<\/li>\n<\/ol>\n<h3>Pr\u00e1va a povinnosti kupuj\u00edc\u00edho<\/h3>\n<ol>\n<li>Pro \u00fa\u010dely registrace zbo\u017e\u00ed na internetov\u00fdch str\u00e1nk\u00e1ch chci-varhany.cz, se kupuj\u00edc\u00ed nemus\u00ed zaregistrovat. Pouze vypln\u00ed a ode\u0161le rezervaci a uvede kontaktn\u00ed \u00fadaje nutn\u00e9 pro ov\u011b\u0159en\u00ed objedn\u00e1vky a dod\u00e1n\u00ed zbo\u017e\u00ed. Kupuj\u00edc\u00ed se zavazuje odebrat rezervovan\u00e9 zbo\u017e\u00ed a za zaslan\u00e9 zbo\u017e\u00ed zaplatit celkovou cenu za objednan\u00e9 zbo\u017e\u00ed a p\u0159\u00edpadn\u011b dal\u0161\u00ed poplatky dle dodac\u00edch a platebn\u00edch podm\u00ednek.<\/li>\n<li>Kupuj\u00edc\u00ed uvede spr\u00e1vn\u011b a pravdiv\u011b \u00fadaje pot\u0159ebn\u00e9 k\u00a0vy\u0159\u00edzen\u00ed objedn\u00e1vky.<\/li>\n<li>Vr\u00e1cen\u00e9 zbo\u017e\u00ed nesm\u00ed b\u00fdt po\u0161kozen\u00e9 nebo jinak znehodnocen\u00e9, \u010di n\u00e9st stopy pou\u017e\u00edv\u00e1n\u00ed a mus\u00ed b\u00fdt navr\u00e1ceno s\u00a0p\u016fvodn\u00edm obalem, kter\u00fd je takt\u00e9\u017e beze stop po\u0161kozen\u00ed \u010di opot\u0159eben\u00ed. V\u00a0p\u0159\u00edpad\u011b multimedi\u00e1ln\u00edch a audio nosi\u010d\u016f (CD, MC, CD-ROM, DVD, SD-karty) nesm\u00ed b\u00fdt poru\u0161en igelitov\u00fd p\u0159ebal, \u010di ochrann\u00e1 etiketa nebo p\u0159elepka.<\/li>\n<li>Po vr\u00e1cen\u00ed zbo\u017e\u00ed kupuj\u00edc\u00edmu vznik\u00e1 n\u00e1rok na vr\u00e1cen\u00ed kupn\u00ed ceny za zaplacen\u00e9 zbo\u017e\u00ed dle podm\u00ednek uveden\u00fdch v\u00a0bod\u011b 4\u00a0\u2013 Pr\u00e1va a povinnosti prod\u00e1vaj\u00edc\u00edho.<\/li>\n<\/ol>\n<h3>Platebn\u00ed a dodac\u00ed podm\u00ednky<\/h3>\n<p><strong>Mo\u017enosti platby za objednan\u00e9 zbo\u017e\u00ed:<\/strong><\/p>\n<ol>\n<li>Zbo\u017e\u00ed skladem v zahrani\u010d\u00ed je dovezeno zak\u00e1zkov\u011b, a proto je t\u0159eba zaplatit z\u00e1lohu p\u0159ed p\u0159ivezen\u00edm zbo\u017e\u00ed. Z\u00e1loha se stanovuje individu\u00e1ln\u011b.<\/li>\n<li>Bankovn\u00edm p\u0159evodem\u00a0\u2013 kupuj\u00edc\u00ed p\u0159edem p\u0159evede celou \u010d\u00e1stku na bankovn\u00ed \u00fa\u010det prodejce. Na n\u00e1\u0161 \u00fa\u010det je mo\u017en\u00e9 platit v\u00a0m\u011bn\u011b CZK a EUR. Zbo\u017e\u00ed v\u00a0tomto p\u0159\u00edpad\u011b odes\u00edl\u00e1me a\u017e po p\u0159ips\u00e1n\u00ed \u010d\u00e1stky na n\u00e1\u0161 \u00fa\u010det. Vystavujeme z\u00e1lohovou fakturu jako podklad pro platbu.<\/li>\n<li>Platba v hotovosti \u2013 platba v hotovosti je mo\u017en\u00e1 p\u0159i osobn\u00edm odb\u011bru v Trhov\u00e9 Kamenici (pouze u n\u00e1stroj\u016f skladem).<\/li>\n<\/ol>\n<h3>Dodac\u00ed podm\u00ednky a zp\u016fsob dod\u00e1n\u00ed<\/h3>\n<ol>\n<li>Dodac\u00ed lh\u016fty a skladov\u00e1 dostupnost u\u00a0jednotliv\u00fdch polo\u017eek na na\u0161ich webov\u00fdch str\u00e1nk\u00e1ch je pouze informativn\u00ed, \u00fadaje nemusej\u00ed b\u00fdt v\u017edy \u00fapln\u011b p\u0159esn\u00e9.<\/li>\n<li>Rozvoz zbo\u017e\u00ed zaji\u0161\u0165ujeme osobn\u011b nebo smluvn\u00ed dopravci rozv\u00e1\u017eej\u00edc\u00ed po cel\u00e9 \u010cesk\u00e9 a Slovensk\u00e9 republice. Cena za dopravu zbo\u017e\u00ed se \u0159\u00edd\u00ed dle aktu\u00e1ln\u00edho cen\u00edku dopravce. Doprava nov\u00e9ho zbo\u017e\u00ed v hodnot\u011b nad 100 000,\u2013 K\u010d po cel\u00e9 \u010cesk\u00e9 republice ZDARMA! P\u0159i doprav\u011b varhany realizovan\u00e9 n\u00e1mi jsou sestaveny, p\u0159ed\u00e1na a p\u0159edvedeny. P\u0159i doprav\u011b spedic\u00ed si zbo\u017e\u00ed p\u0159eb\u00edr\u00e1 z\u00e1kazn\u00edk.<\/li>\n<li>Cena n\u00e1mi proveden\u00e9 dopravy je 12K\u010d\/km bez DPH(osobn\u00ed automobil)nebo 15K\u010d\/km bez DPH (u\u017eitkov\u00fd automobil)+ manipula\u010dn\u00ed poplatky (individu\u00e1ln\u011b-jin\u00e9 podm\u00ednky jsou p\u0159i st\u011bhov\u00e1n\u00ed do panelov\u00e9ho domu bez v\u00fdtahu nebo do rodinn\u00e9ho domu). Kilometry jsou po\u010d\u00edt\u00e1ny z Trhov\u00e9 Kamenice tam i zp\u011bt.<\/li>\n<li>Kupuj\u00edc\u00ed m\u016f\u017ee zru\u0161it svou z\u00e1vaznou rezervaci, pokud je\u0161t\u011b nebyla expedov\u00e1na. Zru\u0161en\u00ed objedn\u00e1vky se prov\u00e1d\u00ed v\u017edy e-mailem a n\u00e1sledn\u011b telefonicky. V\u00a0tomto p\u0159\u00edpad\u011b je \u00fa\u010dtov\u00e1n storno poplatek dle dosud vynalo\u017een\u00fdch n\u00e1klad\u016f.<\/li>\n<\/ol>\n<h3>Z\u00e1ru\u010dn\u00ed lh\u016fta a z\u00e1ru\u010dn\u00ed podm\u00ednky<\/h3>\n<p><strong>Z\u00e1ruky na nov\u00e9 zbo\u017e\u00ed<\/strong><\/p>\n<p>Prod\u00e1vaj\u00edc\u00ed poskytuje kupuj\u00edc\u00edmu z\u00e1ru\u010dn\u00ed lh\u016ftu na nov\u00e9 zbo\u017e\u00ed od data dod\u00e1n\u00ed po z\u00e1konnou dobu 24\u00a0m\u011bs\u00edc\u016f. Z\u00e1ru\u010dn\u00ed doba je v\u017edy uvedena u\u00a0p\u0159\u00edslu\u0161n\u00e9ho v\u00fdrobku. Pokud se b\u011bhem tohoto obdob\u00ed na v\u00fdrobku projev\u00ed z\u00e1vady zp\u016fsoben\u00e9 vadou materi\u00e1lu nebo v\u00fdroby, pak v\u00a0servisn\u00edm st\u0159edisku v\u00fdrobek bezplatn\u011b oprav\u00ed nebo vym\u011bn\u00ed jeho vadn\u00e9 \u010d\u00e1sti anebo prod\u00e1vaj\u00edc\u00ed vym\u011bn\u00ed vadn\u00fd v\u00fdrobek za nov\u00fd, p\u0159\u00edpadn\u011b zru\u0161\u00ed kupn\u00ed smlouvu v\u00a0souladu s\u00a0p\u0159\u00edslu\u0161n\u00fdmi z\u00e1konn\u00fdmi pravidly a podm\u00ednkami uveden\u00fdmi d\u00e1le. Na sou\u010d\u00e1stky vym\u011bn\u011bn\u00e9 p\u0159i z\u00e1ru\u010dn\u00ed oprav\u011b v\u00fdrobku se poskytuje z\u00e1konn\u00e1 z\u00e1ru\u010dn\u00ed doba. Tato z\u00e1ruka nem\u00e1 vliv na v\u0161eobecn\u00e1 pr\u00e1va kupuj\u00edc\u00edho (spot\u0159ebitele) dan\u00e1 p\u0159\u00edslu\u0161nou legislativou, ani na pr\u00e1va spot\u0159ebitele v\u016f\u010di prod\u00e1vaj\u00edc\u00edmu vypl\u00fdvaj\u00edc\u00ed z\u00a0uzav\u0159en\u00e9 kupn\u00ed smlouvy. Z\u00e1ruka se nevztahuje na b\u011b\u017en\u00e9 opot\u0159eben\u00ed v\u00fdrobku.<\/p>\n<p><strong>Z\u00e1ruky na pou\u017eit\u00e9 zbo\u017e\u00ed<\/strong><\/p>\n<p>Prod\u00e1vaj\u00edc\u00ed p\u0159i p\u0159ed\u00e1n\u00ed zbo\u017e\u00ed garantuje funk\u010dnost n\u00e1stroje. Pokud se na n\u00e1stroji vyskytuj\u00ed n\u011bjak\u00e9 vady, je prod\u00e1vaj\u00edc\u00ed povinen upozornit na tuto skute\u010dnost. Prod\u00e1vaj\u00edc\u00ed m\u016f\u017ee poskytovat kupuj\u00edc\u00edmu z\u00e1ru\u010dn\u00ed lh\u016ftu na ve\u0161ker\u00e9 pou\u017eit\u00e9 zbo\u017e\u00ed p\u0159i zaplacen\u00ed p\u0159\u00edplatku. (cena p\u0159\u00edplatku je stanovena dle st\u00e1\u0159\u00ed a ceny). V\u00a0p\u0159\u00edpad\u011b odstoupen\u00ed od smlouvy p\u0159i zak\u00e1zkov\u00e9m dovozu ze zahrani\u010d\u00ed je vr\u00e1cena kupn\u00ed cena bez ceny dopravy ze zahrani\u010d\u00ed. Spot\u0159ebitel m\u016f\u017ee od smlouvy odstoupit tak, \u017ee tuto skute\u010dnost ozn\u00e1m\u00ed dodavateli, a to p\u00edsemnou formou. Toto ustanoven\u00ed z\u00e1kona v\u0161ak nelze ch\u00e1pat jako mo\u017enost bezplatn\u00e9ho zap\u016fj\u010den\u00ed zbo\u017e\u00ed. Spot\u0159ebitel v\u00a0p\u0159\u00edpad\u011b vyu\u017eit\u00ed pr\u00e1va na odstoupen\u00ed od smlouvy do 30\u00a0dn\u00ed od p\u0159evzet\u00ed pln\u011bn\u00ed, mus\u00ed dodavateli vydat v\u0161e, co na z\u00e1klad\u011b kupn\u00ed smlouvy z\u00edskal. Pokud to ji\u017e nen\u00ed dob\u0159e mo\u017en\u00e9 (nap\u0159. v\u00a0mezidob\u00ed bylo zbo\u017e\u00ed zni\u010deno nebo spot\u0159ebov\u00e1no), mus\u00ed spot\u0159ebitel poskytnout pen\u011b\u017eitou n\u00e1hradu jako protihodnotu toho, co ji\u017e nem\u016f\u017ee b\u00fdt vyd\u00e1no. Pokud je vr\u00e1cen\u00e9 zbo\u017e\u00ed po\u0161kozeno jen \u010d\u00e1ste\u010dn\u011b, t\u0159eba i\u00a0vlivem viditeln\u00e9ho opot\u0159eben\u00ed zp\u016fsoben\u00e9ho u\u017e\u00edv\u00e1n\u00edm, m\u016f\u017ee prod\u00e1vaj\u00edc\u00ed uplatnit na spot\u0159ebiteli pr\u00e1vo na n\u00e1hradu \u0161kody a zapo\u010d\u00edst sv\u016fj n\u00e1rok na vr\u00e1cenou kupn\u00ed cenu. Prod\u00e1vaj\u00edc\u00ed je v\u00a0takov\u00e9m p\u0159\u00edpad\u011b povinen vzniklou \u0161kodu prok\u00e1zat. Prod\u00e1vaj\u00edc\u00ed spot\u0159ebiteli v\u00a0takov\u00e9m p\u0159\u00edpad\u011b vrac\u00ed jen takto sn\u00ed\u017eenou kupn\u00ed\u00a0cenu.<\/p>\n<p>Na kupn\u00ed cenu, kter\u00e1 m\u00e1 b\u00fdt kupuj\u00edc\u00edmu vr\u00e1cena, m\u016f\u017ee prod\u00e1vaj\u00edc\u00ed nav\u00edc zapo\u010d\u00edst sv\u00e9 skute\u010dn\u011b vynalo\u017een\u00e9 n\u00e1klady spojen\u00e9 s vr\u00e1cen\u00edm zbo\u017e\u00ed (n\u00e1klady na p\u0159epravu v \u010cR a zahradni\u010d\u00ed, baln\u00e9, dob\u011bre\u010dn\u00e9, manipula\u010dn\u00ed poplatek apod.). Z kupn\u00ed ceny bude v\u017edy ode\u010dtena cena p\u0159epravy a manipula\u010dn\u00ed poplatek ve v\u00fd\u0161i 2000 K\u010d. P\u0159epravu sm\u011brem k prod\u00e1vaj\u00edc\u00edmu hrad\u00ed z\u00e1kazn\u00edk.<\/p>\n<p><strong>Pr\u00e1vo na odstoupen\u00ed od smlouvy spot\u0159ebitel nem\u00e1 v\u00a0souladu s \u00a7 53\u00a0odst. 8\u00a0ob\u010d. z., v\u00a0p\u0159\u00edpad\u011b\u00a0smluv:<\/strong><\/p>\n<ul>\n<li>na poskytov\u00e1n\u00ed slu\u017eeb, jestli\u017ee s\u00a0jejich pln\u011bn\u00edm bylo s\u00a0jeho souhlasem zapo\u010dato p\u0159ed uplynut\u00edm lh\u016fty 14\u00a0dn\u016f od p\u0159evzet\u00ed pln\u011bn\u00ed,<\/li>\n<li>na dod\u00e1vku zbo\u017e\u00ed nebo slu\u017eeb, jejich\u017e cena z\u00e1vis\u00ed na v\u00fdchylk\u00e1ch finan\u010dn\u00edho trhu nez\u00e1visle na v\u016fli Prod\u00e1vaj\u00edc\u00edho,<\/li>\n<li>na dod\u00e1vku zbo\u017e\u00ed upraven\u00e9ho podle p\u0159\u00e1n\u00ed kupuj\u00edc\u00edho nebo pro jeho osobu, jako\u017e i\u00a0zbo\u017e\u00ed, kter\u00e9 podl\u00e9h\u00e1 rychl\u00e9 zk\u00e1ze, opot\u0159eben\u00ed nebo zastar\u00e1n\u00ed,<\/li>\n<li>na dod\u00e1vku audio a video nahr\u00e1vek a po\u010d\u00edta\u010dov\u00fdch program\u016f, poru\u0161il-li kupuj\u00edc\u00ed jejich origin\u00e1ln\u00ed\u00a0obal,<\/li>\n<li>na dod\u00e1vku novin, periodik a \u010dasopis\u016f,<\/li>\n<li>spo\u010d\u00edvaj\u00edc\u00edch ve h\u0159e nebo loterii.<\/li>\n<\/ul>\n<p><strong>Mimosoudn\u00ed \u0159e\u0161en\u00ed:<\/strong><br \/>\nDle \u00a7 14\u00a0odst. (1) z\u00e1kona \u010d. 634\/1992 Sb., o\u00a0ochran\u011b spot\u0159ebitele (d\u00e1le jen \u201eZOS\u201c), \u201eprod\u00e1vaj\u00edc\u00ed informuje spot\u0159ebitele jasn\u00fdm, srozumiteln\u00fdm a snadno dostupn\u00fdm zp\u016fsobem o\u00a0subjektu mimosoudn\u00edho \u0159e\u0161en\u00ed spot\u0159ebitelsk\u00fdch spor\u016f, kter\u00fd je pro dan\u00fd typ nab\u00edzen\u00e9ho, prod\u00e1van\u00e9ho, poskytovan\u00e9ho nebo zprost\u0159edkovan\u00e9ho v\u00fdrobku nebo slu\u017eby v\u011bcn\u011b p\u0159\u00edslu\u0161n\u00fd. Informace mus\u00ed zahrnovat t\u00e9\u017e internetovou adresu tohoto subjektu. Jestli\u017ee prod\u00e1vaj\u00edc\u00ed provozuje internetov\u00e9 str\u00e1nky, uvede tyto informace i\u00a0na t\u011bchto internetov\u00fdch str\u00e1nk\u00e1ch. Pokud smlouva uzav\u0159en\u00e1 mezi prod\u00e1vaj\u00edc\u00edm a spot\u0159ebitelem odkazuje na obchodn\u00ed podm\u00ednky, uvede informace podle v\u011bty prvn\u00ed a druh\u00e9 rovn\u011b\u017e v\u00a0t\u011bchto obchodn\u00edch podm\u00ednk\u00e1ch\u201c.<\/p>\n<p><strong>adresa pro zasl\u00e1n\u00ed vr\u00e1cen\u00e9ho zbo\u017e\u00ed:<\/strong><\/p>\n<p><strong>Showroom v\u00a0Trhov\u00e9 Kamenici<\/strong><br \/>\nRaisovo N\u00e1m\u011bst\u00ed 35<br \/>\n359 52\u00a0Trhov\u00e1 Kamenice<\/p>\n<\/div>\n\n\t\t<\/div>\n\t<\/div>\n<\/div><\/div><\/div><\/div><div class=\"vc_row wpb_row vc_row-fluid\" ><div class=\"wpb_column vc_column_container vc_col-sm-12\"><div class=\"vc_column-inner\"><div class=\"wpb_wrapper\"><div class=\"vc_empty_space\"   style=\"height: 80px\"><span class=\"vc_empty_space_inner\"><\/span><\/div><\/div><\/div><\/div><\/div>","protected":false},"excerpt":{"rendered":"Obchodn\u00ed podm\u00ednky V n\u00e1kupn\u00edm \u0159\u00e1du je definov\u00e1n jako prod\u00e1vaj\u00edc\u00ed nebo zprost\u0159edkovatel \u2013 Chci-Varhany s.r.o.\u00a0 nebo Bc. Josef Pe\u0161ava, a d\u00e1le jako kupuj\u00edc\u00ed fyzick\u00e1 osoba \u2013 spot\u0159ebitel. Spot\u0159ebitelem je osoba, kter\u00e1 p\u0159i uzav\u00edr\u00e1n\u00ed a pln\u011bn\u00ed smlouvy nejedn\u00e1 v r\u00e1mci sv\u00e9 obchodn\u00ed [...]","protected":false},"author":2,"featured_media":0,"parent":0,"menu_order":0,"comment_status":"closed","ping_status":"closed","template":"","meta":{"_acf_changed":false,"footnotes":""},"class_list":["post-592","page","type-page","status-publish","hentry"],"acf":[],"_links":{"self":[{"href":"https:\/\/chci-varhany.cz\/sk\/wp-json\/wp\/v2\/pages\/592","targetHints":{"allow":["GET"]}}],"collection":[{"href":"https:\/\/chci-varhany.cz\/sk\/wp-json\/wp\/v2\/pages"}],"about":[{"href":"https:\/\/chci-varhany.cz\/sk\/wp-json\/wp\/v2\/types\/page"}],"author":[{"embeddable":true,"href":"https:\/\/chci-varhany.cz\/sk\/wp-json\/wp\/v2\/users\/2"}],"replies":[{"embeddable":true,"href":"https:\/\/chci-varhany.cz\/sk\/wp-json\/wp\/v2\/comments?post=592"}],"version-history":[{"count":19,"href":"https:\/\/chci-varhany.cz\/sk\/wp-json\/wp\/v2\/pages\/592\/revisions"}],"predecessor-version":[{"id":2311,"href":"https:\/\/chci-varhany.cz\/sk\/wp-json\/wp\/v2\/pages\/592\/revisions\/2311"}],"wp:attachment":[{"href":"https:\/\/chci-varhany.cz\/sk\/wp-json\/wp\/v2\/media?parent=592"}],"curies":[{"name":"wp","href":"https:\/\/api.w.org\/{rel}","templated":true}]}}