{"id":67,"date":"2020-04-16T16:11:48","date_gmt":"2020-04-16T16:11:48","guid":{"rendered":"https:\/\/chci-varhany.cz\/?page_id=67"},"modified":"2024-02-05T12:27:30","modified_gmt":"2024-02-05T12:27:30","slug":"kontakt","status":"publish","type":"page","link":"https:\/\/chci-varhany.cz\/sk\/kontakt\/","title":{"rendered":"Kontakt"},"content":{"rendered":"<div class=\"vc_row wpb_row vc_row-fluid v-page_title\" ><div class=\"wpb_column vc_column_container vc_col-sm-12\"><div class=\"vc_column-inner vc_custom_1587054637494\"><div class=\"wpb_wrapper\"><h1 style=\"color: #202020;text-align: center\" class=\"vc_custom_heading v-h1\" >Kontakt<\/h1><\/div><\/div><\/div><\/div><div class=\"vc_row wpb_row vc_row-fluid vc_custom_1587055525081\" ><div class=\"wpb_column vc_column_container vc_col-sm-4\"><div class=\"vc_column-inner\"><div class=\"wpb_wrapper\"><h3 style=\"text-align: left\" class=\"vc_custom_heading\" >Faktura\u010dn\u00e9 \u00fadaje<\/h3><div class=\"vc_empty_space\"   style=\"height: 5px\"><span class=\"vc_empty_space_inner\"><\/span><\/div>\n\t<div class=\"wpb_text_column wpb_content_element  v-text\" >\n\t\t<div class=\"wpb_wrapper\">\n\t\t\t<p><strong><big>Chci-Varhany s.r.o.<\/big><\/strong><br \/>\nPiletick\u00e1 486<br \/>\nV\u011bko\u0161e<br \/>\n503 41, Hradec Kr\u00e1lov\u00e9 7<\/p>\n<p><strong>I\u010c<\/strong>: 02498332<br \/>\n<strong>DI\u010c:<\/strong> CZ02498332<\/p>\n<p><small>Spole\u010dnost je zaps\u00e1na v obchodn\u00edm rejst\u0159\u00edku Krajsk\u00e9ho soudu v Hradci Kr\u00e1lov\u00e9, odd\u00edl C, vlo\u017eka 33099.<\/small><\/p>\n\n\t\t<\/div>\n\t<\/div>\n<\/div><\/div><\/div><div class=\"wpb_column vc_column_container vc_col-sm-4\"><div class=\"vc_column-inner\"><div class=\"wpb_wrapper\"><h3 style=\"text-align: left\" class=\"vc_custom_heading\" >Kontaktn\u00e9 inform\u00e1cie<\/h3><div class=\"vc_empty_space\"   style=\"height: 5px\"><span class=\"vc_empty_space_inner\"><\/span><\/div>\n\t<div class=\"wpb_text_column wpb_content_element  v-text\" >\n\t\t<div class=\"wpb_wrapper\">\n\t\t\t<p><strong><big>Telefon<\/big><\/strong><br \/>\n+420 721 829 037<\/p>\n<p><strong><big>Email<\/big><\/strong><br \/>\n<a href=\"mailto:info@chci-varhany.cz\">info@chcem-organ.sk <\/a><\/p>\n\n\t\t<\/div>\n\t<\/div>\n<\/div><\/div><\/div><div class=\"wpb_column vc_column_container vc_col-sm-4\"><div class=\"vc_column-inner\"><div class=\"wpb_wrapper\"><h3 style=\"text-align: left\" class=\"vc_custom_heading\" >Konate\u013e spolo\u010dnosti<\/h3><div class=\"vc_empty_space\"   style=\"height: 5px\"><span class=\"vc_empty_space_inner\"><\/span><\/div>\n\t<div class=\"wpb_text_column wpb_content_element  v-text\" >\n\t\t<div class=\"wpb_wrapper\">\n\t\t\t<p>Bc. Josef Pe\u0161ava<br \/>\n<strong>Tel.:<\/strong> +420 721 829 037<br \/>\n<strong>Email:<\/strong> <a href=\"mailto:pesava@chci-varhany.cz\">pesava@chci-varhany.cz <\/a><\/p>\n\n\t\t<\/div>\n\t<\/div>\n<\/div><\/div><\/div><\/div><div class=\"vc_row wpb_row vc_row-fluid\" ><div class=\"wpb_column vc_column_container vc_col-sm-12\"><div class=\"vc_column-inner\"><div class=\"wpb_wrapper\"><div class=\"vc_separator wpb_content_element vc_separator_align_center vc_sep_width_100 vc_sep_pos_align_center vc_separator_no_text vc_sep_color_grey\" ><span class=\"vc_sep_holder vc_sep_holder_l\"><span  class=\"vc_sep_line\"><\/span><\/span><span class=\"vc_sep_holder vc_sep_holder_r\"><span  class=\"vc_sep_line\"><\/span><\/span>\n<\/div><\/div><\/div><\/div><\/div><div class=\"vc_row wpb_row vc_row-fluid vc_column-gap-25\" ><div class=\"wpb_column vc_column_container vc_col-sm-4\"><div class=\"vc_column-inner\"><div class=\"wpb_wrapper\"><h4 style=\"text-align: left\" class=\"vc_custom_heading vc_custom_1587056822816\" >Obchodn\u00fd z\u00e1stupca \u010cR- ponuky, dopytu<\/h4>\n\t<div class=\"wpb_text_column wpb_content_element  v-text\" >\n\t\t<div class=\"wpb_wrapper\">\n\t\t\t<p>Bc. Josef Pe\u0161ava<br \/>\njednatel spole\u010dnosti<br \/>\n<strong>Tel.:<\/strong> +420 721 829 037<br \/>\n<strong>Email:<\/strong> <a href=\"mailto:pesava@chci-varhany.cz\">pesava@chci-varhany.cz <\/a><\/p>\n\n\t\t<\/div>\n\t<\/div>\n<div class=\"vc_empty_space  d-md-none\"   style=\"height: 15px\"><span class=\"vc_empty_space_inner\"><\/span><\/div><\/div><\/div><\/div><div class=\"wpb_column vc_column_container vc_col-sm-4\"><div class=\"vc_column-inner\"><div class=\"wpb_wrapper\"><h4 style=\"text-align: left\" class=\"vc_custom_heading vc_custom_1707135582617\" >Administrativa - faktury, doklady, objedn\u00e1vky zbo\u017e\u00ed i servisu<\/h4>\n\t<div class=\"wpb_text_column wpb_content_element  v-text\" >\n\t\t<div class=\"wpb_wrapper\">\n\t\t\t<p>Diana Pila\u0159ov\u00e1<br \/>\n<strong>Tel.:<\/strong> +420 608 799 811<br \/>\n<strong>Email<\/strong>: <a href=\"mailto:mravec@chcem-organ.sk\">info@chcem-organ.sk<\/a><\/p>\n\n\t\t<\/div>\n\t<\/div>\n<\/div><\/div><\/div><div class=\"wpb_column vc_column_container vc_col-sm-4\" id=\"xccdd\"><div class=\"vc_column-inner\"><div class=\"wpb_wrapper\"><h4 style=\"text-align: left\" class=\"vc_custom_heading vc_custom_1707135995302\" >Vedouc\u00ed v\u00fdroby<\/h4>\n\t<div class=\"wpb_text_column wpb_content_element  v-text\" >\n\t\t<div class=\"wpb_wrapper\">\n\t\t\t<p>Josef Jehli\u010dka<br \/>\n<strong>Tel.:<\/strong> +420 777 895 330<br \/>\n<strong>Email<\/strong>: <a href=\"mailto:mravec@chcem-organ.sk\">info@chcem-organ.sk<\/a><\/p>\n\n\t\t<\/div>\n\t<\/div>\n<\/div><\/div><\/div><\/div><div class=\"vc_row wpb_row vc_row-fluid j-map_row vc_custom_1587201500474 vc_column-gap-25\" ><div class=\"j-map_left wpb_column vc_column_container vc_col-sm-4\"><div class=\"vc_column-inner vc_custom_1587201506672\"><div class=\"wpb_wrapper\">\n\t<div class=\"wpb_text_column wpb_content_element\" id=\"marker1\">\n\t\t<div class=\"wpb_wrapper\">\n\t\t\t<div class=\"v-contact_box\">\n<h3>Showroom v Trhov\u00e9 Kamenici<\/h3>\n<p>Raisovo n\u00e1m\u011bst\u00ed 35<br \/>\n359 52 Trhov\u00e1 Kamenice<br \/>\n<strong>Tel.:<\/strong> +420 721 829 037<\/p>\n<\/div>\n\n\t\t<\/div>\n\t<\/div>\n<div class=\"vc_empty_space\"   style=\"height: 15px\"><span class=\"vc_empty_space_inner\"><\/span><\/div>\n\t<div class=\"wpb_text_column wpb_content_element\" id=\"marker2\">\n\t\t<div class=\"wpb_wrapper\">\n\t\t\t<div class=\"v-contact_box dark\">\n<h3>Showroom na Slovensku<\/h3>\n<p>Do\u010dasn\u011b uzav\u0159eno<\/p>\n<\/div>\n\n\t\t<\/div>\n\t<\/div>\n<\/div><\/div><\/div><div class=\"j-map_right wpb_column vc_column_container vc_col-sm-8\"><div class=\"vc_column-inner vc_custom_1587218158548\"><div class=\"wpb_wrapper\"><div class=\"j-varhany_map\" id=\"varhany_map\"><\/div><script>var showrooms = [{\"title\":\"Showroom Trhov\\u00e1 Kamenice\",\"marker_id\":\"marker1\",\"gps\":\"49.786680,15.817240\"},{\"title\":\"Showroom na Slovensku\",\"marker_id\":\"marker2\",\"gps\":\"48.759890,17.828990\"}]<\/script><\/div><\/div><\/div><\/div><div class=\"vc_row wpb_row vc_row-fluid\" ><div class=\"wpb_column vc_column_container vc_col-sm-12\"><div class=\"vc_column-inner\"><div class=\"wpb_wrapper\"><div class=\"vc_empty_space\"   style=\"height: 40px\"><span class=\"vc_empty_space_inner\"><\/span><\/div><\/div><\/div><\/div><\/div><div class=\"vc_row wpb_row vc_row-fluid v-box vc_custom_1587057093588 vc_row-has-fill\" ><div class=\"wpb_column vc_column_container vc_col-sm-12\"><div class=\"vc_column-inner vc_custom_1587057311138\"><div class=\"wpb_wrapper\"><h2 style=\"text-align: left\" class=\"vc_custom_heading text-md-center\" >Nap\u00ed\u0161te n\u00e1m<\/h2><div class=\"vc_empty_space\"   style=\"height: 40px\"><span class=\"vc_empty_space_inner\"><\/span><\/div>\n<div class=\"wpcf7 no-js\" id=\"wpcf7-f95-o1\" lang=\"cs-CZ\" dir=\"ltr\" data-wpcf7-id=\"95\">\n<div class=\"screen-reader-response\"><p role=\"status\" aria-live=\"polite\" aria-atomic=\"true\"><\/p> <ul><\/ul><\/div>\n<form action=\"\/sk\/wp-json\/wp\/v2\/pages\/67#wpcf7-f95-o1\" method=\"post\" class=\"wpcf7-form init\" aria-label=\"Kontaktn\u00ed formul\u00e1\u0159\" novalidate=\"novalidate\" data-status=\"init\" data-trp-original-action=\"\/sk\/wp-json\/wp\/v2\/pages\/67#wpcf7-f95-o1\">\n<fieldset class=\"hidden-fields-container\"><input type=\"hidden\" name=\"_wpcf7\" value=\"95\" \/><input type=\"hidden\" name=\"_wpcf7_version\" value=\"6.1\" \/><input type=\"hidden\" name=\"_wpcf7_locale\" value=\"cs_CZ\" \/><input type=\"hidden\" name=\"_wpcf7_unit_tag\" value=\"wpcf7-f95-o1\" \/><input type=\"hidden\" name=\"_wpcf7_container_post\" value=\"0\" \/><input type=\"hidden\" name=\"_wpcf7_posted_data_hash\" value=\"\" \/><input type=\"hidden\" name=\"_wpcf7_recaptcha_response\" value=\"\" \/>\n<\/fieldset>\n<div class=\"row\">\n\t<div class=\"col-md-4\">\n\t\t<p><label>Meno a Priezvisko: *<\/label><span class=\"wpcf7-form-control-wrap\" data-name=\"jmeno\"><input size=\"40\" maxlength=\"400\" class=\"wpcf7-form-control wpcf7-text wpcf7-validates-as-required\" aria-required=\"true\" aria-invalid=\"false\" value=\"\" type=\"text\" name=\"jmeno\" \/><\/span>\n\t\t<\/p>\n\t<\/div>\n\t<div class=\"col-md-4\">\n\t\t<p><label>Email:*<\/label><span class=\"wpcf7-form-control-wrap\" data-name=\"email\"><input size=\"40\" maxlength=\"400\" class=\"wpcf7-form-control wpcf7-email wpcf7-validates-as-required wpcf7-text wpcf7-validates-as-email\" aria-required=\"true\" aria-invalid=\"false\" value=\"\" type=\"email\" name=\"email\" \/><\/span>\n\t\t<\/p>\n\t<\/div>\n\t<div class=\"col-md-4\">\n\t\t<p><label>Telef\u00f3n: *<\/label><span class=\"wpcf7-form-control-wrap\" data-name=\"telefon\"><input size=\"40\" maxlength=\"400\" class=\"wpcf7-form-control wpcf7-tel wpcf7-text wpcf7-validates-as-tel\" aria-invalid=\"false\" value=\"\" type=\"tel\" name=\"telefon\" \/><\/span>\n\t\t<\/p>\n\t<\/div>\n<\/div>\n<p><label>Pozn\u00e1mka: *<\/label><span class=\"wpcf7-form-control-wrap\" data-name=\"poznamka\"><textarea cols=\"40\" rows=\"10\" maxlength=\"2000\" class=\"wpcf7-form-control wpcf7-textarea wpcf7-validates-as-required\" aria-required=\"true\" aria-invalid=\"false\" name=\"poznamka\"><\/textarea><\/span>\n<\/p>\n<div class=\"mb-3\">\n\t<p>[anr_nocaptcha g-recaptcha-response]\n\t<\/p>\n<\/div>\n<div class=\"row\">\n\t<div class=\"col-md-7 v-form_info mb-4 mb-md-0\">\n\t\t<p>Odoslan\u00edm formul\u00e1ra s\u00fahlas\u00edte s ulo\u017een\u00edm va\u0161ich \u00fadajov na \u00fa\u010dely kontaktovanie predajcom.\n\t\t<\/p>\n\t<\/div>\n\t<div class=\"col-md-5 text-md-right\">\n\t\t<p><input class=\"wpcf7-form-control wpcf7-submit has-spinner v-btn_black\" type=\"submit\" value=\"Odosla\u0165\" \/>\n\t\t<\/p>\n\t<\/div>\n<\/div><div class=\"wpcf7-response-output\" aria-hidden=\"true\"><\/div>\n<input type=\"hidden\" name=\"trp-form-language\" value=\"sk\"\/><\/form>\n<\/div>\n<\/div><\/div><\/div><\/div><div class=\"vc_row wpb_row vc_row-fluid d-none d-md-block\" ><div class=\"wpb_column vc_column_container vc_col-sm-12\"><div class=\"vc_column-inner\"><div class=\"wpb_wrapper\"><div class=\"vc_empty_space\"   style=\"height: 60px\"><span class=\"vc_empty_space_inner\"><\/span><\/div><\/div><\/div><\/div><\/div><div data-vc-full-width=\"true\" data-vc-full-width-init=\"false\" class=\"vc_row wpb_row vc_row-fluid v-ebook vc_custom_1587217775823 vc_row-has-fill vc_row-o-content-middle vc_row-flex\" ><div class=\"wpb_column vc_column_container vc_col-sm-5 vc_col-lg-5 vc_col-md-5 vc_col-xs-12\"><div class=\"vc_column-inner vc_custom_1587218572123\"><div class=\"wpb_wrapper\"><div style=\"color: #ffffff;text-align: left\" class=\"vc_custom_heading v-ebook_title vc_custom_1587063031557\" >Z\u00cdSKAJTE E-BOOKY ZADARMO<\/div><\/div><\/div><\/div><div class=\"wpb_column vc_column_container vc_col-sm-7 vc_col-lg-7 vc_col-md-7 vc_col-xs-12\"><div class=\"vc_column-inner vc_custom_1587218561933\"><div class=\"wpb_wrapper\"><p class=\"wpcf7-contact-form-not-found\"><strong>Chyba:<\/strong> Kontaktn\u00fd formul\u00e1r nebol n\u00e1jden\u00fd.<\/p><\/div><\/div><\/div><\/div><div class=\"vc_row-full-width vc_clearfix\"><\/div>","protected":false},"excerpt":{"rendered":"KontaktFaktura\u010dn\u00ed informace Chci-Varhany s.r.o. Piletick\u00e1 486 V\u011bko\u0161e 503 41, Hradec Kr\u00e1lov\u00e9 7 I\u010c: 02498332 DI\u010c: CZ02498332 Spole\u010dnost je zaps\u00e1na v obchodn\u00edm rejst\u0159\u00edku Krajsk\u00e9ho soudu v Hradci Kr\u00e1lov\u00e9, odd\u00edl C, vlo\u017eka 33099. Kontaktn\u00ed informace Telefon +420 721 829 037 Email info@chci-varhany.cz [...]","protected":false},"author":2,"featured_media":0,"parent":0,"menu_order":0,"comment_status":"closed","ping_status":"closed","template":"","meta":{"_acf_changed":false,"footnotes":""},"class_list":["post-67","page","type-page","status-publish","hentry"],"acf":[],"_links":{"self":[{"href":"https:\/\/chci-varhany.cz\/sk\/wp-json\/wp\/v2\/pages\/67","targetHints":{"allow":["GET"]}}],"collection":[{"href":"https:\/\/chci-varhany.cz\/sk\/wp-json\/wp\/v2\/pages"}],"about":[{"href":"https:\/\/chci-varhany.cz\/sk\/wp-json\/wp\/v2\/types\/page"}],"author":[{"embeddable":true,"href":"https:\/\/chci-varhany.cz\/sk\/wp-json\/wp\/v2\/users\/2"}],"replies":[{"embeddable":true,"href":"https:\/\/chci-varhany.cz\/sk\/wp-json\/wp\/v2\/comments?post=67"}],"version-history":[{"count":65,"href":"https:\/\/chci-varhany.cz\/sk\/wp-json\/wp\/v2\/pages\/67\/revisions"}],"predecessor-version":[{"id":2338,"href":"https:\/\/chci-varhany.cz\/sk\/wp-json\/wp\/v2\/pages\/67\/revisions\/2338"}],"wp:attachment":[{"href":"https:\/\/chci-varhany.cz\/sk\/wp-json\/wp\/v2\/media?parent=67"}],"curies":[{"name":"wp","href":"https:\/\/api.w.org\/{rel}","templated":true}]}}