{"id":941,"date":"2021-01-28T07:47:33","date_gmt":"2021-01-28T07:47:33","guid":{"rendered":"https:\/\/chci-varhany.cz\/?page_id=941"},"modified":"2021-03-17T15:51:57","modified_gmt":"2021-03-17T15:51:57","slug":"e-serie","status":"publish","type":"page","link":"https:\/\/chci-varhany.cz\/sk\/nove-varhany\/e-serie\/","title":{"rendered":"E &#8211; serie"},"content":{"rendered":"<div class=\"vc_row wpb_row vc_row-fluid v-box vc_custom_1590170951248 vc_row-has-fill\" ><div class=\"no-padding-col wpb_column vc_column_container vc_col-sm-12\"><div class=\"vc_column-inner vc_custom_1590171177998\"><div class=\"wpb_wrapper\"><\/div><\/div><\/div><\/div><div class=\"vc_row wpb_row vc_row-fluid\" ><div class=\"wpb_column vc_column_container vc_col-sm-12\"><div class=\"vc_column-inner\"><div class=\"wpb_wrapper\"><div class=\"vc_empty_space\"   style=\"height: 20px\"><span class=\"vc_empty_space_inner\"><\/span><\/div>\n\t<div  class=\"wpb_single_image wpb_content_element vc_align_center\">\n\t\t\n\t\t<figure class=\"wpb_wrapper vc_figure\">\n\t\t\t<div class=\"vc_single_image-wrapper   vc_box_border_grey\"><img loading=\"lazy\" decoding=\"async\" width=\"543\" height=\"207\" src=\"https:\/\/chci-varhany.cz\/wp-content\/uploads\/2021\/01\/V\u00fdst\u0159i\u017eek.png\" class=\"vc_single_image-img attachment-full\" alt=\"\" srcset=\"https:\/\/chci-varhany.cz\/wp-content\/uploads\/2021\/01\/V\u00fdst\u0159i\u017eek.png 543w, https:\/\/chci-varhany.cz\/wp-content\/uploads\/2021\/01\/V\u00fdst\u0159i\u017eek-300x114.png 300w\" sizes=\"auto, (max-width: 543px) 100vw, 543px\" \/><\/div>\n\t\t<\/figure>\n\t<\/div>\n<div class=\"vc_empty_space\"   style=\"height: 20px\"><span class=\"vc_empty_space_inner\"><\/span><\/div><\/div><\/div><\/div><\/div><div class=\"vc_row wpb_row vc_row-fluid\" ><div class=\"wpb_column vc_column_container vc_col-sm-12\"><div class=\"vc_column-inner\"><div class=\"wpb_wrapper\"><h2 style=\"color: #202020;text-align: left\" class=\"vc_custom_heading\" >E - serie<\/h2>\n\t<div class=\"wpb_text_column wpb_content_element  v-text\" >\n\t\t<div class=\"wpb_wrapper\">\n\t\t\t<div>\n<div class=\"FFpbKc\">\n<div class=\"nidPne\">\n<div data-show-delay-ms=\"250\" data-append-to-body=\"true\" data-propagate-tooltip-mouseover-events=\"true\" data-anchor-corner=\"bottom-left\" data-popup-corner=\"top-left\">\n<div class=\"scLCMd\">\n<div id=\"itamenu\">\n<div class=\"goog-container goog-container-vertical\" tabindex=\"-1\">\u010cty\u0159i modely E &#8211; serie jsou vyr\u00e1b\u011bny se 2 manu\u00e1ly, 3 zvukov\u00fdmi kan\u00e1ly a syst\u00e9mem dozvuku. E20 a E22 jsou nejmen\u0161\u00ed varhany, kter\u00e9 Eminent vyr\u00e1b\u00ed. V\u0161echny n\u00e1stroje t\u00e9to s\u00e9rii mohou b\u00fdt vybaveny z\u00e1znamov\u00fdm sekvencerem.<\/div>\n<\/div>\n<\/div>\n<\/div>\n<\/div>\n<\/div>\n<\/div>\n<div><\/div>\n\n\t\t<\/div>\n\t<\/div>\n<div class=\"vc_empty_space  d-lg-none\"   style=\"height: 50px\"><span class=\"vc_empty_space_inner\"><\/span><\/div><div class=\"vc_empty_space  d-none d-lg-block\"   style=\"height: 80px\"><span class=\"vc_empty_space_inner\"><\/span><\/div><\/div><\/div><\/div><\/div><div class=\"vc_row wpb_row vc_row-fluid\" ><div class=\"wpb_column vc_column_container vc_col-sm-8\"><div class=\"vc_column-inner\"><div class=\"wpb_wrapper\"><div class=\"row d-flex align-items-top justify-content-center\"><div class=\"col-sm-6 col-lg-4 mb-4\"><div class=\"v-product\"><div class=\"v-product_title mb-3\"><a href=\"https:\/\/chci-varhany.cz\/sk\/produkt\/eminent-e-220\/\">Eminent E 220<\/a><\/div><div class=\"v-product_image\"><a href=\"https:\/\/chci-varhany.cz\/sk\/produkt\/eminent-e-220\/\"><img decoding=\"async\" src=\"https:\/\/chci-varhany.cz\/wp-content\/uploads\/2021\/01\/639-eminent-e22-2-png.png\" \/><\/a><\/div><div class=\"row v-product_params\"><div class=\"col-6\"><strong>Stav:<\/strong><\/div><div class=\"col-6\">Nov\u00e9<\/div><\/div><div class=\"row v-product_params\"><div class=\"col-6\"><strong>Dostupnos\u0165:<\/strong><\/div><div class=\"col-6\">Na objedn\u00e1vku<\/div><\/div><div class=\"v-product_space\"><\/div><div class=\"row align-items-end\"><div class=\"col-7\"><div class=\"v-product_price__old none\">&nbsp;<\/div><div class=\"v-product_price\">8&nbsp;000,00&nbsp;\u20ac<span class=\"priceNote\">s DPH<\/span><\/div><\/div><div class=\"col-5 text-right\"><a class=\"v-product_btn\" href=\"https:\/\/chci-varhany.cz\/sk\/produkt\/eminent-e-220\/\">Detail<\/a><\/div><\/div><\/div><\/div><div class=\"col-sm-6 col-lg-4 mb-4\"><div class=\"v-product\"><div class=\"v-product_title mb-3\"><a href=\"https:\/\/chci-varhany.cz\/sk\/produkt\/eminent-e-220-30\/\">Eminent E 220 &#8211; 30<\/a><\/div><div class=\"v-product_image\"><a href=\"https:\/\/chci-varhany.cz\/sk\/produkt\/eminent-e-220-30\/\"><img decoding=\"async\" src=\"https:\/\/chci-varhany.cz\/wp-content\/uploads\/2021\/01\/639-eminent-e22-2-png.png\" \/><\/a><\/div><div class=\"row v-product_params\"><div class=\"col-6\"><strong>Stav:<\/strong><\/div><div class=\"col-6\">Nov\u00e9<\/div><\/div><div class=\"row v-product_params\"><div class=\"col-6\"><strong>Dostupnos\u0165:<\/strong><\/div><div class=\"col-6\">Na objedn\u00e1vku<\/div><\/div><div class=\"v-product_space\"><\/div><div class=\"row align-items-end\"><div class=\"col-7\"><div class=\"v-product_price__old none\">&nbsp;<\/div><div class=\"v-product_price\">8&nbsp;100,00&nbsp;\u20ac<span class=\"priceNote\">s DPH<\/span><\/div><\/div><div class=\"col-5 text-right\"><a class=\"v-product_btn\" href=\"https:\/\/chci-varhany.cz\/sk\/produkt\/eminent-e-220-30\/\">Detail<\/a><\/div><\/div><\/div><\/div><div class=\"col-sm-6 col-lg-4 mb-4\"><div class=\"v-product\"><div class=\"v-product_title mb-3\"><a href=\"https:\/\/chci-varhany.cz\/sk\/produkt\/eminent-e-260\/\">Eminent E 260<\/a><\/div><div class=\"v-product_image\"><a href=\"https:\/\/chci-varhany.cz\/sk\/produkt\/eminent-e-260\/\"><img decoding=\"async\" src=\"https:\/\/chci-varhany.cz\/wp-content\/uploads\/2021\/01\/E26.png\" \/><\/a><\/div><div class=\"row v-product_params\"><div class=\"col-6\"><strong>Stav:<\/strong><\/div><div class=\"col-6\">Nov\u00e9<\/div><\/div><div class=\"row v-product_params\"><div class=\"col-6\"><strong>Dostupnos\u0165:<\/strong><\/div><div class=\"col-6\">Na objedn\u00e1vku<\/div><\/div><div class=\"v-product_space\"><\/div><div class=\"row align-items-end\"><div class=\"col-7\"><div class=\"v-product_price__old none\">&nbsp;<\/div><div class=\"v-product_price\">8&nbsp;745,00&nbsp;\u20ac<span class=\"priceNote\">s DPH<\/span><\/div><\/div><div class=\"col-5 text-right\"><a class=\"v-product_btn\" href=\"https:\/\/chci-varhany.cz\/sk\/produkt\/eminent-e-260\/\">Detail<\/a><\/div><\/div><\/div><\/div><div class=\"col-sm-6 col-lg-4 mb-4\"><div class=\"v-product\"><div class=\"v-product_title mb-3\"><a href=\"https:\/\/chci-varhany.cz\/sk\/produkt\/eminent-e-280\/\">Eminent E 280<\/a><\/div><div class=\"v-product_image\"><a href=\"https:\/\/chci-varhany.cz\/sk\/produkt\/eminent-e-280\/\"><img decoding=\"async\" src=\"https:\/\/chci-varhany.cz\/wp-content\/uploads\/2021\/01\/E28-mahoni-kl-350x350-1.png\" \/><\/a><\/div><div class=\"row v-product_params\"><div class=\"col-6\"><strong>Stav:<\/strong><\/div><div class=\"col-6\">Nov\u00e9<\/div><\/div><div class=\"row v-product_params\"><div class=\"col-6\"><strong>Dostupnos\u0165:<\/strong><\/div><div class=\"col-6\">Na objedn\u00e1vku<\/div><\/div><div class=\"v-product_space\"><\/div><div class=\"row align-items-end\"><div class=\"col-7\"><div class=\"v-product_price__old none\">&nbsp;<\/div><div class=\"v-product_price\">8&nbsp;745,00&nbsp;\u20ac<span class=\"priceNote\">s DPH<\/span><\/div><\/div><div class=\"col-5 text-right\"><a class=\"v-product_btn\" href=\"https:\/\/chci-varhany.cz\/sk\/produkt\/eminent-e-280\/\">Detail<\/a><\/div><\/div><\/div><\/div><div class=\"col-sm-6 col-lg-4 mb-4\"><div class=\"v-product\"><div class=\"v-product_title mb-3\"><a href=\"https:\/\/chci-varhany.cz\/sk\/produkt\/eminent-e-200\/\">Eminent E 200<\/a><\/div><div class=\"v-product_image\"><a href=\"https:\/\/chci-varhany.cz\/sk\/produkt\/eminent-e-200\/\"><img decoding=\"async\" src=\"https:\/\/chci-varhany.cz\/wp-content\/uploads\/2021\/03\/E200.png\" \/><\/a><\/div><div class=\"row v-product_params\"><div class=\"col-6\"><strong>Stav:<\/strong><\/div><div class=\"col-6\">Nov\u00e9<\/div><\/div><div class=\"row v-product_params\"><div class=\"col-6\"><strong>Dostupnos\u0165:<\/strong><\/div><div class=\"col-6\">Na objedn\u00e1vku<\/div><\/div><div class=\"v-product_space\"><\/div><div class=\"row align-items-end\"><div class=\"col-7\"><div class=\"v-product_price__old none\">&nbsp;<\/div><div class=\"v-product_price\">8&nbsp;400,00&nbsp;\u20ac<span class=\"priceNote\">s DPH<\/span><\/div><\/div><div class=\"col-5 text-right\"><a class=\"v-product_btn\" href=\"https:\/\/chci-varhany.cz\/sk\/produkt\/eminent-e-200\/\">Detail<\/a><\/div><\/div><\/div><\/div><\/div><\/div><\/div><\/div><\/div><div class=\"vc_row wpb_row vc_row-fluid d-none d-lg-block\" ><div class=\"wpb_column vc_column_container vc_col-sm-12\"><div class=\"vc_column-inner\"><div class=\"wpb_wrapper\"><div class=\"vc_empty_space  d-none d-lg-block\"   style=\"height: 40px\"><span class=\"vc_empty_space_inner\"><\/span><\/div><div class=\"vc_separator wpb_content_element vc_separator_align_center vc_sep_width_100 vc_sep_pos_align_center vc_separator_no_text vc_sep_color_grey\" ><span class=\"vc_sep_holder vc_sep_holder_l\"><span  class=\"vc_sep_line\"><\/span><\/span><span class=\"vc_sep_holder vc_sep_holder_r\"><span  class=\"vc_sep_line\"><\/span><\/span>\n<\/div><\/div><\/div><\/div><\/div><div class=\"vc_row wpb_row vc_row-fluid vc_custom_1590171485859\" ><div class=\"wpb_column vc_column_container vc_col-sm-12\"><div class=\"vc_column-inner vc_custom_1590171490394\"><div class=\"wpb_wrapper\"><h2 style=\"color: #222222;text-align: center\" class=\"vc_custom_heading\" >Pot\u0159ebujete poradit s v\u00fdb\u011brem?<\/h2><div class=\"vc_empty_space  d-none d-lg-block\"   style=\"height: 50px\"><span class=\"vc_empty_space_inner\"><\/span><\/div><div class=\"vc_empty_space  d-lg-none\"   style=\"height: 30px\"><span class=\"vc_empty_space_inner\"><\/span><\/div><div class=\"vc_row wpb_row vc_inner vc_row-fluid text-center\" ><div class=\"wpb_column vc_column_container vc_col-sm-12\"><div class=\"vc_column-inner\"><div class=\"wpb_wrapper\"><a itemprop=\"url\" href=\"\/sk\/kontakt\/\" target=\"_self\"  class=\"mkdf-btn mkdf-btn-large mkdf-btn-solid v-btn_arrow\"  >\n    <span class=\"mkdf-btn-text\">Nap\u00ed\u0161te n\u00e1m<\/span>\n    <\/a><\/div><\/div><\/div><\/div><\/div><\/div><\/div><\/div><div data-vc-full-width=\"true\" data-vc-full-width-init=\"false\" class=\"vc_row wpb_row vc_row-fluid v-ebook vc_custom_1587217775823 vc_row-has-fill vc_row-o-content-middle vc_row-flex\" ><div class=\"wpb_column vc_column_container vc_col-sm-5 vc_col-lg-5 vc_col-md-5 vc_col-xs-12\"><div class=\"vc_column-inner vc_custom_1587218572123\"><div class=\"wpb_wrapper\"><div style=\"color: #ffffff;text-align: left\" class=\"vc_custom_heading v-ebook_title vc_custom_1587063031557\" >Z\u00cdSKAJTE E-BOOKY ZADARMO<\/div><\/div><\/div><\/div><div class=\"wpb_column vc_column_container vc_col-sm-7 vc_col-lg-7 vc_col-md-7 vc_col-xs-12\"><div class=\"vc_column-inner vc_custom_1587218561933\"><div class=\"wpb_wrapper\"><p class=\"wpcf7-contact-form-not-found\"><strong>Chyba:<\/strong> Kontaktn\u00fd formul\u00e1r nebol n\u00e1jden\u00fd.<\/p><\/div><\/div><\/div><\/div><div class=\"vc_row-full-width vc_clearfix\"><\/div>","protected":false},"excerpt":{"rendered":"Eminent E 200 29\u00a0Digit\u00e1ln\u00edch zvuk\u016f 3\u00a0intonace Ped\u00e1l hlasitosti man. I Ped\u00e1l hlasitosti man. II Tremulant: rozechv\u011bn\u00ed t\u00f3n\u016f (nastaviteln\u00fd) Chorus: efekt m\u00edrn\u00e9ho rozlad\u011bn\u00ed Gener\u00e1ln\u00ed ovl\u00e1d\u00e1n\u00ed hlasitosti Ozv\u011bna: Katedr\u00e1ln\u00ed efekt lze digit\u00e1ln\u011b plynule m\u011bnit Transposer:\u00a0\u20133 a\u017e +3\u00a0stupn\u011b 6\u00a0z\u00e1kladn\u00edch a 6\u00a0voln\u00fdch kombinac\u00ed Midi [...]","protected":false},"author":4,"featured_media":939,"parent":411,"menu_order":1,"comment_status":"closed","ping_status":"closed","template":"","meta":{"_acf_changed":false,"footnotes":""},"class_list":["post-941","page","type-page","status-publish","has-post-thumbnail","hentry"],"acf":[],"_links":{"self":[{"href":"https:\/\/chci-varhany.cz\/sk\/wp-json\/wp\/v2\/pages\/941","targetHints":{"allow":["GET"]}}],"collection":[{"href":"https:\/\/chci-varhany.cz\/sk\/wp-json\/wp\/v2\/pages"}],"about":[{"href":"https:\/\/chci-varhany.cz\/sk\/wp-json\/wp\/v2\/types\/page"}],"author":[{"embeddable":true,"href":"https:\/\/chci-varhany.cz\/sk\/wp-json\/wp\/v2\/users\/4"}],"replies":[{"embeddable":true,"href":"https:\/\/chci-varhany.cz\/sk\/wp-json\/wp\/v2\/comments?post=941"}],"version-history":[{"count":8,"href":"https:\/\/chci-varhany.cz\/sk\/wp-json\/wp\/v2\/pages\/941\/revisions"}],"predecessor-version":[{"id":1656,"href":"https:\/\/chci-varhany.cz\/sk\/wp-json\/wp\/v2\/pages\/941\/revisions\/1656"}],"up":[{"embeddable":true,"href":"https:\/\/chci-varhany.cz\/sk\/wp-json\/wp\/v2\/pages\/411"}],"wp:featuredmedia":[{"embeddable":true,"href":"https:\/\/chci-varhany.cz\/sk\/wp-json\/wp\/v2\/media\/939"}],"wp:attachment":[{"href":"https:\/\/chci-varhany.cz\/sk\/wp-json\/wp\/v2\/media?parent=941"}],"curies":[{"name":"wp","href":"https:\/\/api.w.org\/{rel}","templated":true}]}}