{"id":1008,"date":"2021-02-19T11:01:12","date_gmt":"2021-02-19T11:01:12","guid":{"rendered":"https:\/\/chci-varhany.cz\/?post_type=product&#038;p=1008"},"modified":"2021-03-18T18:57:31","modified_gmt":"2021-03-18T18:57:31","slug":"eminent-amadeus-100","status":"publish","type":"product","link":"https:\/\/chci-varhany.cz\/sk\/produkt\/eminent-amadeus-100\/","title":{"rendered":"Eminent Amadeus 100"},"content":{"rendered":"<h3>Eminent Amadeus 100<\/h3>\n<ul>\n<li>35 digit\u00e1ln\u00edch rejst\u0159\u00edk\u016f<\/li>\n<li>3\u00a0intonace<\/li>\n<li>Ped\u00e1l hlasitosti man. I<\/li>\n<li>Ped\u00e1l hlasitosti man. II<\/li>\n<li>Tremulant: rozechv\u011bn\u00ed t\u00f3n\u016f (nastaviteln\u00fd)<\/li>\n<li>Nastaviteln\u00e9 vylad\u011bn\u00ed n\u00e1stroje<\/li>\n<li>Ozv\u011bna: Katedr\u00e1ln\u00ed efekt lze digit\u00e1ln\u011b plynule m\u011bnit\u00a0\u2013 7\u00a0nastaviteln\u00fdch dozvuk\u016f<\/li>\n<li>Transposer:\u00a0\u20133 a\u017e +3\u00a0stupn\u011b<\/li>\n<li>6\u00a0z\u00e1kladn\u00edch a 80\u00a0voln\u00fdch kombinac\u00ed<\/li>\n<li>Midi In-Thru-Out<\/li>\n<li>12\u00a0styl\u016f lad\u011bn\u00ed nap\u0159.: Werckmeister III, Neidhart, Valotti,\u2026<\/li>\n<li>Automatick\u00fd ped\u00e1l<\/li>\n<li>V\u00fdstup na sluch\u00e1tka (vypnut\u00ed reproduktor\u016f)<\/li>\n<li>St\u0159edn\u00ed nebo sv\u011btl\u00fd dub<\/li>\n<li>Osv\u011btlen\u00ed ped\u00e1lnice<\/li>\n<li>V\u00fdkon 210\u00a0W<\/li>\n<\/ul>\n<p>Na vy\u017e\u00e1d\u00e1n\u00ed:<\/p>\n<ul>\n<li>V\u00fd\u0161kov\u011b nastaviteln\u00e1 lavice<\/li>\n<li>Ped\u00e1l Crescendo<\/li>\n<li>Konk\u00e1vn\u00ed\/konk\u00e1vn\u011b-radi\u00e1ln\u00ed ped\u00e1lnice<\/li>\n<li>Jin\u00e9 povrchov\u00e9 \u00fapravy nebo d\u0159evo<\/li>\n<li>Manu\u00e1ly z\u00a0masivn\u00edho d\u0159eva<\/li>\n<li>\u00dalo\u017en\u00fd prostor v\u00a0lavici<\/li>\n<\/ul>","protected":false},"excerpt":{"rendered":"<p>Amadeus 100 m\u00e1 kompaktn\u00ed modern\u00ed sk\u0159\u00ed\u0148. Varhany maj\u00ed 5 zvukov\u00fdch kan\u00e1l\u016f, 35 rejst\u0159\u00edk\u016f a 2 manu\u00e1ly.<\/p>","protected":false},"featured_media":1009,"template":"","meta":{"_acf_changed":false},"product_brand":[],"product_cat":[62,59],"product_tag":[],"class_list":{"0":"post-1008","1":"product","2":"type-product","3":"status-publish","4":"has-post-thumbnail","6":"product_cat-digitalni","7":"product_cat-varhany","9":"first","10":"instock","11":"taxable","12":"shipping-taxable","13":"purchasable","14":"product-type-simple"},"acf":[],"_links":{"self":[{"href":"https:\/\/chci-varhany.cz\/sk\/wp-json\/wp\/v2\/product\/1008","targetHints":{"allow":["GET"]}}],"collection":[{"href":"https:\/\/chci-varhany.cz\/sk\/wp-json\/wp\/v2\/product"}],"about":[{"href":"https:\/\/chci-varhany.cz\/sk\/wp-json\/wp\/v2\/types\/product"}],"wp:featuredmedia":[{"embeddable":true,"href":"https:\/\/chci-varhany.cz\/sk\/wp-json\/wp\/v2\/media\/1009"}],"wp:attachment":[{"href":"https:\/\/chci-varhany.cz\/sk\/wp-json\/wp\/v2\/media?parent=1008"}],"wp:term":[{"taxonomy":"product_brand","embeddable":true,"href":"https:\/\/chci-varhany.cz\/sk\/wp-json\/wp\/v2\/product_brand?post=1008"},{"taxonomy":"product_cat","embeddable":true,"href":"https:\/\/chci-varhany.cz\/sk\/wp-json\/wp\/v2\/product_cat?post=1008"},{"taxonomy":"product_tag","embeddable":true,"href":"https:\/\/chci-varhany.cz\/sk\/wp-json\/wp\/v2\/product_tag?post=1008"}],"curies":[{"name":"wp","href":"https:\/\/api.w.org\/{rel}","templated":true}]}}