{"id":1033,"date":"2021-02-22T08:29:37","date_gmt":"2021-02-22T08:29:37","guid":{"rendered":"https:\/\/chci-varhany.cz\/?post_type=product&#038;p=1033"},"modified":"2025-07-09T11:20:21","modified_gmt":"2025-07-09T11:20:21","slug":"content-compact-224","status":"publish","type":"product","link":"https:\/\/chci-varhany.cz\/sk\/produkt\/content-compact-224\/","title":{"rendered":"Content Compact 224"},"content":{"rendered":"<h3>Compact 224<\/h3>\n<p>Compact 224\u00a0 umo\u017e\u0148uje hru na varhany ka\u017ed\u00e9mu milovn\u00edkovi hudby. S t\u00edmto modelem bude intern\u011b vyvinut\u00e1 technologie Invention Technology\u00ae dostupn\u00e1 pro ka\u017ed\u00e9ho studenta, korepetitora sboru, u\u010ditele varhan nebo amat\u00e9rsk\u00e9ho varhan\u00edka. Kompaktn\u00ed a snadno p\u0159em\u00edstiteln\u00fd korpus umo\u017e\u0148uje pou\u017e\u00edvat tento n\u00e1stroj multifunk\u010dn\u011b.<\/p>\n<p>N\u00e1zev Compact 224 vych\u00e1z\u00ed ze sv\u00e9 kompaktn\u00ed a vyt\u0159\u00edben\u00e9 konstrukce. Tento n\u00e1stroj se v\u0161ak kvalitou a mo\u017enostmi rovn\u00e1 v\u0161em ostatn\u00edm. V t\u011bchto varhan\u00e1ch m\u00e1te tak\u00e9 4 jedine\u010dn\u00e9 zvukov\u00e9 sv\u011bty (barokn\u00ed, klasick\u00fd, romantick\u00fd, symfonick\u00fd), ka\u017ed\u00fd se svou vlastn\u00ed a charakteristickou dispozic\u00ed. Technologie Invention Technology\u00ae umo\u017e\u0148uje maxim\u00e1ln\u00ed detailn\u00ed a vyt\u0159\u00edben\u00fd zvuk. Prostorov\u00fd z\u00e1\u017eitek tak\u00e9 nem\u00e1 obdoby. Dubov\u00e9 \u010d\u00e1sti dod\u00e1vaj\u00ed n\u00e1bytku robustn\u00ed a odoln\u00fd vzhled. Volba mezi intern\u00edm nebo extern\u00edm (HQ) zvukem \u010din\u00ed Compact 224 flexibiln\u011bj\u0161\u00edm ne\u017e jak\u00fdkoli jin\u00fd n\u00e1stroj.<\/p>\n<p>2 manu\u00e1ly<br \/>\nMasivn\u00ed boky klaviatury<br \/>\n4 jedine\u010dn\u00e9 zvukov\u00e9 styly<br \/>\n4 x 24 rejst\u0159\u00edk\u016f<br \/>\n384 p\u0159edvoleb programovateln\u00fdch pro ka\u017ed\u00fd varhann\u00ed styl<\/p>\n<p>K dispozici s intern\u00edm nebo extern\u00edm (HQ) zvukem.<br \/>\nMo\u017enost s ped\u00e1lem 30T<br \/>\nMo\u017enost s lavic\u00ed<br \/>\nMo\u017enost s expression ped\u00e1lem<\/p>","protected":false},"excerpt":{"rendered":"<p>Kompaktn\u00ed n\u00e1stroj pro pou\u017eit\u00ed kdekoliv.<\/p>","protected":false},"featured_media":1035,"template":"","meta":{"_acf_changed":false},"product_brand":[],"product_cat":[62,59],"product_tag":[],"class_list":{"0":"post-1033","1":"product","2":"type-product","3":"status-publish","4":"has-post-thumbnail","6":"product_cat-digitalni","7":"product_cat-varhany","9":"first","10":"instock","11":"taxable","12":"shipping-taxable","13":"purchasable","14":"product-type-simple"},"acf":[],"_links":{"self":[{"href":"https:\/\/chci-varhany.cz\/sk\/wp-json\/wp\/v2\/product\/1033","targetHints":{"allow":["GET"]}}],"collection":[{"href":"https:\/\/chci-varhany.cz\/sk\/wp-json\/wp\/v2\/product"}],"about":[{"href":"https:\/\/chci-varhany.cz\/sk\/wp-json\/wp\/v2\/types\/product"}],"wp:featuredmedia":[{"embeddable":true,"href":"https:\/\/chci-varhany.cz\/sk\/wp-json\/wp\/v2\/media\/1035"}],"wp:attachment":[{"href":"https:\/\/chci-varhany.cz\/sk\/wp-json\/wp\/v2\/media?parent=1033"}],"wp:term":[{"taxonomy":"product_brand","embeddable":true,"href":"https:\/\/chci-varhany.cz\/sk\/wp-json\/wp\/v2\/product_brand?post=1033"},{"taxonomy":"product_cat","embeddable":true,"href":"https:\/\/chci-varhany.cz\/sk\/wp-json\/wp\/v2\/product_cat?post=1033"},{"taxonomy":"product_tag","embeddable":true,"href":"https:\/\/chci-varhany.cz\/sk\/wp-json\/wp\/v2\/product_tag?post=1033"}],"curies":[{"name":"wp","href":"https:\/\/api.w.org\/{rel}","templated":true}]}}