{"id":1049,"date":"2021-02-22T10:07:45","date_gmt":"2021-02-22T10:07:45","guid":{"rendered":"https:\/\/chci-varhany.cz\/?post_type=product&#038;p=1049"},"modified":"2025-07-09T11:23:14","modified_gmt":"2025-07-09T11:23:14","slug":"content-clavis-224","status":"publish","type":"product","link":"https:\/\/chci-varhany.cz\/sk\/produkt\/content-clavis-224\/","title":{"rendered":"Content Clavis 224"},"content":{"rendered":"<h3>Clavis 224<\/h3>\n<p>Clavis 224 je n\u00e1stroj vhodn\u00fd pro za\u010d\u00ednaj\u00edc\u00ed i pokro\u010dil\u00e9 varhan\u00edky. D\u00edky v\u00fdb\u011bru ze 4 jedine\u010dn\u00fdch zvukov\u00fdch styl\u016f lze bez kompromis\u016f hr\u00e1t celou varhann\u00ed literaturu. Extr\u00e9mn\u011b vyv\u00e1\u017een\u00fd zvukov\u00fd syst\u00e9m v kombinaci s dozvukov\u00fdmi programy a \u0161irok\u00fdm 6kan\u00e1lov\u00fdm uspo\u0159\u00e1d\u00e1n\u00edm zaji\u0161\u0165uje dokonal\u00fd transparentn\u00ed hudebn\u00ed z\u00e1\u017eitek. B\u011bhem nahr\u00e1v\u00e1n\u00ed usly\u0161\u00edte ka\u017ed\u00fd charakteristick\u00fd rejst\u0159\u00edk a\u017e po tutti, ani\u017e by to m\u011blo negativn\u00ed dopad na zvuk. Tyto varhany poskytuj\u00ed hr\u00e1\u010d\u016fm a poslucha\u010d\u016fm roky pot\u011b\u0161en\u00ed z hran\u00ed a poslechu v ob\u00fdvac\u00edm pokoji nebo v mal\u00fdch s\u00e1lech.<\/p>\n<p>2 klaviatury<br \/>\n4\u044524 rejst\u0159\u00edk\u016f<br \/>\n4 jedine\u010dn\u00e9 zvukov\u00e9 styly<br \/>\n30t\u00f3nov\u00fd line\u00e1rn\u00ed ped\u00e1l<br \/>\nVysoce kvalitn\u00ed korpus s d\u00edly z masivn\u00edho d\u0159eva<br \/>\n6 kan\u00e1l\u016f, 6 reproduktor\u016f<\/p>\n<p>&nbsp;<\/p>","protected":false},"excerpt":{"rendered":"<p>Kompaktn\u00ed n\u00e1stroj pro pou\u017eit\u00ed kdekoliv<\/p>","protected":false},"featured_media":1051,"template":"","meta":{"_acf_changed":false},"product_brand":[],"product_cat":[62,59],"product_tag":[],"class_list":{"0":"post-1049","1":"product","2":"type-product","3":"status-publish","4":"has-post-thumbnail","6":"product_cat-digitalni","7":"product_cat-varhany","9":"first","10":"instock","11":"taxable","12":"shipping-taxable","13":"purchasable","14":"product-type-simple"},"acf":[],"_links":{"self":[{"href":"https:\/\/chci-varhany.cz\/sk\/wp-json\/wp\/v2\/product\/1049","targetHints":{"allow":["GET"]}}],"collection":[{"href":"https:\/\/chci-varhany.cz\/sk\/wp-json\/wp\/v2\/product"}],"about":[{"href":"https:\/\/chci-varhany.cz\/sk\/wp-json\/wp\/v2\/types\/product"}],"wp:featuredmedia":[{"embeddable":true,"href":"https:\/\/chci-varhany.cz\/sk\/wp-json\/wp\/v2\/media\/1051"}],"wp:attachment":[{"href":"https:\/\/chci-varhany.cz\/sk\/wp-json\/wp\/v2\/media?parent=1049"}],"wp:term":[{"taxonomy":"product_brand","embeddable":true,"href":"https:\/\/chci-varhany.cz\/sk\/wp-json\/wp\/v2\/product_brand?post=1049"},{"taxonomy":"product_cat","embeddable":true,"href":"https:\/\/chci-varhany.cz\/sk\/wp-json\/wp\/v2\/product_cat?post=1049"},{"taxonomy":"product_tag","embeddable":true,"href":"https:\/\/chci-varhany.cz\/sk\/wp-json\/wp\/v2\/product_tag?post=1049"}],"curies":[{"name":"wp","href":"https:\/\/api.w.org\/{rel}","templated":true}]}}