{"id":1071,"date":"2021-02-23T07:21:31","date_gmt":"2021-02-23T07:21:31","guid":{"rendered":"https:\/\/chci-varhany.cz\/?post_type=product&#038;p=1071"},"modified":"2025-07-09T11:26:17","modified_gmt":"2025-07-09T11:26:17","slug":"content-cantate-246","status":"publish","type":"product","link":"https:\/\/chci-varhany.cz\/sk\/produkt\/content-cantate-246\/","title":{"rendered":"Content Cantate 246 R"},"content":{"rendered":"<p>Spole\u010dnost Content Orgels, inspirovan\u00e1 mnoh\u00fdmi formami p\u00ed\u0161\u0165alov\u00fdch varhan, vyvinula univerz\u00e1ln\u00ed n\u00e1stroj Cantate 246 R . Ne m\u00e9n\u011b ne\u017e \u010dty\u0159i jedine\u010dn\u00e9 zvukov\u00e9 sv\u011bty v\u00e1s ohrom\u00ed mo\u017enostmi optim\u00e1ln\u00edho zvuku nejkr\u00e1sn\u011bj\u0161\u00edch varhan\u00e1\u0159sk\u00fdch d\u011bl v jednom n\u00e1stroji. Ka\u017ed\u00fd varhann\u00ed styl m\u00e1 sv\u00e9 vlastn\u00ed charakteristick\u00e9 dispozice. T\u00edmto zp\u016fsobem m\u016f\u017eete hr\u00e1t v\u0161echna hlavn\u00ed varhann\u00ed d\u00edla r\u016fzn\u00fdch styl\u016f bez \u00fastupk\u016f.<\/p>\n<p>2 klaviatury<br \/>\nCitlivost dotyku na kl\u00e1vesnici<br \/>\n4 x 46 rejst\u0159\u00edk\u016f<br \/>\n4 jedine\u010dn\u00e9 zvukov\u00e9 styly<br \/>\nKonvolu\u010dn\u00ed dozvuk<br \/>\nStylov\u00fd korpus s masivn\u00edm d\u0159evem<\/p>","protected":false},"excerpt":{"rendered":"<p>Profesion\u00e1ln\u00ed n\u00e1stroj se v\u0161estrann\u00fdm vyu\u017eit\u00edm.<\/p>","protected":false},"featured_media":1075,"template":"","meta":{"_acf_changed":false},"product_brand":[],"product_cat":[62,59],"product_tag":[],"class_list":{"0":"post-1071","1":"product","2":"type-product","3":"status-publish","4":"has-post-thumbnail","6":"product_cat-digitalni","7":"product_cat-varhany","9":"first","10":"instock","11":"taxable","12":"shipping-taxable","13":"purchasable","14":"product-type-simple"},"acf":[],"_links":{"self":[{"href":"https:\/\/chci-varhany.cz\/sk\/wp-json\/wp\/v2\/product\/1071","targetHints":{"allow":["GET"]}}],"collection":[{"href":"https:\/\/chci-varhany.cz\/sk\/wp-json\/wp\/v2\/product"}],"about":[{"href":"https:\/\/chci-varhany.cz\/sk\/wp-json\/wp\/v2\/types\/product"}],"wp:featuredmedia":[{"embeddable":true,"href":"https:\/\/chci-varhany.cz\/sk\/wp-json\/wp\/v2\/media\/1075"}],"wp:attachment":[{"href":"https:\/\/chci-varhany.cz\/sk\/wp-json\/wp\/v2\/media?parent=1071"}],"wp:term":[{"taxonomy":"product_brand","embeddable":true,"href":"https:\/\/chci-varhany.cz\/sk\/wp-json\/wp\/v2\/product_brand?post=1071"},{"taxonomy":"product_cat","embeddable":true,"href":"https:\/\/chci-varhany.cz\/sk\/wp-json\/wp\/v2\/product_cat?post=1071"},{"taxonomy":"product_tag","embeddable":true,"href":"https:\/\/chci-varhany.cz\/sk\/wp-json\/wp\/v2\/product_tag?post=1071"}],"curies":[{"name":"wp","href":"https:\/\/api.w.org\/{rel}","templated":true}]}}