{"id":1078,"date":"2021-02-23T11:50:47","date_gmt":"2021-02-23T11:50:47","guid":{"rendered":"https:\/\/chci-varhany.cz\/?post_type=product&#038;p=1078"},"modified":"2025-07-09T11:27:05","modified_gmt":"2025-07-09T11:27:05","slug":"content-cantate-346","status":"publish","type":"product","link":"https:\/\/chci-varhany.cz\/sk\/produkt\/content-cantate-346\/","title":{"rendered":"Content Cantate 346"},"content":{"rendered":"<p>Spole\u010dnost Content Orgels, inspirovan\u00e1 starod\u00e1vn\u00fdmi varhanami v mnoha form\u00e1ch, vyvinula univerz\u00e1ln\u00ed n\u00e1stroj Cantate 346. Ne m\u00e9n\u011b ne\u017e \u010dty\u0159i jedine\u010dn\u00e9 zvukov\u00e9 sv\u011bty v\u00e1s ohrom\u00ed mo\u017enostmi optim\u00e1ln\u00edho zvuku nejkr\u00e1sn\u011bj\u0161\u00edch varhann\u00edch d\u011bl v jednom n\u00e1stroji.<\/p>\n<p>Inovativn\u00ed technologie vyvinut\u00e1 spole\u010dnost\u00ed umo\u017e\u0148uje realizovat tyto zvuky adekv\u00e1tn\u011b a na bezprecedentn\u00ed \u00farovni kvality. Nov\u011b vyvinut\u00fd konvolu\u010dn\u00ed dozvuk poskytuje optim\u00e1ln\u00ed prostorov\u00fd z\u00e1\u017eitek kdykoli: od intimn\u00edho domova a\u017e po impozantn\u00ed katedr\u00e1lu. Jako prvn\u00ed v\u00fdrobce v\u00e1m Content Orgels tak\u00e9 umo\u017e\u0148uje pohybovat se prakticky ve vesm\u00edru.<\/p>\n<p>A kone\u010dn\u011b digit\u00e1ln\u00ed zesilova\u010de, vysoce kvalitn\u00ed reproduktorov\u00fd syst\u00e9m a integrovan\u00fd 3D prostorov\u00fd syst\u00e9m zaru\u010duj\u00ed optim\u00e1ln\u00ed reprodukci zvuku.<\/p>\n<p>3 klaviatury<br \/>\nCitlivost dotyku na kl\u00e1vesnici<br \/>\n4 x 46 rejst\u0159\u00edk\u016f<br \/>\n4 jedine\u010dn\u00e9 zvukov\u00e9 styly<br \/>\nKonvolu\u010dn\u00ed dozvuk<br \/>\nStylov\u00fd kabinet s masivn\u00edm d\u0159evem<\/p>","protected":false},"excerpt":{"rendered":"<p>Profesion\u00e1ln\u00ed n\u00e1stroj se v\u0161estrann\u00fdm vyu\u017eit\u00edm.<\/p>","protected":false},"featured_media":1081,"template":"","meta":{"_acf_changed":false},"product_brand":[],"product_cat":[62,59],"product_tag":[],"class_list":{"0":"post-1078","1":"product","2":"type-product","3":"status-publish","4":"has-post-thumbnail","6":"product_cat-digitalni","7":"product_cat-varhany","9":"first","10":"instock","11":"taxable","12":"shipping-taxable","13":"purchasable","14":"product-type-simple"},"acf":[],"_links":{"self":[{"href":"https:\/\/chci-varhany.cz\/sk\/wp-json\/wp\/v2\/product\/1078","targetHints":{"allow":["GET"]}}],"collection":[{"href":"https:\/\/chci-varhany.cz\/sk\/wp-json\/wp\/v2\/product"}],"about":[{"href":"https:\/\/chci-varhany.cz\/sk\/wp-json\/wp\/v2\/types\/product"}],"wp:featuredmedia":[{"embeddable":true,"href":"https:\/\/chci-varhany.cz\/sk\/wp-json\/wp\/v2\/media\/1081"}],"wp:attachment":[{"href":"https:\/\/chci-varhany.cz\/sk\/wp-json\/wp\/v2\/media?parent=1078"}],"wp:term":[{"taxonomy":"product_brand","embeddable":true,"href":"https:\/\/chci-varhany.cz\/sk\/wp-json\/wp\/v2\/product_brand?post=1078"},{"taxonomy":"product_cat","embeddable":true,"href":"https:\/\/chci-varhany.cz\/sk\/wp-json\/wp\/v2\/product_cat?post=1078"},{"taxonomy":"product_tag","embeddable":true,"href":"https:\/\/chci-varhany.cz\/sk\/wp-json\/wp\/v2\/product_tag?post=1078"}],"curies":[{"name":"wp","href":"https:\/\/api.w.org\/{rel}","templated":true}]}}