{"id":1086,"date":"2021-02-23T12:24:50","date_gmt":"2021-02-23T12:24:50","guid":{"rendered":"https:\/\/chci-varhany.cz\/?post_type=product&#038;p=1086"},"modified":"2025-07-09T11:46:34","modified_gmt":"2025-07-09T11:46:34","slug":"content-cantate-354","status":"publish","type":"product","link":"https:\/\/chci-varhany.cz\/sk\/produkt\/content-cantate-354\/","title":{"rendered":"Content Cantate 354 R"},"content":{"rendered":"<p>\u0160pi\u010dkov\u00fd model od firmy CONTENT! Tento n\u00e1stroj m\u00e1 pln\u00e9 dispozice pro \u0161irok\u00fd, symfonick\u00fd zvuk varhan.<\/p>\n<p>Robustn\u00ed vysok\u00fd korpus s osv\u011btlen\u00fdmi manubrii. Cantus firmus poskytuje orchestr\u00e1ln\u00ed t\u00f3n, v\u010detn\u011b Chimes. Maxim\u00e1ln\u00ed mo\u017enosti d\u00edky 3 manu\u00e1l\u016fm a 4 \u017ealuziov\u00fdm ped\u00e1l\u016fm. Z\u00e1kladn\u00ed rejst\u0159\u00edky dopl\u0148uje 115 hlas\u016f Extravoice.<\/p>\n<p>3 klaviatury<br \/>\n4 x 54 rejst\u0159\u00edk\u016f<br \/>\n30 nebo 32 t\u00f3nov\u00fd ped\u00e1l<br \/>\nVarhany na zak\u00e1zku<\/p>","protected":false},"excerpt":{"rendered":"<p>Absolutn\u00ed \u0161pi\u010dka firmy CONTENT.<\/p>","protected":false},"featured_media":1088,"template":"","meta":{"_acf_changed":false},"product_brand":[],"product_cat":[62,59],"product_tag":[],"class_list":{"0":"post-1086","1":"product","2":"type-product","3":"status-publish","4":"has-post-thumbnail","6":"product_cat-digitalni","7":"product_cat-varhany","9":"first","10":"instock","11":"taxable","12":"shipping-taxable","13":"purchasable","14":"product-type-simple"},"acf":[],"_links":{"self":[{"href":"https:\/\/chci-varhany.cz\/sk\/wp-json\/wp\/v2\/product\/1086","targetHints":{"allow":["GET"]}}],"collection":[{"href":"https:\/\/chci-varhany.cz\/sk\/wp-json\/wp\/v2\/product"}],"about":[{"href":"https:\/\/chci-varhany.cz\/sk\/wp-json\/wp\/v2\/types\/product"}],"wp:featuredmedia":[{"embeddable":true,"href":"https:\/\/chci-varhany.cz\/sk\/wp-json\/wp\/v2\/media\/1088"}],"wp:attachment":[{"href":"https:\/\/chci-varhany.cz\/sk\/wp-json\/wp\/v2\/media?parent=1086"}],"wp:term":[{"taxonomy":"product_brand","embeddable":true,"href":"https:\/\/chci-varhany.cz\/sk\/wp-json\/wp\/v2\/product_brand?post=1086"},{"taxonomy":"product_cat","embeddable":true,"href":"https:\/\/chci-varhany.cz\/sk\/wp-json\/wp\/v2\/product_cat?post=1086"},{"taxonomy":"product_tag","embeddable":true,"href":"https:\/\/chci-varhany.cz\/sk\/wp-json\/wp\/v2\/product_tag?post=1086"}],"curies":[{"name":"wp","href":"https:\/\/api.w.org\/{rel}","templated":true}]}}