{"id":1118,"date":"2021-02-23T13:43:30","date_gmt":"2021-02-23T13:43:30","guid":{"rendered":"https:\/\/chci-varhany.cz\/?post_type=product&#038;p=1118"},"modified":"2023-01-16T13:34:46","modified_gmt":"2023-01-16T13:34:46","slug":"content-concerto-576","status":"publish","type":"product","link":"https:\/\/chci-varhany.cz\/sk\/produkt\/content-concerto-576\/","title":{"rendered":"Content Concerto 576 R"},"content":{"rendered":"<p>S\u00e9rie Concerto je spln\u011bn\u00fd sen za varhann\u00edm stolem! Content Orgels, inspirovan\u00fd starod\u00e1vn\u00fdmi varhanami v mnoha podob\u00e1ch, vyvinul varhany sv\u011btov\u00e9 t\u0159\u00eddy, Concerto 576. S ne m\u00e9n\u011b ne\u017e \u010dty\u0159mi jedine\u010dn\u00fdmi zvukov\u00fdmi sv\u011bty a kompletn\u00ed paletou rejst\u0159\u00edk\u016f zn\u00ed ka\u017ed\u00e9 varhann\u00ed d\u00edlo jako sen. Hudebn\u00ed p\u0159\u00ednos pro v\u00e1\u0161 (velk\u00fd) ob\u00fdvac\u00ed pokoj nebo koncertn\u00ed s\u00e1l!<\/p>\n<p>Concerto 576 se vyzna\u010duje \u0161irok\u00fdm a nesouc\u00edm zvukem s extr\u00e9mn\u011b rafinovanou definic\u00ed t\u00f3nu. Varhany pro budoucnost. Nejen z hlediska mo\u017enost\u00ed, ale tak\u00e9 z hlediska designu.<\/p>\n<p>5 klaviatur citliv\u00fdch na tlak hry<br \/>\n4 nez\u00e1visl\u00e9 zvukov\u00e9 styly<br \/>\n5 x 76 rejst\u0159\u00edk\u016f<br \/>\n10 x 45 obecn\u00fdch p\u0159edvoleb (x 4)<br \/>\nKonvolu\u010dn\u00ed dozvuk<br \/>\nExtravoice (112 programovateln\u00fdch orchestr\u00e1ln\u00edch hlas\u016f)<\/p>","protected":false},"excerpt":{"rendered":"<p>S\u00e9rie Concerto &#8211; spln\u011bn\u00fd sen za varhann\u00edm stolem.<\/p>","protected":false},"featured_media":2102,"template":"","meta":{"_acf_changed":false},"product_brand":[],"product_cat":[62,59],"product_tag":[],"class_list":{"0":"post-1118","1":"product","2":"type-product","3":"status-publish","4":"has-post-thumbnail","6":"product_cat-digitalni","7":"product_cat-varhany","9":"first","10":"instock","11":"taxable","12":"shipping-taxable","13":"purchasable","14":"product-type-simple"},"acf":[],"_links":{"self":[{"href":"https:\/\/chci-varhany.cz\/sk\/wp-json\/wp\/v2\/product\/1118","targetHints":{"allow":["GET"]}}],"collection":[{"href":"https:\/\/chci-varhany.cz\/sk\/wp-json\/wp\/v2\/product"}],"about":[{"href":"https:\/\/chci-varhany.cz\/sk\/wp-json\/wp\/v2\/types\/product"}],"wp:featuredmedia":[{"embeddable":true,"href":"https:\/\/chci-varhany.cz\/sk\/wp-json\/wp\/v2\/media\/2102"}],"wp:attachment":[{"href":"https:\/\/chci-varhany.cz\/sk\/wp-json\/wp\/v2\/media?parent=1118"}],"wp:term":[{"taxonomy":"product_brand","embeddable":true,"href":"https:\/\/chci-varhany.cz\/sk\/wp-json\/wp\/v2\/product_brand?post=1118"},{"taxonomy":"product_cat","embeddable":true,"href":"https:\/\/chci-varhany.cz\/sk\/wp-json\/wp\/v2\/product_cat?post=1118"},{"taxonomy":"product_tag","embeddable":true,"href":"https:\/\/chci-varhany.cz\/sk\/wp-json\/wp\/v2\/product_tag?post=1118"}],"curies":[{"name":"wp","href":"https:\/\/api.w.org\/{rel}","templated":true}]}}