{"id":1178,"date":"2021-03-07T10:03:42","date_gmt":"2021-03-07T10:03:42","guid":{"rendered":"https:\/\/chci-varhany.cz\/?post_type=product&#038;p=1178"},"modified":"2023-03-06T10:40:12","modified_gmt":"2023-03-06T10:40:12","slug":"viscount-chorum-10","status":"publish","type":"product","link":"https:\/\/chci-varhany.cz\/sk\/produkt\/viscount-chorum-10\/","title":{"rendered":"Viscount Chorum 10"},"content":{"rendered":"<h3>Viscount Chorum 10<\/h3>\n<ul>\n<li>84 registr\u016f + 14 orchestr\u00e1ln\u00edch registr\u016f<\/li>\n<li>21 rejst\u0159\u00edk\u016f<\/li>\n<li>Funkce &#8222;split&#8220; umo\u017e\u0148uje hr\u00e1t na n\u00e1stroj tak, jako by byl vybaven dv\u011bma manu\u00e1ly<\/li>\n<li>Ped\u00e1l hlasitosti man. II<\/li>\n<li>Tremulant: rozechv\u011bn\u00ed t\u00f3n\u016f (nastaviteln\u00fd)<\/li>\n<li>Staviteln\u00e9 vylad\u011bn\u00ed n\u00e1stroje<\/li>\n<li>Transposer: \u20133 a\u017e +3 stupn\u011b<\/li>\n<li>Osv\u011btlen\u00e1 ped\u00e1lnice<\/li>\n<li>Voln\u00e9 kombinace<\/li>\n<li>Midi In-Out<\/li>\n<li>USB vstup<\/li>\n<li>4 styly lad\u011bn\u00ed (Baroque, North German Barock, Romantic a Symphonic)<\/li>\n<li>Automatick\u00fd ped\u00e1l<\/li>\n<li>V\u00fdstup na sluch\u00e1tka (vypnut\u00ed reproduktor\u016f)<\/li>\n<li>Zesilova\u010d 80 W<\/li>\n<\/ul>\n<p>Na vy\u017e\u00e1d\u00e1n\u00ed:<\/p>\n<ul>\n<li>\u00a0Sv\u011btl\u00fd a tmav\u00fd dub<\/li>\n<li>Nastaviteln\u00e1 lavice<\/li>\n<li>Jin\u00e9 povrchov\u00e9 \u00fapravy<\/li>\n<li>&#8230;<\/li>\n<\/ul>","protected":false},"excerpt":{"rendered":"<p>Varhany Chorum 10 nab\u00edzej\u00ed cenov\u011b dostupnou a z\u00e1rove\u0148 velmi kvalitn\u00ed alternativu. 1 manu\u00e1l, 98 zvuk\u016f a 21 rejst\u0159\u00edk\u016f. Funkce split umo\u017e\u0148uje hr\u00e1t na n\u00e1stroj, jako by byl vybaven dv\u011bma manu\u00e1ly.<\/p>","protected":false},"featured_media":1303,"template":"","meta":{"_acf_changed":false},"product_brand":[],"product_cat":[62,59],"product_tag":[],"class_list":{"0":"post-1178","1":"product","2":"type-product","3":"status-publish","4":"has-post-thumbnail","6":"product_cat-digitalni","7":"product_cat-varhany","9":"first","10":"instock","11":"taxable","12":"shipping-taxable","13":"purchasable","14":"product-type-simple"},"acf":[],"_links":{"self":[{"href":"https:\/\/chci-varhany.cz\/sk\/wp-json\/wp\/v2\/product\/1178","targetHints":{"allow":["GET"]}}],"collection":[{"href":"https:\/\/chci-varhany.cz\/sk\/wp-json\/wp\/v2\/product"}],"about":[{"href":"https:\/\/chci-varhany.cz\/sk\/wp-json\/wp\/v2\/types\/product"}],"wp:featuredmedia":[{"embeddable":true,"href":"https:\/\/chci-varhany.cz\/sk\/wp-json\/wp\/v2\/media\/1303"}],"wp:attachment":[{"href":"https:\/\/chci-varhany.cz\/sk\/wp-json\/wp\/v2\/media?parent=1178"}],"wp:term":[{"taxonomy":"product_brand","embeddable":true,"href":"https:\/\/chci-varhany.cz\/sk\/wp-json\/wp\/v2\/product_brand?post=1178"},{"taxonomy":"product_cat","embeddable":true,"href":"https:\/\/chci-varhany.cz\/sk\/wp-json\/wp\/v2\/product_cat?post=1178"},{"taxonomy":"product_tag","embeddable":true,"href":"https:\/\/chci-varhany.cz\/sk\/wp-json\/wp\/v2\/product_tag?post=1178"}],"curies":[{"name":"wp","href":"https:\/\/api.w.org\/{rel}","templated":true}]}}