{"id":1205,"date":"2021-03-07T14:07:56","date_gmt":"2021-03-07T14:07:56","guid":{"rendered":"https:\/\/chci-varhany.cz\/?post_type=product&#038;p=1205"},"modified":"2023-03-06T10:40:30","modified_gmt":"2023-03-06T10:40:30","slug":"viscount-chorum-s40","status":"publish","type":"product","link":"https:\/\/chci-varhany.cz\/sk\/produkt\/viscount-chorum-s40\/","title":{"rendered":"Viscount Chorum S40"},"content":{"rendered":"<h3>Viscount Chorum S40<\/h3>\n<ul>\n<li>124 hlas\u016f<\/li>\n<li>31 rejst\u0159\u00edk\u016f<\/li>\n<li>4 zvukov\u00e9 intonace<\/li>\n<li>Ped\u00e1l hlasitosti man. II<\/li>\n<li>Tremulant: rozechv\u011bn\u00ed t\u00f3n\u016f (nastaviteln\u00fd)<\/li>\n<li>Staviteln\u00e9 vylad\u011bn\u00ed n\u00e1stroje<\/li>\n<li>Ozv\u011bna: Katedr\u00e1ln\u00ed efekt lze digit\u00e1ln\u011b plynule m\u011bnit<\/li>\n<li>Transposer: \u20136 a\u017e +5 stupn\u011b<\/li>\n<li>Voln\u00e9 kombinace<\/li>\n<li>Midi In-Out<\/li>\n<li>USB vstup, Stereo Aux vstup<\/li>\n<li>4 styly lad\u011bn\u00ed (Baroque, North German Barock, Romantic a Symphonic)<\/li>\n<li>Automatick\u00fd ped\u00e1l<\/li>\n<li>V\u00fdstup na sluch\u00e1tka (vypnut\u00ed reproduktor\u016f)<\/li>\n<li>St\u0159edn\u00ed, sv\u011btl\u00fd a tmav\u00fd dub<\/li>\n<li>Osv\u011btlen\u00ed ped\u00e1lnice<\/li>\n<li>Samplovan\u00e9 zvuky<\/li>\n<li>Invertovan\u00e1 kl\u00e1vesnice<\/li>\n<li>Zesilova\u010d 220 W<\/li>\n<\/ul>\n<p>Na vy\u017e\u00e1d\u00e1n\u00ed:<\/p>\n<ul>\n<li>Sv\u011btl\u00fd a tmav\u00fd dub<\/li>\n<li>Konk\u00e1vn\u00ed nebo radi\u00e1ln\u011b konk\u00e1vn\u00ed ped\u00e1lnice<\/li>\n<li>Nastaviteln\u00e1 lavice<\/li>\n<li>Jin\u00e9 povrchov\u00e9 \u00fapravy<\/li>\n<li>&#8230;<\/li>\n<\/ul>","protected":false},"excerpt":{"rendered":"<p>Varhany Chorum 40 maj\u00ed kr\u00e1sn\u00fd korpus vysok\u00e9 kvality a l\u00e1kaj\u00ed atraktivn\u00ed cenou. 2 manu\u00e1ly, 30 t\u00f3n\u016f a 3 orchestr\u00e1ln\u00ed hlasy.<\/p>","protected":false},"featured_media":1166,"template":"","meta":{"_acf_changed":false},"product_brand":[],"product_cat":[62,59],"product_tag":[],"class_list":{"0":"post-1205","1":"product","2":"type-product","3":"status-publish","4":"has-post-thumbnail","6":"product_cat-digitalni","7":"product_cat-varhany","9":"first","10":"instock","11":"taxable","12":"shipping-taxable","13":"purchasable","14":"product-type-simple"},"acf":[],"_links":{"self":[{"href":"https:\/\/chci-varhany.cz\/sk\/wp-json\/wp\/v2\/product\/1205","targetHints":{"allow":["GET"]}}],"collection":[{"href":"https:\/\/chci-varhany.cz\/sk\/wp-json\/wp\/v2\/product"}],"about":[{"href":"https:\/\/chci-varhany.cz\/sk\/wp-json\/wp\/v2\/types\/product"}],"wp:featuredmedia":[{"embeddable":true,"href":"https:\/\/chci-varhany.cz\/sk\/wp-json\/wp\/v2\/media\/1166"}],"wp:attachment":[{"href":"https:\/\/chci-varhany.cz\/sk\/wp-json\/wp\/v2\/media?parent=1205"}],"wp:term":[{"taxonomy":"product_brand","embeddable":true,"href":"https:\/\/chci-varhany.cz\/sk\/wp-json\/wp\/v2\/product_brand?post=1205"},{"taxonomy":"product_cat","embeddable":true,"href":"https:\/\/chci-varhany.cz\/sk\/wp-json\/wp\/v2\/product_cat?post=1205"},{"taxonomy":"product_tag","embeddable":true,"href":"https:\/\/chci-varhany.cz\/sk\/wp-json\/wp\/v2\/product_tag?post=1205"}],"curies":[{"name":"wp","href":"https:\/\/api.w.org\/{rel}","templated":true}]}}