{"id":1207,"date":"2021-03-08T10:35:16","date_gmt":"2021-03-08T10:35:16","guid":{"rendered":"https:\/\/chci-varhany.cz\/?post_type=product&#038;p=1207"},"modified":"2023-03-06T10:51:31","modified_gmt":"2023-03-06T10:51:31","slug":"viscount-unico-p35","status":"publish","type":"product","link":"https:\/\/chci-varhany.cz\/sk\/produkt\/viscount-unico-p35\/","title":{"rendered":"Viscount Unico P35"},"content":{"rendered":"<h3>Viscount Unico P35<\/h3>\n<ul>\n<li>V\u00edce ne\u017e 460 hlas\u016f<\/li>\n<li>35 rejst\u0159\u00edk\u016f<\/li>\n<li>Tremulant: rozechv\u011bn\u00ed t\u00f3n\u016f (nastaviteln\u00fd)<\/li>\n<li>Staviteln\u00e9 vylad\u011bn\u00ed n\u00e1stroje<\/li>\n<li>Ozv\u011bna: Katedr\u00e1ln\u00ed efekt lze digit\u00e1ln\u011b plynule m\u011bnit<\/li>\n<li>Transposer: \u20136 a\u017e +5 stupn\u011b<\/li>\n<li>Voln\u00e9 kombinace<\/li>\n<li>Midi In-Out<\/li>\n<li>USB vstup, Stereo Aux vstup<\/li>\n<li>4 styly + 4 u\u017eivatelsky upraviteln\u00e9 styly, mo\u017enost nahr\u00e1n\u00ed dal\u0161\u00edch<\/li>\n<li>Automatick\u00fd ped\u00e1l<\/li>\n<li>V\u00fdstup na sluch\u00e1tka (vypnut\u00ed reproduktor\u016f)<\/li>\n<li>St\u0159edn\u00ed, sv\u011btl\u00fd a tmav\u00fd dub<\/li>\n<li>Invertovan\u00e1 kl\u00e1vesnice<\/li>\n<li>Zesilova\u010d 220 W<\/li>\n<\/ul>\n<p>Na vy\u017e\u00e1d\u00e1n\u00ed:<\/p>\n<ul>\n<li>Sv\u011btl\u00fd a tmav\u00fd dub<\/li>\n<li>Konk\u00e1vn\u00ed nebo radi\u00e1ln\u011b konk\u00e1vn\u00ed ped\u00e1lnice<\/li>\n<li>Nastaviteln\u00e1 lavice<\/li>\n<li>Jin\u00e9 povrchov\u00e9 \u00fapravy<\/li>\n<li>30t\u00f3nov\u00e1 ped\u00e1lnice<\/li>\n<li>&#8230;<\/li>\n<\/ul>","protected":false},"excerpt":{"rendered":"<p>Viscount Unico P35 je dvoumanu\u00e1lov\u00fd n\u00e1stroj umo\u017e\u0148uj\u00edc\u00ed v\u00fdb\u011br ze stovek alternativn\u00edch registr\u016f pro ka\u017ed\u00fd rejst\u0159\u00edk, \u010d\u00edm\u017e poskytuje u\u017eivateli mo\u017enost vytvo\u0159it si svou vlastn\u00ed ide\u00e1ln\u00ed konfiguraci. Okouzl\u00ed ru\u010dn\u011b zpracovan\u00fdm korpusem s klasicky elegantn\u00edm vzhledem.<\/p>","protected":false},"featured_media":1210,"template":"","meta":{"_acf_changed":false},"product_brand":[],"product_cat":[62,59],"product_tag":[],"class_list":{"0":"post-1207","1":"product","2":"type-product","3":"status-publish","4":"has-post-thumbnail","6":"product_cat-digitalni","7":"product_cat-varhany","9":"first","10":"instock","11":"taxable","12":"shipping-taxable","13":"purchasable","14":"product-type-simple"},"acf":[],"_links":{"self":[{"href":"https:\/\/chci-varhany.cz\/sk\/wp-json\/wp\/v2\/product\/1207","targetHints":{"allow":["GET"]}}],"collection":[{"href":"https:\/\/chci-varhany.cz\/sk\/wp-json\/wp\/v2\/product"}],"about":[{"href":"https:\/\/chci-varhany.cz\/sk\/wp-json\/wp\/v2\/types\/product"}],"wp:featuredmedia":[{"embeddable":true,"href":"https:\/\/chci-varhany.cz\/sk\/wp-json\/wp\/v2\/media\/1210"}],"wp:attachment":[{"href":"https:\/\/chci-varhany.cz\/sk\/wp-json\/wp\/v2\/media?parent=1207"}],"wp:term":[{"taxonomy":"product_brand","embeddable":true,"href":"https:\/\/chci-varhany.cz\/sk\/wp-json\/wp\/v2\/product_brand?post=1207"},{"taxonomy":"product_cat","embeddable":true,"href":"https:\/\/chci-varhany.cz\/sk\/wp-json\/wp\/v2\/product_cat?post=1207"},{"taxonomy":"product_tag","embeddable":true,"href":"https:\/\/chci-varhany.cz\/sk\/wp-json\/wp\/v2\/product_tag?post=1207"}],"curies":[{"name":"wp","href":"https:\/\/api.w.org\/{rel}","templated":true}]}}