{"id":1248,"date":"2021-03-08T20:52:47","date_gmt":"2021-03-08T20:52:47","guid":{"rendered":"https:\/\/chci-varhany.cz\/?post_type=product&#038;p=1248"},"modified":"2023-03-06T10:46:23","modified_gmt":"2023-03-06T10:46:23","slug":"viscount-unico-500","status":"publish","type":"product","link":"https:\/\/chci-varhany.cz\/sk\/produkt\/viscount-unico-500\/","title":{"rendered":"Viscount Unico 500"},"content":{"rendered":"<h3>Viscount Unico 500<\/h3>\n<ul>\n<li>V\u00edce ne\u017e 480 hlas\u016f<\/li>\n<li>56 rejst\u0159\u00edk\u016f + 7 orchestr\u00e1ln\u00ed<\/li>\n<li>Ped\u00e1l hlasitosti man. I<\/li>\n<li>Ped\u00e1l hlasitosti man. III<\/li>\n<li>Tremulant: rozechv\u011bn\u00ed t\u00f3n\u016f (nastaviteln\u00fd)<\/li>\n<li>Staviteln\u00e9 vylad\u011bn\u00ed n\u00e1stroje<\/li>\n<li>Transposer: \u20136 a\u017e +5 stupn\u011b<\/li>\n<li>Voln\u00e9 kombinace<\/li>\n<li>Midi In-Thru-Out<\/li>\n<li>USB vstup, Stereo Aux vstup<\/li>\n<li>4 styly + 4 u\u017eivatelsky upraviteln\u00e9 styly, mo\u017enost nahr\u00e1n\u00ed dal\u0161\u00edch<\/li>\n<li>Automatick\u00fd ped\u00e1l<\/li>\n<li>V\u00fdstup na sluch\u00e1tka (vypnut\u00ed reproduktor\u016f)<\/li>\n<li>Invertovan\u00e1 kl\u00e1vesnice, pln\u011b p\u0159izp\u016fsobiteln\u00e1<\/li>\n<li>Zesilova\u010d 460 W<\/li>\n<\/ul>\n<p>Na vy\u017e\u00e1d\u00e1n\u00ed:<\/p>\n<ul>\n<li>Sv\u011btl\u00fd, st\u0159edn\u00ed a tmav\u00fd dub<\/li>\n<li>Konk\u00e1vn\u00ed nebo radi\u00e1ln\u011b konk\u00e1vn\u00ed ped\u00e1lnice<\/li>\n<li>Nastaviteln\u00e1 lavice<\/li>\n<li>Jin\u00e9 povrchov\u00e9 \u00fapravy<\/li>\n<li>&#8230;<\/li>\n<\/ul>","protected":false},"excerpt":{"rendered":"<p>Viscount Unico 500 je ide\u00e1ln\u00edm n\u00e1strojem pro prostorn\u00e9 kostely.<\/p>","protected":false},"featured_media":1249,"template":"","meta":{"_acf_changed":false},"product_brand":[],"product_cat":[62,59],"product_tag":[],"class_list":{"0":"post-1248","1":"product","2":"type-product","3":"status-publish","4":"has-post-thumbnail","6":"product_cat-digitalni","7":"product_cat-varhany","9":"first","10":"instock","11":"taxable","12":"shipping-taxable","13":"purchasable","14":"product-type-simple"},"acf":[],"_links":{"self":[{"href":"https:\/\/chci-varhany.cz\/sk\/wp-json\/wp\/v2\/product\/1248","targetHints":{"allow":["GET"]}}],"collection":[{"href":"https:\/\/chci-varhany.cz\/sk\/wp-json\/wp\/v2\/product"}],"about":[{"href":"https:\/\/chci-varhany.cz\/sk\/wp-json\/wp\/v2\/types\/product"}],"wp:featuredmedia":[{"embeddable":true,"href":"https:\/\/chci-varhany.cz\/sk\/wp-json\/wp\/v2\/media\/1249"}],"wp:attachment":[{"href":"https:\/\/chci-varhany.cz\/sk\/wp-json\/wp\/v2\/media?parent=1248"}],"wp:term":[{"taxonomy":"product_brand","embeddable":true,"href":"https:\/\/chci-varhany.cz\/sk\/wp-json\/wp\/v2\/product_brand?post=1248"},{"taxonomy":"product_cat","embeddable":true,"href":"https:\/\/chci-varhany.cz\/sk\/wp-json\/wp\/v2\/product_cat?post=1248"},{"taxonomy":"product_tag","embeddable":true,"href":"https:\/\/chci-varhany.cz\/sk\/wp-json\/wp\/v2\/product_tag?post=1248"}],"curies":[{"name":"wp","href":"https:\/\/api.w.org\/{rel}","templated":true}]}}