{"id":1392,"date":"2021-03-11T11:21:12","date_gmt":"2021-03-11T11:21:12","guid":{"rendered":"https:\/\/chci-varhany.cz\/?post_type=product&#038;p=1392"},"modified":"2023-03-06T10:57:47","modified_gmt":"2023-03-06T10:57:47","slug":"viscount-hymmersive-372","status":"publish","type":"product","link":"https:\/\/chci-varhany.cz\/sk\/produkt\/viscount-hymmersive-372\/","title":{"rendered":"Viscount Hymmersive 372"},"content":{"rendered":"<h3>Viscount Hymmersive 372<\/h3>\n<ul>\n<li>Technologie H2T (Hymmersive Hauptwerk Technology)<\/li>\n<li>Processor Intel i5, pam\u011b\u0165 15GB, SSD 256GB (specifikace je mo\u017en\u00e9 na vy\u017e\u00e1d\u00e1n\u00ed upravit)<\/li>\n<li>72 rejst\u0159\u00edk\u016f<\/li>\n<li>Midi In-Thru-Out<\/li>\n<li>USB vstup<\/li>\n<li>V\u00fdstup na sluch\u00e1tka (vypnut\u00ed reproduktor\u016f)<\/li>\n<li>Invertovan\u00e1 kl\u00e1vesnice<\/li>\n<\/ul>\n<p>Na vy\u017e\u00e1d\u00e1n\u00ed:<\/p>\n<ul>\n<li>Konk\u00e1vn\u00ed nebo radi\u00e1ln\u011b konk\u00e1vn\u00ed ped\u00e1lnice<\/li>\n<li>Nastaviteln\u00e1 lavice<\/li>\n<li>Jin\u00e9 povrchov\u00e9 \u00fapravy<\/li>\n<li>Ped\u00e1lnice 30 nebo 32t\u00f3nov\u00e1<\/li>\n<li>&#8230;<\/li>\n<\/ul>","protected":false},"excerpt":{"rendered":"<p>Hymmersive 372 byl vybaven revolu\u010dn\u00edm designem schopn\u00fdm nab\u00eddnout varhan\u00edkovi kr\u00e1sn\u00fd, flexibiln\u00ed a spolehliv\u00fd hardware pro po\u010d\u00edta\u010dov\u011b zalo\u017een\u00e9 varhany. Konzole reprodukuje zvuky ka\u017ed\u00e9ho po\u010d\u00edta\u010dov\u00e9ho programu Haupwerk\u00a0 v nastaven\u00ed, v jak\u00e9m si jen bude p\u0159\u00e1t.<\/p>\n<p>Hymmersive dok\u00e1\u017ee extr\u00e9mn\u011b realisticky napodobit zvu\u010dnost unik\u00e1tn\u00edch akustick\u00fdch prost\u0159ed\u00ed.<\/p>","protected":false},"featured_media":1396,"template":"","meta":{"_acf_changed":false},"product_brand":[],"product_cat":[62,59],"product_tag":[],"class_list":{"0":"post-1392","1":"product","2":"type-product","3":"status-publish","4":"has-post-thumbnail","6":"product_cat-digitalni","7":"product_cat-varhany","9":"first","10":"instock","11":"taxable","12":"shipping-taxable","13":"purchasable","14":"product-type-simple"},"acf":[],"_links":{"self":[{"href":"https:\/\/chci-varhany.cz\/sk\/wp-json\/wp\/v2\/product\/1392","targetHints":{"allow":["GET"]}}],"collection":[{"href":"https:\/\/chci-varhany.cz\/sk\/wp-json\/wp\/v2\/product"}],"about":[{"href":"https:\/\/chci-varhany.cz\/sk\/wp-json\/wp\/v2\/types\/product"}],"wp:featuredmedia":[{"embeddable":true,"href":"https:\/\/chci-varhany.cz\/sk\/wp-json\/wp\/v2\/media\/1396"}],"wp:attachment":[{"href":"https:\/\/chci-varhany.cz\/sk\/wp-json\/wp\/v2\/media?parent=1392"}],"wp:term":[{"taxonomy":"product_brand","embeddable":true,"href":"https:\/\/chci-varhany.cz\/sk\/wp-json\/wp\/v2\/product_brand?post=1392"},{"taxonomy":"product_cat","embeddable":true,"href":"https:\/\/chci-varhany.cz\/sk\/wp-json\/wp\/v2\/product_cat?post=1392"},{"taxonomy":"product_tag","embeddable":true,"href":"https:\/\/chci-varhany.cz\/sk\/wp-json\/wp\/v2\/product_tag?post=1392"}],"curies":[{"name":"wp","href":"https:\/\/api.w.org\/{rel}","templated":true}]}}