{"id":1542,"date":"2021-03-15T12:14:51","date_gmt":"2021-03-15T12:14:51","guid":{"rendered":"https:\/\/chci-varhany.cz\/?post_type=product&#038;p=1542"},"modified":"2025-07-09T11:29:53","modified_gmt":"2025-07-09T11:29:53","slug":"content-chapel-246r","status":"publish","type":"product","link":"https:\/\/chci-varhany.cz\/sk\/produkt\/content-chapel-246r\/","title":{"rendered":"Content Chapel 246R"},"content":{"rendered":"<p>Chapel 246R p\u0159edstavuje vzne\u0161enost obrovsk\u00fdch kostel\u016f za p\u0159ijatelnou cenu. Je vhodn\u00fd pro velk\u00e9 sbory, majest\u00e1tn\u00ed katedr\u00e1ly i koncertn\u00ed haly.<\/p>\n<p>Na\u0161e inovativn\u00ed technologie nab\u00edz\u00ed p\u0159esn\u00fd a pohlcuj\u00edc\u00ed varhann\u00ed zvuk s bezprecedentn\u00ed \u00farovn\u00ed kvality. Skv\u011ble se uplatn\u00ed v intimn\u00edch prostor\u00e1ch i impozantn\u00edch katedr\u00e1l\u00e1ch. N\u00e1\u0161 jedine\u010dn\u00fd zvukov\u00fd syst\u00e9m d\u00e1v\u00e1 hudebn\u00edkovi mo\u017enost v\u00fdb\u011bru perfektn\u00edho prost\u0159ed\u00ed pro vystoupen\u00ed.<\/p>\n<ul>\n<li>2 manu\u00e1ly<\/li>\n<li>4 x 46 rejst\u0159\u00edk\u016f<\/li>\n<li>4 unik\u00e1tn\u00ed varhann\u00ed styly: baroque, classic, romantic, symphonic<\/li>\n<li>Kompletn\u00ed extern\u00ed audiosyst\u00e9m<\/li>\n<li>Monitorovac\u00ed syst\u00e9m v nastaven\u00ed konzole<\/li>\n<li>Flexibiln\u00ed Cantate Technology platform<\/li>\n<li>Osobn\u00ed zvukov\u00e9 mo\u017enosti &#8211; Personal Control Center umo\u017e\u0148uje snadno vybrat a p\u0159izp\u016fsobit kter\u00fdkoliv ze \u010dty\u0159 styl\u016f va\u0161im osobn\u00edm pot\u0159eb\u00e1m u ka\u017ed\u00e9ho rejst\u0159\u00edku<\/li>\n<li>Pro kostely o v\u00edce 1000 n\u00e1v\u0161t\u011bvn\u00edc\u00edch<\/li>\n<\/ul>","protected":false},"excerpt":{"rendered":"<p>Chapel 246R je schopen skv\u011ble doprovodit zp\u011bv v\u00edce ne\u017e 1000 lid\u00ed. Nab\u00edz\u00ed je\u0161t\u011b v\u00edce mo\u017enost\u00ed ne\u017e mal\u00e9 p\u00ed\u0161\u0165alov\u00e9 varhany.<\/p>","protected":false},"featured_media":1543,"template":"","meta":{"_acf_changed":false},"product_brand":[],"product_cat":[62,59],"product_tag":[],"class_list":{"0":"post-1542","1":"product","2":"type-product","3":"status-publish","4":"has-post-thumbnail","6":"product_cat-digitalni","7":"product_cat-varhany","9":"first","10":"instock","11":"taxable","12":"shipping-taxable","13":"purchasable","14":"product-type-simple"},"acf":[],"_links":{"self":[{"href":"https:\/\/chci-varhany.cz\/sk\/wp-json\/wp\/v2\/product\/1542","targetHints":{"allow":["GET"]}}],"collection":[{"href":"https:\/\/chci-varhany.cz\/sk\/wp-json\/wp\/v2\/product"}],"about":[{"href":"https:\/\/chci-varhany.cz\/sk\/wp-json\/wp\/v2\/types\/product"}],"wp:featuredmedia":[{"embeddable":true,"href":"https:\/\/chci-varhany.cz\/sk\/wp-json\/wp\/v2\/media\/1543"}],"wp:attachment":[{"href":"https:\/\/chci-varhany.cz\/sk\/wp-json\/wp\/v2\/media?parent=1542"}],"wp:term":[{"taxonomy":"product_brand","embeddable":true,"href":"https:\/\/chci-varhany.cz\/sk\/wp-json\/wp\/v2\/product_brand?post=1542"},{"taxonomy":"product_cat","embeddable":true,"href":"https:\/\/chci-varhany.cz\/sk\/wp-json\/wp\/v2\/product_cat?post=1542"},{"taxonomy":"product_tag","embeddable":true,"href":"https:\/\/chci-varhany.cz\/sk\/wp-json\/wp\/v2\/product_tag?post=1542"}],"curies":[{"name":"wp","href":"https:\/\/api.w.org\/{rel}","templated":true}]}}