{"id":1562,"date":"2021-03-15T13:57:49","date_gmt":"2021-03-15T13:57:49","guid":{"rendered":"https:\/\/chci-varhany.cz\/?post_type=product&#038;p=1562"},"modified":"2025-07-09T11:32:15","modified_gmt":"2025-07-09T11:32:15","slug":"content-cambiare-335","status":"publish","type":"product","link":"https:\/\/chci-varhany.cz\/sk\/produkt\/content-cambiare-335\/","title":{"rendered":"Content Cambiare 335"},"content":{"rendered":"<h3>Cambiare 335<\/h3>\n<p>S n\u00e1stupem produkt\u016f streamovac\u00edho audia do va\u0161i dom\u016f a do kostel\u016f, kter\u00fdch je Hauptwerk nejz\u00e1\u0159iv\u011bj\u0161\u00edm p\u0159\u00edkladem, za\u010d\u00edn\u00e1 nov\u00e1 \u00e9ra varhan\u00edk\u016f &#8211; velk\u00e1 flexibilita, autentick\u00fd zvuk a \u0161irok\u00e9 spektrum (historick\u00fdch) dostupn\u00fdch kostelov\u00fdch varhan. Ka\u017ed\u00e9 varhany maj\u00ed sv\u016fj vlastn\u00ed charakter, dispozice a osobit\u00fd zvukov\u00fd z\u00e1\u017eitek. S\u00e9rie Content Cambiare p\u0159in\u00e1\u0161\u00ed autenticitu a grandi\u00f3znost mal\u00fdch i velk\u00fdch kostelov\u00fdch varhan do va\u0161ich dom\u016f a \u017eivot\u016f.<\/p>\n<p>3 manu\u00e1ly<br \/>\nNa dotyk citliv\u00e9 kl\u00e1vesy<br \/>\nUltim\u00e1tn\u00ed zvukov\u00fd z\u00e1\u017eitek d\u00edky vlastn\u00edmu zvukov\u00e9mu protokolu<br \/>\nSnadn\u00fd k ovl\u00e1d\u00e1n\u00ed<br \/>\nSnadn\u00e9 p\u0159ep\u00edn\u00e1n\u00ed mezi styly<br \/>\n17&#8243; dotykov\u00e1 obrazovka<br \/>\nModern\u00ed design<br \/>\nMultifunk\u010dn\u00ed audio syst\u00e9m<br \/>\nModul\u00e1rn\u011b nahraditeln\u00fd audio syst\u00e9m<br \/>\nNov\u00e1 vylep\u0161en\u00ed lze snadno implementovat na st\u00e1vaj\u00edc\u00ed konzoli<br \/>\nPodpora a instalace nov\u00fdch styl\u016f p\u0159es internet<br \/>\nD\u0159ev\u011bn\u00e9 komponenty na vy\u017e\u00e1d\u00e1n\u00ed<\/p>","protected":false},"excerpt":{"rendered":"<p>S\u00e9rie Content Cambiare p\u0159in\u00e1\u0161\u00ed autenticitu a grandi\u00f3znost mal\u00fdch i velk\u00fdch kostelov\u00fdch varhan do va\u0161ich dom\u016f a \u017eivot\u016f.<\/p>","protected":false},"featured_media":1563,"template":"","meta":{"_acf_changed":false},"product_brand":[],"product_cat":[62,59],"product_tag":[],"class_list":{"0":"post-1562","1":"product","2":"type-product","3":"status-publish","4":"has-post-thumbnail","6":"product_cat-digitalni","7":"product_cat-varhany","9":"first","10":"instock","11":"taxable","12":"shipping-taxable","13":"purchasable","14":"product-type-simple"},"acf":[],"_links":{"self":[{"href":"https:\/\/chci-varhany.cz\/sk\/wp-json\/wp\/v2\/product\/1562","targetHints":{"allow":["GET"]}}],"collection":[{"href":"https:\/\/chci-varhany.cz\/sk\/wp-json\/wp\/v2\/product"}],"about":[{"href":"https:\/\/chci-varhany.cz\/sk\/wp-json\/wp\/v2\/types\/product"}],"wp:featuredmedia":[{"embeddable":true,"href":"https:\/\/chci-varhany.cz\/sk\/wp-json\/wp\/v2\/media\/1563"}],"wp:attachment":[{"href":"https:\/\/chci-varhany.cz\/sk\/wp-json\/wp\/v2\/media?parent=1562"}],"wp:term":[{"taxonomy":"product_brand","embeddable":true,"href":"https:\/\/chci-varhany.cz\/sk\/wp-json\/wp\/v2\/product_brand?post=1562"},{"taxonomy":"product_cat","embeddable":true,"href":"https:\/\/chci-varhany.cz\/sk\/wp-json\/wp\/v2\/product_cat?post=1562"},{"taxonomy":"product_tag","embeddable":true,"href":"https:\/\/chci-varhany.cz\/sk\/wp-json\/wp\/v2\/product_tag?post=1562"}],"curies":[{"name":"wp","href":"https:\/\/api.w.org\/{rel}","templated":true}]}}