{"id":1630,"date":"2021-03-16T20:57:59","date_gmt":"2021-03-16T20:57:59","guid":{"rendered":"https:\/\/chci-varhany.cz\/?post_type=product&#038;p=1630"},"modified":"2026-02-10T09:48:46","modified_gmt":"2026-02-10T09:48:46","slug":"eminent-dcs-200","status":"publish","type":"product","link":"https:\/\/chci-varhany.cz\/sk\/produkt\/eminent-dcs-200\/","title":{"rendered":"Eminent DCS 200"},"content":{"rendered":"<ul>\n<li>27\u00a0Digit\u00e1ln\u00edch registr\u016f<\/li>\n<li>Ped\u00e1l hlasitosti man. I<\/li>\n<li>Ped\u00e1l hlasitosti man. II<\/li>\n<li>Tremulant: rozechv\u011bn\u00ed t\u00f3n\u016f<\/li>\n<li>Ozv\u011bna: Katedr\u00e1ln\u00ed efekt lze digit\u00e1ln\u011b plynule m\u011bnit<\/li>\n<li>Transposer:\u00a0\u20133 a\u017e +3\u00a0stupn\u011b<\/li>\n<li>8\u00a0z\u00e1kladn\u00edch kombinac\u00ed<\/li>\n<li>Midi In-Thru-Out<\/li>\n<li>Simulace m\u011bch\u016f<\/li>\n<li>12\u00a0Styl\u016f lad\u011bn\u00ed<\/li>\n<\/ul>","protected":false},"excerpt":{"rendered":"<p>27\u00a0Digit\u00e1ln\u00edch registr\u016f Ped\u00e1l hlasitosti man. I Ped\u00e1l hlasitosti man. II Tremulant: rozechv\u011bn\u00ed t\u00f3n\u016f Ozv\u011bna: Katedr\u00e1ln\u00ed efekt lze digit\u00e1ln\u011b plynule m\u011bnit Transposer:\u00a0\u20133 a\u017e +3\u00a0stupn\u011b 8\u00a0z\u00e1kladn\u00edch kombinac\u00ed Midi In-Thru-Out Simulace m\u011bch\u016f 12\u00a0Styl\u016f lad\u011bn\u00ed<\/p>","protected":false},"featured_media":1631,"template":"","meta":{"_acf_changed":false},"product_brand":[],"product_cat":[62,59],"product_tag":[],"class_list":{"0":"post-1630","1":"product","2":"type-product","3":"status-publish","4":"has-post-thumbnail","6":"product_cat-digitalni","7":"product_cat-varhany","9":"first","10":"instock","11":"taxable","12":"shipping-taxable","13":"purchasable","14":"product-type-simple"},"acf":[],"_links":{"self":[{"href":"https:\/\/chci-varhany.cz\/sk\/wp-json\/wp\/v2\/product\/1630","targetHints":{"allow":["GET"]}}],"collection":[{"href":"https:\/\/chci-varhany.cz\/sk\/wp-json\/wp\/v2\/product"}],"about":[{"href":"https:\/\/chci-varhany.cz\/sk\/wp-json\/wp\/v2\/types\/product"}],"wp:featuredmedia":[{"embeddable":true,"href":"https:\/\/chci-varhany.cz\/sk\/wp-json\/wp\/v2\/media\/1631"}],"wp:attachment":[{"href":"https:\/\/chci-varhany.cz\/sk\/wp-json\/wp\/v2\/media?parent=1630"}],"wp:term":[{"taxonomy":"product_brand","embeddable":true,"href":"https:\/\/chci-varhany.cz\/sk\/wp-json\/wp\/v2\/product_brand?post=1630"},{"taxonomy":"product_cat","embeddable":true,"href":"https:\/\/chci-varhany.cz\/sk\/wp-json\/wp\/v2\/product_cat?post=1630"},{"taxonomy":"product_tag","embeddable":true,"href":"https:\/\/chci-varhany.cz\/sk\/wp-json\/wp\/v2\/product_tag?post=1630"}],"curies":[{"name":"wp","href":"https:\/\/api.w.org\/{rel}","templated":true}]}}