{"id":1642,"date":"2021-03-16T22:27:29","date_gmt":"2021-03-16T22:27:29","guid":{"rendered":"https:\/\/chci-varhany.cz\/?post_type=product&#038;p=1642"},"modified":"2021-03-23T21:39:46","modified_gmt":"2021-03-23T21:39:46","slug":"harmonium-petrof-kopirovat","status":"publish","type":"product","link":"https:\/\/chci-varhany.cz\/sk\/produkt\/harmonium-petrof-kopirovat\/","title":{"rendered":"Dvoumanu\u00e1lov\u00e9 Harmonium"},"content":{"rendered":"<ul>\n<li>Sac\u00ed harmonium<\/li>\n<li>30t line\u00e1rn\u00ed ped\u00e1lnice<\/li>\n<li>Tichob\u011b\u017en\u00fd ventil\u00e1tor<\/li>\n<li>Mechanick\u00e1 traktura<\/li>\n<li>Harmonium bylo vyrobeno na p\u0159elomu osmdes\u00e1t\u00fdch let<\/li>\n<li>Velice p\u011bkn\u00fd zvuk<\/li>\n<\/ul>","protected":false},"excerpt":{"rendered":"<p>Sac\u00ed harmonium 30t line\u00e1rn\u00ed ped\u00e1lnice Tichob\u011b\u017en\u00fd ventil\u00e1tor Mechanick\u00e1 traktura Harmonium bylo vyrobeno na p\u0159elomu osmdes\u00e1t\u00fdch let Velice p\u011bkn\u00fd zvuk<\/p>","protected":false},"featured_media":1895,"template":"","meta":{"_acf_changed":false},"product_brand":[],"product_cat":[64,59],"product_tag":[],"class_list":{"0":"post-1642","1":"product","2":"type-product","3":"status-publish","4":"has-post-thumbnail","6":"product_cat-harmonia","7":"product_cat-varhany","9":"first","10":"instock","11":"taxable","12":"shipping-taxable","13":"purchasable","14":"product-type-simple"},"acf":[],"_links":{"self":[{"href":"https:\/\/chci-varhany.cz\/sk\/wp-json\/wp\/v2\/product\/1642","targetHints":{"allow":["GET"]}}],"collection":[{"href":"https:\/\/chci-varhany.cz\/sk\/wp-json\/wp\/v2\/product"}],"about":[{"href":"https:\/\/chci-varhany.cz\/sk\/wp-json\/wp\/v2\/types\/product"}],"wp:featuredmedia":[{"embeddable":true,"href":"https:\/\/chci-varhany.cz\/sk\/wp-json\/wp\/v2\/media\/1895"}],"wp:attachment":[{"href":"https:\/\/chci-varhany.cz\/sk\/wp-json\/wp\/v2\/media?parent=1642"}],"wp:term":[{"taxonomy":"product_brand","embeddable":true,"href":"https:\/\/chci-varhany.cz\/sk\/wp-json\/wp\/v2\/product_brand?post=1642"},{"taxonomy":"product_cat","embeddable":true,"href":"https:\/\/chci-varhany.cz\/sk\/wp-json\/wp\/v2\/product_cat?post=1642"},{"taxonomy":"product_tag","embeddable":true,"href":"https:\/\/chci-varhany.cz\/sk\/wp-json\/wp\/v2\/product_tag?post=1642"}],"curies":[{"name":"wp","href":"https:\/\/api.w.org\/{rel}","templated":true}]}}