{"id":1723,"date":"2021-03-18T19:57:06","date_gmt":"2021-03-18T19:57:06","guid":{"rendered":"https:\/\/chci-varhany.cz\/?post_type=product&#038;p=1723"},"modified":"2021-03-18T19:57:07","modified_gmt":"2021-03-18T19:57:07","slug":"prenosne-varhany-peter","status":"publish","type":"product","link":"https:\/\/chci-varhany.cz\/sk\/produkt\/prenosne-varhany-peter\/","title":{"rendered":"P\u0159enosn\u00e9 varhany Peter"},"content":{"rendered":"<p>Sk\u0159\u00ed\u0148ov\u00fd jednomanu\u00e1lov\u00fd kabinetov\u00fd n\u00e1stroj, lehce p\u0159enosn\u00fd a kompaktn\u00ed<\/p>\n<ul>\n<li>1 manu\u00e1l<\/li>\n<li>4 rejst\u0159\u00edky<\/li>\n<li>Mechanick\u00e1 traktura<\/li>\n<li>Pro koncerty\/p\u0159enosn\u00fd<\/li>\n<li>P\u0159edb\u011b\u017en\u00e1 cena v\u010detn\u011b mont\u00e1\u017ee a lad\u011bn\u00ed<\/li>\n<li>Rok v\u00fdroby 1994<\/li>\n<\/ul>","protected":false},"excerpt":{"rendered":"<p>Sk\u0159\u00ed\u0148ov\u00fd jednomanu\u00e1lov\u00fd kabinetov\u00fd n\u00e1stroj, lehce p\u0159enosn\u00fd a kompaktn\u00ed 1 manu\u00e1l 4 rejst\u0159\u00edky Mechanick\u00e1 traktura Pro koncerty\/p\u0159enosn\u00fd P\u0159edb\u011b\u017en\u00e1 cena v\u010detn\u011b mont\u00e1\u017ee a lad\u011bn\u00ed Rok v\u00fdroby 1994<\/p>","protected":false},"featured_media":1725,"template":"","meta":{"_acf_changed":false},"product_brand":[],"product_cat":[63,59],"product_tag":[],"class_list":{"0":"post-1723","1":"product","2":"type-product","3":"status-publish","4":"has-post-thumbnail","6":"product_cat-pistalove","7":"product_cat-varhany","9":"first","10":"instock","11":"taxable","12":"shipping-taxable","13":"purchasable","14":"product-type-simple"},"acf":[],"_links":{"self":[{"href":"https:\/\/chci-varhany.cz\/sk\/wp-json\/wp\/v2\/product\/1723","targetHints":{"allow":["GET"]}}],"collection":[{"href":"https:\/\/chci-varhany.cz\/sk\/wp-json\/wp\/v2\/product"}],"about":[{"href":"https:\/\/chci-varhany.cz\/sk\/wp-json\/wp\/v2\/types\/product"}],"wp:featuredmedia":[{"embeddable":true,"href":"https:\/\/chci-varhany.cz\/sk\/wp-json\/wp\/v2\/media\/1725"}],"wp:attachment":[{"href":"https:\/\/chci-varhany.cz\/sk\/wp-json\/wp\/v2\/media?parent=1723"}],"wp:term":[{"taxonomy":"product_brand","embeddable":true,"href":"https:\/\/chci-varhany.cz\/sk\/wp-json\/wp\/v2\/product_brand?post=1723"},{"taxonomy":"product_cat","embeddable":true,"href":"https:\/\/chci-varhany.cz\/sk\/wp-json\/wp\/v2\/product_cat?post=1723"},{"taxonomy":"product_tag","embeddable":true,"href":"https:\/\/chci-varhany.cz\/sk\/wp-json\/wp\/v2\/product_tag?post=1723"}],"curies":[{"name":"wp","href":"https:\/\/api.w.org\/{rel}","templated":true}]}}