{"id":1724,"date":"2021-03-18T19:48:17","date_gmt":"2021-03-18T19:48:17","guid":{"rendered":"https:\/\/chci-varhany.cz\/?post_type=product&#038;p=1724"},"modified":"2021-03-25T19:05:24","modified_gmt":"2021-03-25T19:05:24","slug":"content-d-1500","status":"publish","type":"product","link":"https:\/\/chci-varhany.cz\/sk\/produkt\/content-d-1500\/","title":{"rendered":"Content D 1500"},"content":{"rendered":"<h3>Content D 1500<\/h3>\n<ul>\n<li>31 Digit\u00e1ln\u00edch rejst\u0159\u00edk\u016f<\/li>\n<li>Ped\u00e1l hlasitosti man. I<\/li>\n<li>Tremulant: rozechv\u011bn\u00ed t\u00f3n\u016f<\/li>\n<li>Ozv\u011bna: Katedr\u00e1ln\u00ed efekt lze digit\u00e1ln\u011b plynule m\u011bnit<\/li>\n<li>Transposer:\u00a0\u20134 a\u017e +3\u00a0stupn\u011b<\/li>\n<li>6\u00a0z\u00e1kladn\u00edch a 5\u00a0voln\u00fdch kombinac\u00ed<\/li>\n<li>Osv\u011btlen\u00ed ped\u00e1lnice<\/li>\n<li>Roleta<\/li>\n<\/ul>","protected":false},"excerpt":{"rendered":"<p>Dvoumanu\u00e1lov\u00e9 varhany zna\u010dky Content s 31 digit\u00e1ln\u00edmi rejst\u0159\u00edky a 32t\u00f3novou ped\u00e1lnic\u00ed.<\/p>","protected":false},"featured_media":1729,"template":"","meta":{"_acf_changed":false},"product_brand":[],"product_cat":[62,59],"product_tag":[],"class_list":{"0":"post-1724","1":"product","2":"type-product","3":"status-publish","4":"has-post-thumbnail","6":"product_cat-digitalni","7":"product_cat-varhany","9":"first","10":"instock","11":"taxable","12":"shipping-taxable","13":"product-type-simple"},"acf":[],"_links":{"self":[{"href":"https:\/\/chci-varhany.cz\/sk\/wp-json\/wp\/v2\/product\/1724","targetHints":{"allow":["GET"]}}],"collection":[{"href":"https:\/\/chci-varhany.cz\/sk\/wp-json\/wp\/v2\/product"}],"about":[{"href":"https:\/\/chci-varhany.cz\/sk\/wp-json\/wp\/v2\/types\/product"}],"wp:featuredmedia":[{"embeddable":true,"href":"https:\/\/chci-varhany.cz\/sk\/wp-json\/wp\/v2\/media\/1729"}],"wp:attachment":[{"href":"https:\/\/chci-varhany.cz\/sk\/wp-json\/wp\/v2\/media?parent=1724"}],"wp:term":[{"taxonomy":"product_brand","embeddable":true,"href":"https:\/\/chci-varhany.cz\/sk\/wp-json\/wp\/v2\/product_brand?post=1724"},{"taxonomy":"product_cat","embeddable":true,"href":"https:\/\/chci-varhany.cz\/sk\/wp-json\/wp\/v2\/product_cat?post=1724"},{"taxonomy":"product_tag","embeddable":true,"href":"https:\/\/chci-varhany.cz\/sk\/wp-json\/wp\/v2\/product_tag?post=1724"}],"curies":[{"name":"wp","href":"https:\/\/api.w.org\/{rel}","templated":true}]}}