{"id":1745,"date":"2021-03-18T20:39:16","date_gmt":"2021-03-18T20:39:16","guid":{"rendered":"https:\/\/chci-varhany.cz\/?post_type=product&#038;p=1745"},"modified":"2023-03-06T10:59:47","modified_gmt":"2023-03-06T10:59:47","slug":"nastavitelna-varhanni-lavice-30t","status":"publish","type":"product","link":"https:\/\/chci-varhany.cz\/sk\/produkt\/nastavitelna-varhanni-lavice-30t\/","title":{"rendered":"Nastaviteln\u00e1 varhann\u00ed lavice 30t"},"content":{"rendered":"<div id=\"shortDescription\">\n<p>Nastavitelnou varhann\u00ed lavici vyr\u00e1b\u00ed na\u0161e firma z\u00a0kvalitn\u00edho dubu a\u00a0d\u00fdhy.<\/p>\n<p>V\u00fd\u0161ka 57\u201373cm (p\u0159i zvl\u00e1\u0161tn\u00edm po\u017eadavku je mo\u017en\u00e9 i\u00a0v\u00fd\u0161e)<\/p>\n<p>pro 27\u00a0a 30\u00a0t\u00f3nov\u00e9 ped\u00e1lnice<\/p>\n<p>pro n\u011bkter\u00e9 32\u00a0t\u00f3nov\u00e9 ped\u00e1lnice<\/p>\n<\/div>\n<p>Dal\u0161\u00ed mo\u017enosti:<\/p>\n<div id=\"shortDescription\">\n<ul>\n<li>Barva na p\u0159\u00e1n\u00ed ke st\u00e1vaj\u00edc\u00edmu n\u00e1stroji.<\/li>\n<li>32 t\u00f3nov\u00e1 varianta<\/li>\n<li>\u00dalo\u017en\u00fd prostor v lavici<\/li>\n<li>Radi\u00e1ln\u00ed sed\u00e1k<\/li>\n<\/ul>\n<p>&nbsp;<\/p>\n<\/div>","protected":false},"excerpt":{"rendered":"<p>Nastavitelnou varhann\u00ed lavici vyr\u00e1b\u00ed na\u0161e firma z\u00a0kvalitn\u00edho dubu a\u00a0d\u00fdhy. V\u00fd\u0161ka 57\u201373cm (p\u0159i zvl\u00e1\u0161tn\u00edm po\u017eadavku je mo\u017en\u00e9 i\u00a0v\u00fd\u0161e) pro 27\u00a0a 30\u00a0t\u00f3nov\u00e9 ped\u00e1lnice pro n\u011bkter\u00e9 32\u00a0t\u00f3nov\u00e9 ped\u00e1lnice Dal\u0161\u00ed mo\u017enosti: Barva na p\u0159\u00e1n\u00ed ke st\u00e1vaj\u00edc\u00edmu n\u00e1stroji. 32 t\u00f3nov\u00e1 varianta \u00dalo\u017en\u00fd prostor v lavici [&hellip;]<\/p>","protected":false},"featured_media":1749,"template":"","meta":{"_acf_changed":false},"product_brand":[],"product_cat":[60],"product_tag":[],"class_list":{"0":"post-1745","1":"product","2":"type-product","3":"status-publish","4":"has-post-thumbnail","6":"product_cat-prislusenstvi","8":"first","9":"instock","10":"taxable","11":"shipping-taxable","12":"purchasable","13":"product-type-simple"},"acf":[],"_links":{"self":[{"href":"https:\/\/chci-varhany.cz\/sk\/wp-json\/wp\/v2\/product\/1745","targetHints":{"allow":["GET"]}}],"collection":[{"href":"https:\/\/chci-varhany.cz\/sk\/wp-json\/wp\/v2\/product"}],"about":[{"href":"https:\/\/chci-varhany.cz\/sk\/wp-json\/wp\/v2\/types\/product"}],"wp:featuredmedia":[{"embeddable":true,"href":"https:\/\/chci-varhany.cz\/sk\/wp-json\/wp\/v2\/media\/1749"}],"wp:attachment":[{"href":"https:\/\/chci-varhany.cz\/sk\/wp-json\/wp\/v2\/media?parent=1745"}],"wp:term":[{"taxonomy":"product_brand","embeddable":true,"href":"https:\/\/chci-varhany.cz\/sk\/wp-json\/wp\/v2\/product_brand?post=1745"},{"taxonomy":"product_cat","embeddable":true,"href":"https:\/\/chci-varhany.cz\/sk\/wp-json\/wp\/v2\/product_cat?post=1745"},{"taxonomy":"product_tag","embeddable":true,"href":"https:\/\/chci-varhany.cz\/sk\/wp-json\/wp\/v2\/product_tag?post=1745"}],"curies":[{"name":"wp","href":"https:\/\/api.w.org\/{rel}","templated":true}]}}