{"id":1836,"date":"2021-03-23T12:21:30","date_gmt":"2021-03-23T12:21:30","guid":{"rendered":"https:\/\/chci-varhany.cz\/?post_type=product&#038;p=1836"},"modified":"2021-03-26T08:25:06","modified_gmt":"2021-03-26T08:25:06","slug":"eminent-capella-ii","status":"publish","type":"product","link":"https:\/\/chci-varhany.cz\/sk\/produkt\/eminent-capella-ii\/","title":{"rendered":"Eminent Capella II"},"content":{"rendered":"<h3>Eminent Capella II<\/h3>\n<p>Firma Eminent je nejkvalitn\u011bj\u0161\u00ed evropsk\u00fd v\u00fdrobce varhan, kter\u00fd si zakl\u00e1d\u00e1 na vysok\u00e9 kvalit\u011b proveden\u00ed varhan. P\u0159ednost\u00ed jsou zejm\u00e9na digit\u00e1ln\u011b samplovan\u00e9 zvuky, kter\u00e9 jsou na vy\u0161\u0161\u00ed \u00farovni oproti stejn\u00fdm typ\u016fm varhan od konkuren\u010dn\u00edch\u00a0fi\u00adrem.<\/p>\n<ul>\n<li>32\u00a0Digit\u00e1ln\u00edch vzork\u016f<\/li>\n<li>hlasov\u00e1 knihovna<\/li>\n<li>2\u00a0zvukov\u00e9 intonace<\/li>\n<li>Ped\u00e1l hlasitosti<\/li>\n<li>Tremulant: rozechv\u011bn\u00ed t\u00f3n\u016f (nastaviteln\u00fd)<\/li>\n<li>Staviteln\u00e9 vylad\u011bn\u00ed n\u00e1stroje:\u00a0\u20131 a\u017e +1\u00a0stupe\u0148<\/li>\n<li>Ozv\u011bna: Katedr\u00e1ln\u00ed efekt lze digit\u00e1ln\u011b plynule m\u011bnit\u00a0\u2013 7\u00a0nastaviteln\u00fdch dozvuk\u016f<\/li>\n<li>Transposer:\u00a0\u20133 a\u017e +3\u00a0stupn\u011b<\/li>\n<li>80\u00a0voln\u00fdch kombinac\u00ed<\/li>\n<li>Midi In-Thru-Out<\/li>\n<li>12\u00a0styl\u016f lad\u011bn\u00ed nap\u0159.: Werckmeister III, Neidhart, Valotti,\u2026<\/li>\n<li>Automatick\u00fd ped\u00e1l<\/li>\n<li>V\u00fdstup na sluch\u00e1tka (vypnut\u00ed reproduktor\u016f)<\/li>\n<li>Osv\u011btlen\u00ed ped\u00e1lnice<\/li>\n<li>Rozlad\u011bn\u00ed Celeste<\/li>\n<\/ul>","protected":false},"excerpt":{"rendered":"<p>Firma Eminent je nejkvalitn\u011bj\u0161\u00ed evropsk\u00fd v\u00fdrobce varhan, kter\u00fd si zakl\u00e1d\u00e1 na vysok\u00e9 kvalit\u011b proveden\u00ed varhan. P\u0159ednost\u00ed jsou zejm\u00e9na digit\u00e1ln\u011b samplovan\u00e9 zvuky, kter\u00e9 jsou na vy\u0161\u0161\u00ed \u00farovni oproti stejn\u00fdm typ\u016fm varhan od konkuren\u010dn\u00edch\u00a0fi\u00adrem.<\/p>","protected":false},"featured_media":1837,"template":"","meta":{"_acf_changed":false},"product_brand":[],"product_cat":[62,59],"product_tag":[],"class_list":{"0":"post-1836","1":"product","2":"type-product","3":"status-publish","4":"has-post-thumbnail","6":"product_cat-digitalni","7":"product_cat-varhany","9":"first","10":"instock","11":"taxable","12":"shipping-taxable","13":"product-type-simple"},"acf":[],"_links":{"self":[{"href":"https:\/\/chci-varhany.cz\/sk\/wp-json\/wp\/v2\/product\/1836","targetHints":{"allow":["GET"]}}],"collection":[{"href":"https:\/\/chci-varhany.cz\/sk\/wp-json\/wp\/v2\/product"}],"about":[{"href":"https:\/\/chci-varhany.cz\/sk\/wp-json\/wp\/v2\/types\/product"}],"wp:featuredmedia":[{"embeddable":true,"href":"https:\/\/chci-varhany.cz\/sk\/wp-json\/wp\/v2\/media\/1837"}],"wp:attachment":[{"href":"https:\/\/chci-varhany.cz\/sk\/wp-json\/wp\/v2\/media?parent=1836"}],"wp:term":[{"taxonomy":"product_brand","embeddable":true,"href":"https:\/\/chci-varhany.cz\/sk\/wp-json\/wp\/v2\/product_brand?post=1836"},{"taxonomy":"product_cat","embeddable":true,"href":"https:\/\/chci-varhany.cz\/sk\/wp-json\/wp\/v2\/product_cat?post=1836"},{"taxonomy":"product_tag","embeddable":true,"href":"https:\/\/chci-varhany.cz\/sk\/wp-json\/wp\/v2\/product_tag?post=1836"}],"curies":[{"name":"wp","href":"https:\/\/api.w.org\/{rel}","templated":true}]}}