{"id":1925,"date":"2021-03-24T19:20:42","date_gmt":"2021-03-24T19:20:42","guid":{"rendered":"https:\/\/chci-varhany.cz\/?post_type=product&#038;p=1925"},"modified":"2026-02-09T13:30:07","modified_gmt":"2026-02-09T13:30:07","slug":"johannus-opus-910","status":"publish","type":"product","link":"https:\/\/chci-varhany.cz\/sk\/produkt\/johannus-opus-910\/","title":{"rendered":"Johannus Opus 910"},"content":{"rendered":"<h3>Johannus Opus 910<\/h3>\n<ul>\n<li>Syst\u00e9m D.S.R. (Digital Sampling reprodukce)<\/li>\n<li>32\u00a0rejst\u0159\u00edk\u016f<\/li>\n<li>Ped\u00e1l hlasitosti Man I<\/li>\n<li>Ped\u00e1l hlasitosti Man II<\/li>\n<li>Tremulant: rozechv\u011bn\u00ed t\u00f3n\u016f<\/li>\n<li>Zesilova\u010de o\u00a0v\u00fdkonu 40\u00a0watt\u016f, 6\u00a0reproduktor\u016f<\/li>\n<li>Chorus: efekt m\u00edrn\u00e9ho rozlad\u011bn\u00ed<\/li>\n<li>Ozv\u011bna: Katedr\u00e1ln\u00ed efekt lze digit\u00e1ln\u011b plynule m\u011bnit<\/li>\n<li>Transponser:\u00a0\u20133 a\u017e +3\u00a0stupn\u011b<\/li>\n<li>Fixn\u00ed kombinace: PP-P-MF-F-FF-T, TA: vypnut\u00ed jazyk\u016f, HR: ru\u010dn\u00ed registrace, HR +: ru\u010dn\u00ed registrace v\u00a0pevn\u00fdch kombinac\u00edch<\/li>\n<li>Voln\u00e9 kombinace<\/li>\n<\/ul>","protected":false},"excerpt":{"rendered":"<p>Dvoumanu\u00e1lov\u00e9 varhany zna\u010dky Johannus s 32 rejst\u0159\u00edky a 30t\u00f3novou ped\u00e1lnic\u00ed.<\/p>","protected":false},"featured_media":1926,"template":"","meta":{"_acf_changed":false},"product_brand":[],"product_cat":[62,59],"product_tag":[],"class_list":{"0":"post-1925","1":"product","2":"type-product","3":"status-publish","4":"has-post-thumbnail","6":"product_cat-digitalni","7":"product_cat-varhany","9":"first","10":"instock","11":"taxable","12":"shipping-taxable","13":"product-type-simple"},"acf":[],"_links":{"self":[{"href":"https:\/\/chci-varhany.cz\/sk\/wp-json\/wp\/v2\/product\/1925","targetHints":{"allow":["GET"]}}],"collection":[{"href":"https:\/\/chci-varhany.cz\/sk\/wp-json\/wp\/v2\/product"}],"about":[{"href":"https:\/\/chci-varhany.cz\/sk\/wp-json\/wp\/v2\/types\/product"}],"wp:featuredmedia":[{"embeddable":true,"href":"https:\/\/chci-varhany.cz\/sk\/wp-json\/wp\/v2\/media\/1926"}],"wp:attachment":[{"href":"https:\/\/chci-varhany.cz\/sk\/wp-json\/wp\/v2\/media?parent=1925"}],"wp:term":[{"taxonomy":"product_brand","embeddable":true,"href":"https:\/\/chci-varhany.cz\/sk\/wp-json\/wp\/v2\/product_brand?post=1925"},{"taxonomy":"product_cat","embeddable":true,"href":"https:\/\/chci-varhany.cz\/sk\/wp-json\/wp\/v2\/product_cat?post=1925"},{"taxonomy":"product_tag","embeddable":true,"href":"https:\/\/chci-varhany.cz\/sk\/wp-json\/wp\/v2\/product_tag?post=1925"}],"curies":[{"name":"wp","href":"https:\/\/api.w.org\/{rel}","templated":true}]}}