{"id":1928,"date":"2021-03-25T14:56:12","date_gmt":"2021-03-25T14:56:12","guid":{"rendered":"https:\/\/chci-varhany.cz\/?post_type=product&#038;p=1928"},"modified":"2021-03-26T08:15:05","modified_gmt":"2021-03-26T08:15:05","slug":"johannus-opus-1200","status":"publish","type":"product","link":"https:\/\/chci-varhany.cz\/sk\/produkt\/johannus-opus-1200\/","title":{"rendered":"Johannus Opus 1200"},"content":{"rendered":"<h3>Johannus Opus 1200<\/h3>\n<ul>\n<li>46\u00a0rejst\u0159\u00edk\u016f<\/li>\n<li>Ped\u00e1l hlasitosti man. I<\/li>\n<li>Ped\u00e1l hlasitosti man. II<\/li>\n<li>Tremulant: rozechv\u011bn\u00ed t\u00f3n\u016f<\/li>\n<li>Zesilova\u010de o\u00a0v\u00fdkonu 60\u00a0watt\u016f, 8\u00a0reproduktor\u016f<\/li>\n<li>Chorus: efekt m\u00edrn\u00e9ho rozlad\u011bn\u00ed<\/li>\n<li>Gener\u00e1ln\u00ed ovl\u00e1d\u00e1n\u00ed hlasitosti<\/li>\n<li>Ozv\u011bna: Katedr\u00e1ln\u00ed efekt lze digit\u00e1ln\u011b plynule m\u011bnit +5\u00a0akustick\u00fdch dozvuk\u016f<\/li>\n<li>Transposer:\u00a0\u20133 a\u017e +3\u00a0stupn\u011b<\/li>\n<li>Fixn\u00ed kombinace: PP-P-MF-F-FF-T, TA: vypnut\u00ed jazyk\u016f<\/li>\n<li>6\u00a0voln\u00fdch kombinac\u00ed<\/li>\n<li>Midi In-Thru-Out<\/li>\n<li>Samplovan\u00e9 zvuky<\/li>\n<\/ul>","protected":false},"excerpt":{"rendered":"<p>Elegantn\u00ed b\u00edl\u00e9 dvoumanu\u00e1lov\u00e9 varhany zna\u010dky Johannus s 46 rejst\u0159\u00edky a 30t\u00f3novou ped\u00e1lnic\u00ed.<\/p>","protected":false},"featured_media":1934,"template":"","meta":{"_acf_changed":false},"product_brand":[],"product_cat":[62,59],"product_tag":[],"class_list":{"0":"post-1928","1":"product","2":"type-product","3":"status-publish","4":"has-post-thumbnail","6":"product_cat-digitalni","7":"product_cat-varhany","9":"first","10":"instock","11":"taxable","12":"shipping-taxable","13":"product-type-simple"},"acf":[],"_links":{"self":[{"href":"https:\/\/chci-varhany.cz\/sk\/wp-json\/wp\/v2\/product\/1928","targetHints":{"allow":["GET"]}}],"collection":[{"href":"https:\/\/chci-varhany.cz\/sk\/wp-json\/wp\/v2\/product"}],"about":[{"href":"https:\/\/chci-varhany.cz\/sk\/wp-json\/wp\/v2\/types\/product"}],"wp:featuredmedia":[{"embeddable":true,"href":"https:\/\/chci-varhany.cz\/sk\/wp-json\/wp\/v2\/media\/1934"}],"wp:attachment":[{"href":"https:\/\/chci-varhany.cz\/sk\/wp-json\/wp\/v2\/media?parent=1928"}],"wp:term":[{"taxonomy":"product_brand","embeddable":true,"href":"https:\/\/chci-varhany.cz\/sk\/wp-json\/wp\/v2\/product_brand?post=1928"},{"taxonomy":"product_cat","embeddable":true,"href":"https:\/\/chci-varhany.cz\/sk\/wp-json\/wp\/v2\/product_cat?post=1928"},{"taxonomy":"product_tag","embeddable":true,"href":"https:\/\/chci-varhany.cz\/sk\/wp-json\/wp\/v2\/product_tag?post=1928"}],"curies":[{"name":"wp","href":"https:\/\/api.w.org\/{rel}","templated":true}]}}