{"id":1967,"date":"2021-07-18T16:00:31","date_gmt":"2021-07-18T16:00:31","guid":{"rendered":"https:\/\/chci-varhany.cz\/?post_type=product&#038;p=1967"},"modified":"2025-09-19T13:34:28","modified_gmt":"2025-09-19T13:34:28","slug":"viscount-domus-932","status":"publish","type":"product","link":"https:\/\/chci-varhany.cz\/sk\/produkt\/viscount-domus-932\/","title":{"rendered":"Viscount Domus 932"},"content":{"rendered":"<h3>Viscount Domus 932<\/h3>\n<ul>\n<li>Syst\u00e9m D.S.R. (Digital Sampling Reproduction)<\/li>\n<li>31\u00a0Digit\u00e1ln\u00edch vzork\u016f<\/li>\n<li>Ped\u00e1l hlasitosti<\/li>\n<li>Tremulant: rozechv\u011bn\u00ed t\u00f3n\u016f<\/li>\n<li>Zesilova\u010de o\u00a0v\u00fdkonu 75\u00a0watt\u016f, 2\u00a0reproduktory<\/li>\n<li>Chorus: efekt m\u00edrn\u00e9ho rozlad\u011bn\u00ed<\/li>\n<li>Ozv\u011bna: Katedr\u00e1ln\u00ed efekt lze digit\u00e1ln\u011b plynule m\u011bnit<\/li>\n<li>Transponser:\u00a0\u20133 a\u017e +2\u00a0stupn\u011b<\/li>\n<li>5\u00a0fixn\u00edch kombinac\u00ed+tuti<\/li>\n<li>5\u00a0programovateln\u00fdch kombinac\u00ed<\/li>\n<li>Samostatn\u00e9 ovl\u00e1d\u00e1n\u00ed hlasitosti ped\u00e1lu-lze plynule m\u011bnit<\/li>\n<li>Samostatn\u00e9 ovl\u00e1d\u00e1n\u00ed hlasitosti manu\u00e1lu II-lze plynule\u00a0m\u011bnit<\/li>\n<li>Celkov\u00e9 ovl\u00e1d\u00e1n\u00ed hlasitosti manu\u00e1lu II-lze plynule\u00a0m\u011bnit<\/li>\n<li>Chorus: efekt m\u00edrn\u00e9ho rozlad\u011bn\u00ed-lze plynule m\u011bnit<\/li>\n<li>Elektronick\u00e9 dozvuky \u201eAlesis\u201c-lze plynule m\u011bnit<\/li>\n<li>4\u00a0no\u017en\u00ed spojky\u00a0\u2013 Spojka ped\u00e1l-Man. I, Spojka ped\u00e1l-Man. II, Spojka Man. I-Man. II,\u00a0Tuti<\/li>\n<li>Samplovan\u00e9 zvuky<\/li>\n<\/ul>","protected":false},"excerpt":{"rendered":"<p>Dvoumanu\u00e1lov\u00e9 varhany zna\u010dky Viscount s 31 rejst\u0159\u00edky a 32t\u00f3novou ped\u00e1lnic\u00ed.<\/p>","protected":false},"featured_media":1970,"template":"","meta":{"_acf_changed":false},"product_brand":[],"product_cat":[62,59],"product_tag":[],"class_list":{"0":"post-1967","1":"product","2":"type-product","3":"status-publish","4":"has-post-thumbnail","6":"product_cat-digitalni","7":"product_cat-varhany","9":"first","10":"instock","11":"taxable","12":"shipping-taxable","13":"purchasable","14":"product-type-simple"},"acf":[],"_links":{"self":[{"href":"https:\/\/chci-varhany.cz\/sk\/wp-json\/wp\/v2\/product\/1967","targetHints":{"allow":["GET"]}}],"collection":[{"href":"https:\/\/chci-varhany.cz\/sk\/wp-json\/wp\/v2\/product"}],"about":[{"href":"https:\/\/chci-varhany.cz\/sk\/wp-json\/wp\/v2\/types\/product"}],"wp:featuredmedia":[{"embeddable":true,"href":"https:\/\/chci-varhany.cz\/sk\/wp-json\/wp\/v2\/media\/1970"}],"wp:attachment":[{"href":"https:\/\/chci-varhany.cz\/sk\/wp-json\/wp\/v2\/media?parent=1967"}],"wp:term":[{"taxonomy":"product_brand","embeddable":true,"href":"https:\/\/chci-varhany.cz\/sk\/wp-json\/wp\/v2\/product_brand?post=1967"},{"taxonomy":"product_cat","embeddable":true,"href":"https:\/\/chci-varhany.cz\/sk\/wp-json\/wp\/v2\/product_cat?post=1967"},{"taxonomy":"product_tag","embeddable":true,"href":"https:\/\/chci-varhany.cz\/sk\/wp-json\/wp\/v2\/product_tag?post=1967"}],"curies":[{"name":"wp","href":"https:\/\/api.w.org\/{rel}","templated":true}]}}