{"id":1976,"date":"2021-03-25T16:15:36","date_gmt":"2021-03-25T16:15:36","guid":{"rendered":"https:\/\/chci-varhany.cz\/?post_type=product&#038;p=1976"},"modified":"2021-03-26T08:00:58","modified_gmt":"2021-03-26T08:00:58","slug":"johannus-wesley-etude-27","status":"publish","type":"product","link":"https:\/\/chci-varhany.cz\/sk\/produkt\/johannus-wesley-etude-27\/","title":{"rendered":"Johannus Wesley Etude 27"},"content":{"rendered":"<h3>Johannus Wesley Etude 27<\/h3>\n<ul>\n<li>18\u00a0Registr\u016f<\/li>\n<li>Ped\u00e1l hlasitosti man. I<\/li>\n<li>Tremulant: rozechv\u011bn\u00ed t\u00f3n\u016f<\/li>\n<li>Ozv\u011bna: Katedr\u00e1ln\u00ed efekt lze digit\u00e1ln\u011b plynule m\u011bnit<\/li>\n<li>Transposer:\u00a0\u20133 a\u017e +3\u00a0stupn\u011b<\/li>\n<li>6\u00a0z\u00e1kladn\u00edch kombinac\u00ed + 6\u00a0voln\u00fdch kombinac\u00ed<\/li>\n<li>Midi In-Thru-Out<\/li>\n<li>Podsv\u00edcen\u00e9 registry<\/li>\n<li>Roleta<\/li>\n<li>Samplovan\u00e9 zvuky<\/li>\n<\/ul>","protected":false},"excerpt":{"rendered":"<p>Dvoumanu\u00e1lov\u00e9 varhany zna\u010dky Johannus s 18 rejst\u0159\u00edky a 30t\u00f3novou ped\u00e1lnic\u00ed.<\/p>","protected":false},"featured_media":1977,"template":"","meta":{"_acf_changed":false},"product_brand":[],"product_cat":[62,59],"product_tag":[],"class_list":{"0":"post-1976","1":"product","2":"type-product","3":"status-publish","4":"has-post-thumbnail","6":"product_cat-digitalni","7":"product_cat-varhany","9":"first","10":"instock","11":"taxable","12":"shipping-taxable","13":"product-type-simple"},"acf":[],"_links":{"self":[{"href":"https:\/\/chci-varhany.cz\/sk\/wp-json\/wp\/v2\/product\/1976","targetHints":{"allow":["GET"]}}],"collection":[{"href":"https:\/\/chci-varhany.cz\/sk\/wp-json\/wp\/v2\/product"}],"about":[{"href":"https:\/\/chci-varhany.cz\/sk\/wp-json\/wp\/v2\/types\/product"}],"wp:featuredmedia":[{"embeddable":true,"href":"https:\/\/chci-varhany.cz\/sk\/wp-json\/wp\/v2\/media\/1977"}],"wp:attachment":[{"href":"https:\/\/chci-varhany.cz\/sk\/wp-json\/wp\/v2\/media?parent=1976"}],"wp:term":[{"taxonomy":"product_brand","embeddable":true,"href":"https:\/\/chci-varhany.cz\/sk\/wp-json\/wp\/v2\/product_brand?post=1976"},{"taxonomy":"product_cat","embeddable":true,"href":"https:\/\/chci-varhany.cz\/sk\/wp-json\/wp\/v2\/product_cat?post=1976"},{"taxonomy":"product_tag","embeddable":true,"href":"https:\/\/chci-varhany.cz\/sk\/wp-json\/wp\/v2\/product_tag?post=1976"}],"curies":[{"name":"wp","href":"https:\/\/api.w.org\/{rel}","templated":true}]}}