{"id":2060,"date":"2021-03-26T20:38:18","date_gmt":"2021-03-26T20:38:18","guid":{"rendered":"https:\/\/chci-varhany.cz\/?post_type=product&#038;p=2060"},"modified":"2023-03-06T11:00:29","modified_gmt":"2023-03-06T11:00:29","slug":"varhanni-ventilator-emi","status":"publish","type":"product","link":"https:\/\/chci-varhany.cz\/sk\/produkt\/varhanni-ventilator-emi\/","title":{"rendered":"Varhann\u00ed ventil\u00e1tor Emi"},"content":{"rendered":"<div id=\"shortDescription\">\n<p>Varhann\u00ed ventil\u00e1tor nizozemsk\u00e9 v\u00fdroby E.M.I.<\/p>\n<p>Ventil\u00e1tor je po Gener\u00e1ln\u00ed oprav\u011b<\/p>\n<ul>\n<li>Tichob\u011b\u017en\u00fd ventil\u00e1tor<\/li>\n<li>Tlak 50\u00a0mm vodn\u00edho sloupce<\/li>\n<li>Objem cca 5\u00a0m3<\/li>\n<li>Sac\u00ed i\u00a0tlakov\u00e1 p\u0159\u00edruba<\/li>\n<li>Pro harmonia a mal\u00e9 pozitivy<\/li>\n<\/ul>\n<p>Ventil\u00e1tor je ve 100% stavu s garanc\u00ed 2 roky.<\/p>\n<\/div>","protected":false},"excerpt":{"rendered":"<p>Varhann\u00ed ventil\u00e1tor nizozemsk\u00e9 v\u00fdroby E.M.I. Ventil\u00e1tor je po Gener\u00e1ln\u00ed oprav\u011b Tichob\u011b\u017en\u00fd ventil\u00e1tor Tlak 50\u00a0mm vodn\u00edho sloupce Objem cca 5\u00a0m3 Sac\u00ed i\u00a0tlakov\u00e1 p\u0159\u00edruba Pro harmonia a mal\u00e9 pozitivy Ventil\u00e1tor je ve 100% stavu s garanc\u00ed 2 roky.<\/p>","protected":false},"featured_media":2061,"template":"","meta":{"_acf_changed":false},"product_brand":[],"product_cat":[60],"product_tag":[],"class_list":{"0":"post-2060","1":"product","2":"type-product","3":"status-publish","4":"has-post-thumbnail","6":"product_cat-prislusenstvi","8":"first","9":"instock","10":"taxable","11":"shipping-taxable","12":"purchasable","13":"product-type-simple"},"acf":[],"_links":{"self":[{"href":"https:\/\/chci-varhany.cz\/sk\/wp-json\/wp\/v2\/product\/2060","targetHints":{"allow":["GET"]}}],"collection":[{"href":"https:\/\/chci-varhany.cz\/sk\/wp-json\/wp\/v2\/product"}],"about":[{"href":"https:\/\/chci-varhany.cz\/sk\/wp-json\/wp\/v2\/types\/product"}],"wp:featuredmedia":[{"embeddable":true,"href":"https:\/\/chci-varhany.cz\/sk\/wp-json\/wp\/v2\/media\/2061"}],"wp:attachment":[{"href":"https:\/\/chci-varhany.cz\/sk\/wp-json\/wp\/v2\/media?parent=2060"}],"wp:term":[{"taxonomy":"product_brand","embeddable":true,"href":"https:\/\/chci-varhany.cz\/sk\/wp-json\/wp\/v2\/product_brand?post=2060"},{"taxonomy":"product_cat","embeddable":true,"href":"https:\/\/chci-varhany.cz\/sk\/wp-json\/wp\/v2\/product_cat?post=2060"},{"taxonomy":"product_tag","embeddable":true,"href":"https:\/\/chci-varhany.cz\/sk\/wp-json\/wp\/v2\/product_tag?post=2060"}],"curies":[{"name":"wp","href":"https:\/\/api.w.org\/{rel}","templated":true}]}}