{"id":2074,"date":"2021-03-26T21:50:23","date_gmt":"2021-03-26T21:50:23","guid":{"rendered":"https:\/\/chci-varhany.cz\/?post_type=product&#038;p=2074"},"modified":"2021-03-26T21:54:39","modified_gmt":"2021-03-26T21:54:39","slug":"viscount-canticus-i","status":"publish","type":"product","link":"https:\/\/chci-varhany.cz\/sk\/produkt\/viscount-canticus-i\/","title":{"rendered":"Viscount Canticus I"},"content":{"rendered":"<h3>Viscount Canticus I<\/h3>\n<p>39 Rejst\u0159\u00edk\u016f<br \/>\nPed\u00e1l hlasitosti man. II<br \/>\nTremulant: rozechv\u011bn\u00ed t\u00f3n\u016f<br \/>\nOzv\u011bna: Katedr\u00e1ln\u00ed efekt lze digit\u00e1ln\u011b plynule m\u011bnit<br \/>\nTransposer: \u20133 a\u017e +3 stupn\u011b<br \/>\nMidi In-Thru-Out<br \/>\nPodsv\u00edcen\u00e9 registry<br \/>\nRoleta<br \/>\nSamplovan\u00e9 zvuky<\/p>","protected":false},"excerpt":{"rendered":"<p>Viscount Canticus I 39 Rejst\u0159\u00edk\u016f Ped\u00e1l hlasitosti man. II Tremulant: rozechv\u011bn\u00ed t\u00f3n\u016f Ozv\u011bna: Katedr\u00e1ln\u00ed efekt lze digit\u00e1ln\u011b plynule m\u011bnit Transposer: \u20133 a\u017e +3 stupn\u011b Midi In-Thru-Out Podsv\u00edcen\u00e9 registry Roleta Samplovan\u00e9 zvuky<\/p>","protected":false},"featured_media":2075,"template":"","meta":{"_acf_changed":false},"product_brand":[],"product_cat":[62,59],"product_tag":[],"class_list":{"0":"post-2074","1":"product","2":"type-product","3":"status-publish","4":"has-post-thumbnail","6":"product_cat-digitalni","7":"product_cat-varhany","9":"first","10":"instock","11":"taxable","12":"shipping-taxable","13":"purchasable","14":"product-type-simple"},"acf":[],"_links":{"self":[{"href":"https:\/\/chci-varhany.cz\/sk\/wp-json\/wp\/v2\/product\/2074","targetHints":{"allow":["GET"]}}],"collection":[{"href":"https:\/\/chci-varhany.cz\/sk\/wp-json\/wp\/v2\/product"}],"about":[{"href":"https:\/\/chci-varhany.cz\/sk\/wp-json\/wp\/v2\/types\/product"}],"wp:featuredmedia":[{"embeddable":true,"href":"https:\/\/chci-varhany.cz\/sk\/wp-json\/wp\/v2\/media\/2075"}],"wp:attachment":[{"href":"https:\/\/chci-varhany.cz\/sk\/wp-json\/wp\/v2\/media?parent=2074"}],"wp:term":[{"taxonomy":"product_brand","embeddable":true,"href":"https:\/\/chci-varhany.cz\/sk\/wp-json\/wp\/v2\/product_brand?post=2074"},{"taxonomy":"product_cat","embeddable":true,"href":"https:\/\/chci-varhany.cz\/sk\/wp-json\/wp\/v2\/product_cat?post=2074"},{"taxonomy":"product_tag","embeddable":true,"href":"https:\/\/chci-varhany.cz\/sk\/wp-json\/wp\/v2\/product_tag?post=2074"}],"curies":[{"name":"wp","href":"https:\/\/api.w.org\/{rel}","templated":true}]}}