{"id":2142,"date":"2021-03-28T21:07:40","date_gmt":"2021-03-28T21:07:40","guid":{"rendered":"https:\/\/chci-varhany.cz\/?post_type=product&#038;p=2142"},"modified":"2021-03-28T21:20:49","modified_gmt":"2021-03-28T21:20:49","slug":"pistalove-2-manualove-mechanicke-varhany","status":"publish","type":"product","link":"https:\/\/chci-varhany.cz\/sk\/produkt\/pistalove-2-manualove-mechanicke-varhany\/","title":{"rendered":"P\u00ed\u0161\u0165alov\u00e9 2 manu\u00e1lov\u00e9 mechanick\u00e9 varhany"},"content":{"rendered":"<p>Mechanick\u00e9 p\u00ed\u0161\u0165alov\u00e9 varhany<\/p>\n<ul>\n<li>2 manu\u00e1ly<\/li>\n<li>6 rejst\u0159\u00edk\u016f<\/li>\n<li>Mechanick\u00e1 traktura<\/li>\n<li>P\u0159edb\u011b\u017en\u00e1 cena v\u010detn\u011b mont\u00e1\u017ee a lad\u011bn\u00ed<\/li>\n<li>V cen\u011b je po\u010d\u00edt\u00e1no se se\u0159\u00edzen\u00edm, regulac\u00ed a drobn\u00fdmi opravami<\/li>\n<li>P\u011bkn\u00e9 varhany pro men\u0161\u00ed kostel\/kapli\/m\u00edstnost<\/li>\n<\/ul>","protected":false},"excerpt":{"rendered":"<p>Mechanick\u00e9 p\u00ed\u0161\u0165alov\u00e9 varhany 2 manu\u00e1ly 6 rejst\u0159\u00edk\u016f Mechanick\u00e1 traktura P\u0159edb\u011b\u017en\u00e1 cena v\u010detn\u011b mont\u00e1\u017ee a lad\u011bn\u00ed V cen\u011b je po\u010d\u00edt\u00e1no se se\u0159\u00edzen\u00edm, regulac\u00ed a drobn\u00fdmi opravami P\u011bkn\u00e9 varhany pro men\u0161\u00ed kostel\/kapli\/m\u00edstnost<\/p>","protected":false},"featured_media":2146,"template":"","meta":{"_acf_changed":false},"product_brand":[],"product_cat":[63,59],"product_tag":[],"class_list":{"0":"post-2142","1":"product","2":"type-product","3":"status-publish","4":"has-post-thumbnail","6":"product_cat-pistalove","7":"product_cat-varhany","9":"first","10":"instock","11":"taxable","12":"shipping-taxable","13":"purchasable","14":"product-type-simple"},"acf":[],"_links":{"self":[{"href":"https:\/\/chci-varhany.cz\/sk\/wp-json\/wp\/v2\/product\/2142","targetHints":{"allow":["GET"]}}],"collection":[{"href":"https:\/\/chci-varhany.cz\/sk\/wp-json\/wp\/v2\/product"}],"about":[{"href":"https:\/\/chci-varhany.cz\/sk\/wp-json\/wp\/v2\/types\/product"}],"wp:featuredmedia":[{"embeddable":true,"href":"https:\/\/chci-varhany.cz\/sk\/wp-json\/wp\/v2\/media\/2146"}],"wp:attachment":[{"href":"https:\/\/chci-varhany.cz\/sk\/wp-json\/wp\/v2\/media?parent=2142"}],"wp:term":[{"taxonomy":"product_brand","embeddable":true,"href":"https:\/\/chci-varhany.cz\/sk\/wp-json\/wp\/v2\/product_brand?post=2142"},{"taxonomy":"product_cat","embeddable":true,"href":"https:\/\/chci-varhany.cz\/sk\/wp-json\/wp\/v2\/product_cat?post=2142"},{"taxonomy":"product_tag","embeddable":true,"href":"https:\/\/chci-varhany.cz\/sk\/wp-json\/wp\/v2\/product_tag?post=2142"}],"curies":[{"name":"wp","href":"https:\/\/api.w.org\/{rel}","templated":true}]}}