{"id":2161,"date":"2021-03-29T20:56:14","date_gmt":"2021-03-29T20:56:14","guid":{"rendered":"https:\/\/chci-varhany.cz\/?post_type=product&#038;p=2161"},"modified":"2025-07-09T11:22:41","modified_gmt":"2025-07-09T11:22:41","slug":"content-clavis-125-r","status":"publish","type":"product","link":"https:\/\/chci-varhany.cz\/sk\/produkt\/content-clavis-125-r\/","title":{"rendered":"Content Clavis 125 R"},"content":{"rendered":"<h3>Clavis 125 R<\/h3>\n<p>Velkolep\u00fd, ale kompaktn\u00ed.<\/p>\n<p>Realistick\u00fd zvuk kosteln\u00edch varhan od Invention Technology, vyvinut\u00fd ve vlastn\u00ed re\u017eii. Kompaktn\u00ed rozm\u011bry, ale \u0161irok\u00e9 zvukov\u00e9 mo\u017enosti d\u00edky t\u0159em zvukov\u00fdm styl\u016fm, ka\u017ed\u00fd s 24 rejst\u0159\u00edky. Unik\u00e1tn\u00ed na tomto kompaktn\u00edm n\u00e1stroji je, \u017ee m\u016f\u017eete hr\u00e1t na ped\u00e1l i na druhou klaviaturu z 1 klaviatury. D\u00edky inteligentn\u00ed technologii jsou tedy fyzick\u00fd ped\u00e1l a druh\u00e1 klaviatura zbyte\u010dn\u00e9. Tento n\u00e1stroj je proto mimo\u0159\u00e1dn\u011b vhodn\u00fd pro mal\u00fd ob\u00fdvac\u00ed pokoj nebo pro kapli.<\/p>\n<p>Clavis 125 je n\u00e1stroj, kter\u00fd nad\u00e1le inspiruje transparentn\u00ed a detailn\u00ed zvukovou strukturu s majest\u00e1tnost\u00ed velk\u00fdch kosteln\u00edch varhan.<\/p>\n<p>* Clavis 125 m\u00e1 3 pevn\u00e9 zvukov\u00e9 styly: p\u0159i n\u00e1kupu varhan si m\u016f\u017eete vybrat z barokn\u00edch, klasick\u00fdch, romantick\u00fdch nebo symfonick\u00fdch.<\/p>\n<p>1 klaviatura<br \/>\n3 x 24 rejst\u0159\u00edk\u016f<br \/>\n3 jedine\u010dn\u00e9 zvukov\u00e9 styly<br \/>\nVoliteln\u00fd 13 nebo 27 t\u00f3nov\u00fd ped\u00e1l<\/p>\n<p>&nbsp;<\/p>","protected":false},"excerpt":{"rendered":"<p>Kompaktn\u00ed n\u00e1stroj pro pou\u017eit\u00ed kdekoliv.<\/p>","protected":false},"featured_media":2162,"template":"","meta":{"_acf_changed":false},"product_brand":[],"product_cat":[62,59],"product_tag":[],"class_list":{"0":"post-2161","1":"product","2":"type-product","3":"status-publish","4":"has-post-thumbnail","6":"product_cat-digitalni","7":"product_cat-varhany","9":"first","10":"instock","11":"taxable","12":"shipping-taxable","13":"purchasable","14":"product-type-simple"},"acf":[],"_links":{"self":[{"href":"https:\/\/chci-varhany.cz\/sk\/wp-json\/wp\/v2\/product\/2161","targetHints":{"allow":["GET"]}}],"collection":[{"href":"https:\/\/chci-varhany.cz\/sk\/wp-json\/wp\/v2\/product"}],"about":[{"href":"https:\/\/chci-varhany.cz\/sk\/wp-json\/wp\/v2\/types\/product"}],"wp:featuredmedia":[{"embeddable":true,"href":"https:\/\/chci-varhany.cz\/sk\/wp-json\/wp\/v2\/media\/2162"}],"wp:attachment":[{"href":"https:\/\/chci-varhany.cz\/sk\/wp-json\/wp\/v2\/media?parent=2161"}],"wp:term":[{"taxonomy":"product_brand","embeddable":true,"href":"https:\/\/chci-varhany.cz\/sk\/wp-json\/wp\/v2\/product_brand?post=2161"},{"taxonomy":"product_cat","embeddable":true,"href":"https:\/\/chci-varhany.cz\/sk\/wp-json\/wp\/v2\/product_cat?post=2161"},{"taxonomy":"product_tag","embeddable":true,"href":"https:\/\/chci-varhany.cz\/sk\/wp-json\/wp\/v2\/product_tag?post=2161"}],"curies":[{"name":"wp","href":"https:\/\/api.w.org\/{rel}","templated":true}]}}