{"id":2180,"date":"2021-04-05T00:14:39","date_gmt":"2021-04-05T00:14:39","guid":{"rendered":"https:\/\/chci-varhany.cz\/?post_type=product&#038;p=2180"},"modified":"2025-09-29T13:23:56","modified_gmt":"2025-09-29T13:23:56","slug":"eminent-e-20","status":"publish","type":"product","link":"https:\/\/chci-varhany.cz\/sk\/produkt\/eminent-e-20\/","title":{"rendered":"Eminent E 20"},"content":{"rendered":"<h3>Eminent E 20<\/h3>\n<ul>\n<li>29\u00a0Digit\u00e1ln\u00edch zvuk\u016f<\/li>\n<li>3 intonace<\/li>\n<li>Ped\u00e1l hlasitosti man. I<\/li>\n<li>Ped\u00e1l hlasitosti man. II<\/li>\n<li>Tremulant: rozechv\u011bn\u00ed t\u00f3n\u016f (nastaviteln\u00fd)<\/li>\n<li>Chorus: efekt m\u00edrn\u00e9ho rozlad\u011bn\u00ed<\/li>\n<li>Gener\u00e1ln\u00ed ovl\u00e1d\u00e1n\u00ed hlasitosti<\/li>\n<li>Ozv\u011bna: Katedr\u00e1ln\u00ed efekt lze digit\u00e1ln\u011b plynule m\u011bnit<\/li>\n<li>Transposer:\u00a0\u20133 a\u017e +3\u00a0stupn\u011b<\/li>\n<li>6\u00a0z\u00e1kladn\u00edch a 6\u00a0voln\u00fdch kombinac\u00ed<\/li>\n<li>Midi In-Thru-Out<\/li>\n<li>12\u00a0styl\u016f lad\u011bn\u00ed nap\u0159.: Werckmeister III, Neidhart, Valotti,\u2026<\/li>\n<li>Automatick\u00fd ped\u00e1l<\/li>\n<li>7\u00a0nastaviteln\u00fdch dozvuk\u016f<\/li>\n<li>V\u00fdstup na sluch\u00e1tka (vypnut\u00ed reproduktor\u016f)<\/li>\n<\/ul>","protected":false},"excerpt":{"rendered":"<p>Eminent E 20 29\u00a0Digit\u00e1ln\u00edch zvuk\u016f 3 intonace Ped\u00e1l hlasitosti man. I Ped\u00e1l hlasitosti man. II Tremulant: rozechv\u011bn\u00ed t\u00f3n\u016f (nastaviteln\u00fd) Chorus: efekt m\u00edrn\u00e9ho rozlad\u011bn\u00ed Gener\u00e1ln\u00ed ovl\u00e1d\u00e1n\u00ed hlasitosti Ozv\u011bna: Katedr\u00e1ln\u00ed efekt lze digit\u00e1ln\u011b plynule m\u011bnit Transposer:\u00a0\u20133 a\u017e +3\u00a0stupn\u011b 6\u00a0z\u00e1kladn\u00edch a 6\u00a0voln\u00fdch kombinac\u00ed [&hellip;]<\/p>","protected":false},"featured_media":1145,"template":"","meta":{"_acf_changed":false},"product_brand":[],"product_cat":[62,59],"product_tag":[],"class_list":{"0":"post-2180","1":"product","2":"type-product","3":"status-publish","4":"has-post-thumbnail","6":"product_cat-digitalni","7":"product_cat-varhany","9":"first","10":"instock","11":"taxable","12":"shipping-taxable","13":"purchasable","14":"product-type-simple"},"acf":[],"_links":{"self":[{"href":"https:\/\/chci-varhany.cz\/sk\/wp-json\/wp\/v2\/product\/2180","targetHints":{"allow":["GET"]}}],"collection":[{"href":"https:\/\/chci-varhany.cz\/sk\/wp-json\/wp\/v2\/product"}],"about":[{"href":"https:\/\/chci-varhany.cz\/sk\/wp-json\/wp\/v2\/types\/product"}],"wp:featuredmedia":[{"embeddable":true,"href":"https:\/\/chci-varhany.cz\/sk\/wp-json\/wp\/v2\/media\/1145"}],"wp:attachment":[{"href":"https:\/\/chci-varhany.cz\/sk\/wp-json\/wp\/v2\/media?parent=2180"}],"wp:term":[{"taxonomy":"product_brand","embeddable":true,"href":"https:\/\/chci-varhany.cz\/sk\/wp-json\/wp\/v2\/product_brand?post=2180"},{"taxonomy":"product_cat","embeddable":true,"href":"https:\/\/chci-varhany.cz\/sk\/wp-json\/wp\/v2\/product_cat?post=2180"},{"taxonomy":"product_tag","embeddable":true,"href":"https:\/\/chci-varhany.cz\/sk\/wp-json\/wp\/v2\/product_tag?post=2180"}],"curies":[{"name":"wp","href":"https:\/\/api.w.org\/{rel}","templated":true}]}}