{"id":2181,"date":"2021-04-05T00:32:41","date_gmt":"2021-04-05T00:32:41","guid":{"rendered":"https:\/\/chci-varhany.cz\/?post_type=product&#038;p=2181"},"modified":"2021-04-07T18:33:23","modified_gmt":"2021-04-07T18:33:23","slug":"eminent-positief-20","status":"publish","type":"product","link":"https:\/\/chci-varhany.cz\/sk\/produkt\/eminent-positief-20\/","title":{"rendered":"Eminent Positief 20"},"content":{"rendered":"<h3>Eminent Positief 20<\/h3>\n<ul>\n<li>34 Digit\u00e1ln\u00edch rejst\u0159\u00edk\u016f<\/li>\n<li>3\u00a0zvukov\u00e9 intonace<\/li>\n<li>Ped\u00e1l hlasitosti man. I<\/li>\n<li>Tremulant: rozechv\u011bn\u00ed t\u00f3n\u016f (nastaviteln\u00fd)<\/li>\n<li>Ozv\u011bna: Katedr\u00e1ln\u00ed efekt lze digit\u00e1ln\u011b plynule m\u011bnit\u00a0\u2013 9\u00a0nastaviteln\u00fdch daleko nebo\u00a0bl\u00edzko<\/li>\n<li>Transposer:\u00a0\u20133 a\u017e +3\u00a0stupn\u011b<\/li>\n<li>6\u00a0z\u00e1kladn\u00edch a 208\u00a0voln\u00fdch kombinac\u00ed<\/li>\n<li>Midi In-Thru-Out<\/li>\n<li>12\u00a0styl\u016f lad\u011bn\u00ed nap\u0159.: Werckmeister III, Neidhart, Valotti,\u2026<\/li>\n<li>Automatick\u00fd ped\u00e1l<\/li>\n<li>V\u00fdstup na sluch\u00e1tka (vypnut\u00ed reproduktor\u016f)<\/li>\n<li>Osv\u011btlen\u00ed ped\u00e1lnice<\/li>\n<li>Digit\u00e1ln\u00ed napodoben\u00ed ventil\u00e1toru a m\u011bch\u016f v\u00a08\u00a0proveden\u00edch (nastaviteln\u00e9)<\/li>\n<li>Napodoben\u00ed vzduchov\u00e9 trakce ve 3\u00a0proveden\u00edch (nastaviteln\u00e9)<\/li>\n<li>Rozlad\u011bn\u00ed Celeste<\/li>\n<\/ul>","protected":false},"excerpt":{"rendered":"<p>Eminent Positief 20 34 Digit\u00e1ln\u00edch rejst\u0159\u00edk\u016f 3\u00a0zvukov\u00e9 intonace Ped\u00e1l hlasitosti man. I Tremulant: rozechv\u011bn\u00ed t\u00f3n\u016f (nastaviteln\u00fd) Ozv\u011bna: Katedr\u00e1ln\u00ed efekt lze digit\u00e1ln\u011b plynule m\u011bnit\u00a0\u2013 9\u00a0nastaviteln\u00fdch daleko nebo\u00a0bl\u00edzko Transposer:\u00a0\u20133 a\u017e +3\u00a0stupn\u011b 6\u00a0z\u00e1kladn\u00edch a 208\u00a0voln\u00fdch kombinac\u00ed Midi In-Thru-Out 12\u00a0styl\u016f lad\u011bn\u00ed nap\u0159.: Werckmeister III, [&hellip;]<\/p>","protected":false},"featured_media":2182,"template":"","meta":{"_acf_changed":false},"product_brand":[],"product_cat":[62,59],"product_tag":[],"class_list":{"0":"post-2181","1":"product","2":"type-product","3":"status-publish","4":"has-post-thumbnail","6":"product_cat-digitalni","7":"product_cat-varhany","9":"first","10":"instock","11":"taxable","12":"shipping-taxable","13":"purchasable","14":"product-type-simple"},"acf":[],"_links":{"self":[{"href":"https:\/\/chci-varhany.cz\/sk\/wp-json\/wp\/v2\/product\/2181","targetHints":{"allow":["GET"]}}],"collection":[{"href":"https:\/\/chci-varhany.cz\/sk\/wp-json\/wp\/v2\/product"}],"about":[{"href":"https:\/\/chci-varhany.cz\/sk\/wp-json\/wp\/v2\/types\/product"}],"wp:featuredmedia":[{"embeddable":true,"href":"https:\/\/chci-varhany.cz\/sk\/wp-json\/wp\/v2\/media\/2182"}],"wp:attachment":[{"href":"https:\/\/chci-varhany.cz\/sk\/wp-json\/wp\/v2\/media?parent=2181"}],"wp:term":[{"taxonomy":"product_brand","embeddable":true,"href":"https:\/\/chci-varhany.cz\/sk\/wp-json\/wp\/v2\/product_brand?post=2181"},{"taxonomy":"product_cat","embeddable":true,"href":"https:\/\/chci-varhany.cz\/sk\/wp-json\/wp\/v2\/product_cat?post=2181"},{"taxonomy":"product_tag","embeddable":true,"href":"https:\/\/chci-varhany.cz\/sk\/wp-json\/wp\/v2\/product_tag?post=2181"}],"curies":[{"name":"wp","href":"https:\/\/api.w.org\/{rel}","templated":true}]}}