{"id":566,"date":"2020-09-26T08:52:03","date_gmt":"2020-09-26T08:52:03","guid":{"rendered":"https:\/\/chci-varhany.cz\/?post_type=product&#038;p=566"},"modified":"2023-03-10T08:11:20","modified_gmt":"2023-03-10T08:11:20","slug":"johannus-studio-150","status":"publish","type":"product","link":"https:\/\/chci-varhany.cz\/sk\/produkt\/johannus-studio-150\/","title":{"rendered":"Johannus studio 150"},"content":{"rendered":"<h3>Johannus Studio 150<\/h3>\n<ul>\n<li>28\u00a0Digit\u00e1ln\u00edch vzork\u016f (barokn\u00ed, romantick\u00e9, symfonick\u00e9, historick\u00e9)<\/li>\n<li>Ped\u00e1l hlasitosti man. I<\/li>\n<li>Tremulant: rozechv\u011bn\u00ed t\u00f3n\u016f<\/li>\n<li>Chorus: efekt m\u00edrn\u00e9ho rozlad\u011bn\u00ed<\/li>\n<li>Gener\u00e1ln\u00ed ovl\u00e1d\u00e1n\u00ed hlasitosti<\/li>\n<li>Ozv\u011bna: Katedr\u00e1ln\u00ed efekt lze digit\u00e1ln\u011b plynule m\u011bnit<\/li>\n<li>Transposer:\u00a0\u20133 a\u017e +3\u00a0stupn\u011b<\/li>\n<li>Fixn\u00ed kombinace: PP-P-MF-F-FF-T, TA: vypnut\u00ed jazyk\u016f<\/li>\n<li>7\u00a0fixn\u00edch a 8\u00a0voln\u00fdch kombinac\u00ed<\/li>\n<li>Midi In-Thru-Out<\/li>\n<li>12\u00a0styl\u016f lad\u011bn\u00ed Wohltemperiert, Mittelton, Werckmeister\u00a0III,\u2026<\/li>\n<li>Jednoduch\u00e9 menu<\/li>\n<\/ul>","protected":false},"excerpt":{"rendered":"<p>Profesion\u00e1ln\u00ed dvoumanu\u00e1lov\u00e9 digit\u00e1ln\u00ed varhany od holandsk\u00e9 firmy Johannus.<\/p>\n<p>Prim\u00e1rn\u00ed \u00fa\u010del pou\u017eit\u00ed pro studiov\u00e9 nahr\u00e1vky a pou\u017eit\u00ed v dom\u00e1cnosti.<\/p>","protected":false},"featured_media":573,"template":"","meta":{"_acf_changed":false},"product_brand":[],"product_cat":[62,59],"product_tag":[],"class_list":{"0":"post-566","1":"product","2":"type-product","3":"status-publish","4":"has-post-thumbnail","6":"product_cat-digitalni","7":"product_cat-varhany","9":"first","10":"instock","11":"taxable","12":"shipping-taxable","13":"purchasable","14":"product-type-simple"},"acf":[],"_links":{"self":[{"href":"https:\/\/chci-varhany.cz\/sk\/wp-json\/wp\/v2\/product\/566","targetHints":{"allow":["GET"]}}],"collection":[{"href":"https:\/\/chci-varhany.cz\/sk\/wp-json\/wp\/v2\/product"}],"about":[{"href":"https:\/\/chci-varhany.cz\/sk\/wp-json\/wp\/v2\/types\/product"}],"wp:featuredmedia":[{"embeddable":true,"href":"https:\/\/chci-varhany.cz\/sk\/wp-json\/wp\/v2\/media\/573"}],"wp:attachment":[{"href":"https:\/\/chci-varhany.cz\/sk\/wp-json\/wp\/v2\/media?parent=566"}],"wp:term":[{"taxonomy":"product_brand","embeddable":true,"href":"https:\/\/chci-varhany.cz\/sk\/wp-json\/wp\/v2\/product_brand?post=566"},{"taxonomy":"product_cat","embeddable":true,"href":"https:\/\/chci-varhany.cz\/sk\/wp-json\/wp\/v2\/product_cat?post=566"},{"taxonomy":"product_tag","embeddable":true,"href":"https:\/\/chci-varhany.cz\/sk\/wp-json\/wp\/v2\/product_tag?post=566"}],"curies":[{"name":"wp","href":"https:\/\/api.w.org\/{rel}","templated":true}]}}