{"id":664,"date":"2021-01-19T15:08:02","date_gmt":"2021-01-19T15:08:02","guid":{"rendered":"https:\/\/chci-varhany.cz\/?post_type=product&#038;p=664"},"modified":"2021-03-16T21:20:18","modified_gmt":"2021-03-16T21:20:18","slug":"konkavni-pedalnice-30-tonu","status":"publish","type":"product","link":"https:\/\/chci-varhany.cz\/sk\/produkt\/konkavni-pedalnice-30-tonu\/","title":{"rendered":"Konk\u00e1vn\u00ed ped\u00e1lnice 30 t\u00f3n\u016f &#8211; Johannus"},"content":{"rendered":"","protected":false},"excerpt":{"rendered":"","protected":false},"featured_media":0,"template":"","meta":{"_acf_changed":false},"product_brand":[],"product_cat":[60],"product_tag":[],"class_list":{"0":"post-664","1":"product","2":"type-product","3":"status-publish","5":"product_cat-prislusenstvi","7":"first","8":"instock","9":"taxable","10":"shipping-taxable","11":"purchasable","12":"product-type-simple"},"acf":[],"_links":{"self":[{"href":"https:\/\/chci-varhany.cz\/sk\/wp-json\/wp\/v2\/product\/664","targetHints":{"allow":["GET"]}}],"collection":[{"href":"https:\/\/chci-varhany.cz\/sk\/wp-json\/wp\/v2\/product"}],"about":[{"href":"https:\/\/chci-varhany.cz\/sk\/wp-json\/wp\/v2\/types\/product"}],"wp:attachment":[{"href":"https:\/\/chci-varhany.cz\/sk\/wp-json\/wp\/v2\/media?parent=664"}],"wp:term":[{"taxonomy":"product_brand","embeddable":true,"href":"https:\/\/chci-varhany.cz\/sk\/wp-json\/wp\/v2\/product_brand?post=664"},{"taxonomy":"product_cat","embeddable":true,"href":"https:\/\/chci-varhany.cz\/sk\/wp-json\/wp\/v2\/product_cat?post=664"},{"taxonomy":"product_tag","embeddable":true,"href":"https:\/\/chci-varhany.cz\/sk\/wp-json\/wp\/v2\/product_tag?post=664"}],"curies":[{"name":"wp","href":"https:\/\/api.w.org\/{rel}","templated":true}]}}