{"id":719,"date":"2021-01-21T12:11:32","date_gmt":"2021-01-21T12:11:32","guid":{"rendered":"https:\/\/chci-varhany.cz\/?post_type=product&#038;p=719"},"modified":"2023-03-10T08:10:43","modified_gmt":"2023-03-10T08:10:43","slug":"johannus-one","status":"publish","type":"product","link":"https:\/\/chci-varhany.cz\/sk\/produkt\/johannus-one\/","title":{"rendered":"Johannus ONE"},"content":{"rendered":"<p>Jeden keyboard, p\u011bt varhan, osmdes\u00e1t rejst\u0159\u00edk\u016f a sv\u011btov\u011b proslul\u00fd zvuk Johannus. To v\u0161e zabaleno do jednoho praktick\u00e9ho p\u0159enosn\u00e9ho varhann\u00edho keyboardu.<\/p>\n<p>U Johannus ONE u\u017e to jsou varhany, kter\u00e9 ur\u010duj\u00ed zvuk hudby; od t\u00e9to chv\u00edle m\u00e1te v\u0161e pod kontrolou!<\/p>\n<ul>\n<li>34 orchestr\u00e1ln\u00edch rejst\u0159\u00edk\u016f<\/li>\n<li>Output Jacks (L\/MONO, R) 1\/4&#8243; sluch\u00e1tka<\/li>\n<li>Crescendo<\/li>\n<li>Midi In-Thru-Out<\/li>\n<li>Aux In<\/li>\n<li>Bluetooth<\/li>\n<li>&#8230;<\/li>\n<\/ul>","protected":false},"excerpt":{"rendered":"<p>Jeden keyboard, p\u011bt varhan, osmdes\u00e1t rejst\u0159\u00edk\u016f a sv\u011btov\u011b proslul\u00fd zvuk Johannus.<\/p>","protected":false},"featured_media":720,"template":"","meta":{"_acf_changed":false},"product_brand":[],"product_cat":[62,59],"product_tag":[],"class_list":{"0":"post-719","1":"product","2":"type-product","3":"status-publish","4":"has-post-thumbnail","6":"product_cat-digitalni","7":"product_cat-varhany","9":"first","10":"instock","11":"taxable","12":"shipping-taxable","13":"purchasable","14":"product-type-simple"},"acf":[],"_links":{"self":[{"href":"https:\/\/chci-varhany.cz\/sk\/wp-json\/wp\/v2\/product\/719","targetHints":{"allow":["GET"]}}],"collection":[{"href":"https:\/\/chci-varhany.cz\/sk\/wp-json\/wp\/v2\/product"}],"about":[{"href":"https:\/\/chci-varhany.cz\/sk\/wp-json\/wp\/v2\/types\/product"}],"wp:featuredmedia":[{"embeddable":true,"href":"https:\/\/chci-varhany.cz\/sk\/wp-json\/wp\/v2\/media\/720"}],"wp:attachment":[{"href":"https:\/\/chci-varhany.cz\/sk\/wp-json\/wp\/v2\/media?parent=719"}],"wp:term":[{"taxonomy":"product_brand","embeddable":true,"href":"https:\/\/chci-varhany.cz\/sk\/wp-json\/wp\/v2\/product_brand?post=719"},{"taxonomy":"product_cat","embeddable":true,"href":"https:\/\/chci-varhany.cz\/sk\/wp-json\/wp\/v2\/product_cat?post=719"},{"taxonomy":"product_tag","embeddable":true,"href":"https:\/\/chci-varhany.cz\/sk\/wp-json\/wp\/v2\/product_tag?post=719"}],"curies":[{"name":"wp","href":"https:\/\/api.w.org\/{rel}","templated":true}]}}