{"id":793,"date":"2021-01-25T09:52:15","date_gmt":"2021-01-25T09:52:15","guid":{"rendered":"https:\/\/chci-varhany.cz\/?post_type=product&#038;p=793"},"modified":"2023-03-10T08:16:14","modified_gmt":"2023-03-10T08:16:14","slug":"johannus-live-3p","status":"publish","type":"product","link":"https:\/\/chci-varhany.cz\/sk\/produkt\/johannus-live-3p\/","title":{"rendered":"Johannus LIVE 3P"},"content":{"rendered":"<h3>Johannus LIVE 3P<\/h3>\n<p>Johannus LiVE znamen\u00e1 definitivn\u00ed \u00fasvit nov\u00e9 \u00e9ry ve varhan\u00e1ch. Nikdy p\u0159edt\u00edm se klasick\u00e9 varhany a pokro\u010dil\u00e9 digit\u00e1ln\u00ed varhany tak t\u011bsn\u011b nesbli\u017eovaly. Od t\u00e9to chv\u00edle budete hr\u00e1t p\u0159\u00edmo na autentick\u00fdch varhan\u00e1ch stoj\u00edc\u00ed v des\u00edtk\u00e1ch slavn\u00fdch mezin\u00e1rodn\u00edch kostel\u016f a katedr\u00e1l.<\/p>\n<p>Z pohodl\u00ed sv\u00e9ho ob\u00fdvac\u00edho pokoje m\u016f\u017eete let\u011bt ze srdce Pa\u0159\u00ed\u017ee p\u0159es Utrecht do Dr\u00e1\u017e\u010fan.<\/p>\n<ul>\n<li>3 manu\u00e1ly<\/li>\n<li>52 rejst\u0159\u00edk\u016f<\/li>\n<li>tremulant<\/li>\n<li>MIDI In-Out<\/li>\n<li>Transposer<\/li>\n<li>V\u00fdstup na sluch\u00e1tka<\/li>\n<li>Expresn\u00ed ped\u00e1l PEPC: programovateln\u00e1 konfigurace expresn\u00edho ped\u00e1lu<\/li>\n<li>Crescendo (p\u0159es PEPC)<\/li>\n<li>&#8230;<\/li>\n<\/ul>\n<p>Na vy\u017e\u00e1d\u00e1n\u00ed:<\/p>\n<ul>\n<li>sv\u011btl\u00fd, st\u0159edn\u00ed a tmav\u00fd dub<\/li>\n<li>klaviatury ze d\u0159eva<\/li>\n<li>radi\u00e1ln\u00ed a radi\u00e1ln\u011b konk\u00e1vn\u00ed ped\u00e1lnice<\/li>\n<li>nastaviteln\u00e1 lavice<\/li>\n<li>solo a orchestr\u00e1ln\u00ed rejst\u0159\u00edky<\/li>\n<\/ul>\n<p>&nbsp;<\/p>\n<p>&nbsp;<\/p>","protected":false},"excerpt":{"rendered":"<p>Johannus LiVE 2P a 3P p\u0159eklenuj\u00ed propast mezi snem a realitou. Od nyn\u011bj\u0161ka m\u016f\u017eete m\u00edt ve sv\u00e9m ob\u00fdvac\u00edm pokoji ty nejlep\u0161\u00ed varhany na sv\u011bt\u011b.<\/p>","protected":false},"featured_media":794,"template":"","meta":{"_acf_changed":false},"product_brand":[],"product_cat":[62,59],"product_tag":[],"class_list":{"0":"post-793","1":"product","2":"type-product","3":"status-publish","4":"has-post-thumbnail","6":"product_cat-digitalni","7":"product_cat-varhany","9":"first","10":"instock","11":"taxable","12":"shipping-taxable","13":"purchasable","14":"product-type-simple"},"acf":[],"_links":{"self":[{"href":"https:\/\/chci-varhany.cz\/sk\/wp-json\/wp\/v2\/product\/793","targetHints":{"allow":["GET"]}}],"collection":[{"href":"https:\/\/chci-varhany.cz\/sk\/wp-json\/wp\/v2\/product"}],"about":[{"href":"https:\/\/chci-varhany.cz\/sk\/wp-json\/wp\/v2\/types\/product"}],"wp:featuredmedia":[{"embeddable":true,"href":"https:\/\/chci-varhany.cz\/sk\/wp-json\/wp\/v2\/media\/794"}],"wp:attachment":[{"href":"https:\/\/chci-varhany.cz\/sk\/wp-json\/wp\/v2\/media?parent=793"}],"wp:term":[{"taxonomy":"product_brand","embeddable":true,"href":"https:\/\/chci-varhany.cz\/sk\/wp-json\/wp\/v2\/product_brand?post=793"},{"taxonomy":"product_cat","embeddable":true,"href":"https:\/\/chci-varhany.cz\/sk\/wp-json\/wp\/v2\/product_cat?post=793"},{"taxonomy":"product_tag","embeddable":true,"href":"https:\/\/chci-varhany.cz\/sk\/wp-json\/wp\/v2\/product_tag?post=793"}],"curies":[{"name":"wp","href":"https:\/\/api.w.org\/{rel}","templated":true}]}}