{"id":837,"date":"2021-01-25T14:05:52","date_gmt":"2021-01-25T14:05:52","guid":{"rendered":"https:\/\/chci-varhany.cz\/?post_type=product&#038;p=837"},"modified":"2021-03-15T16:53:21","modified_gmt":"2021-03-15T16:53:21","slug":"johannus-classic-250","status":"publish","type":"product","link":"https:\/\/chci-varhany.cz\/sk\/produkt\/johannus-classic-250\/","title":{"rendered":"Johannus Classic 250"},"content":{"rendered":"<h3>Johannus Classic 250<\/h3>\n<p>Johannus Classic je vzru\u0161uj\u00edc\u00ed sbli\u017eov\u00e1n\u00ed klasick\u00e9 elegance a modern\u00ed kr\u00e1sy. Jsou to varhany, kter\u00e9 p\u0159ekon\u00e1vaj\u00ed konven\u010dn\u00ed standardy. Dosahuj\u00ed zvuku 21. stolet\u00ed v ka\u017ed\u00e9m rejst\u0159\u00edku, ale jsou hrd\u011b zalo\u017eeny na tradici. Skv\u011bl\u00fd n\u00e1stroj, kter\u00fd kombinuje to nejlep\u0161\u00ed z obou sv\u011bt\u016f.<\/p>\n<ul>\n<li>2 manu\u00e1ly<\/li>\n<li>36 hlas\u016f + 4 orchestr\u00e1ln\u00ed hlasy<\/li>\n<li>3 spojky a 2 tremulanty<\/li>\n<li>3 styly: Baroque, Romantic a Symphonic<\/li>\n<li>MIDI In-Out<\/li>\n<li>Transposer<\/li>\n<li>V\u00fdstup na sluch\u00e1tka<\/li>\n<li>Expresn\u00ed ped\u00e1l PEPC: programovateln\u00e1 konfigurace expresn\u00edho ped\u00e1lu<\/li>\n<li>Crescendo (p\u0159es PEPC)<\/li>\n<\/ul>\n<p>Na vy\u017e\u00e1d\u00e1n\u00ed:<\/p>\n<ul>\n<li>sv\u011btl\u00fd, st\u0159edn\u00ed a tmav\u00fd dub<\/li>\n<li>klaviatury ze d\u0159eva<\/li>\n<li>radi\u00e1ln\u00ed a radi\u00e1ln\u011b konk\u00e1vn\u00ed ped\u00e1lnice<\/li>\n<li>nastaviteln\u00e1 lavice<\/li>\n<\/ul>","protected":false},"excerpt":{"rendered":"<p>Johannus Classic je vzru\u0161uj\u00edc\u00ed sbli\u017eov\u00e1n\u00ed klasick\u00e9 elegance a modern\u00ed kr\u00e1sy.<\/p>","protected":false},"featured_media":838,"template":"","meta":{"_acf_changed":false},"product_brand":[],"product_cat":[62,59],"product_tag":[],"class_list":{"0":"post-837","1":"product","2":"type-product","3":"status-publish","4":"has-post-thumbnail","6":"product_cat-digitalni","7":"product_cat-varhany","9":"first","10":"instock","11":"taxable","12":"shipping-taxable","13":"purchasable","14":"product-type-simple"},"acf":[],"_links":{"self":[{"href":"https:\/\/chci-varhany.cz\/sk\/wp-json\/wp\/v2\/product\/837","targetHints":{"allow":["GET"]}}],"collection":[{"href":"https:\/\/chci-varhany.cz\/sk\/wp-json\/wp\/v2\/product"}],"about":[{"href":"https:\/\/chci-varhany.cz\/sk\/wp-json\/wp\/v2\/types\/product"}],"wp:featuredmedia":[{"embeddable":true,"href":"https:\/\/chci-varhany.cz\/sk\/wp-json\/wp\/v2\/media\/838"}],"wp:attachment":[{"href":"https:\/\/chci-varhany.cz\/sk\/wp-json\/wp\/v2\/media?parent=837"}],"wp:term":[{"taxonomy":"product_brand","embeddable":true,"href":"https:\/\/chci-varhany.cz\/sk\/wp-json\/wp\/v2\/product_brand?post=837"},{"taxonomy":"product_cat","embeddable":true,"href":"https:\/\/chci-varhany.cz\/sk\/wp-json\/wp\/v2\/product_cat?post=837"},{"taxonomy":"product_tag","embeddable":true,"href":"https:\/\/chci-varhany.cz\/sk\/wp-json\/wp\/v2\/product_tag?post=837"}],"curies":[{"name":"wp","href":"https:\/\/api.w.org\/{rel}","templated":true}]}}