{"id":880,"date":"2021-01-26T06:49:56","date_gmt":"2021-01-26T06:49:56","guid":{"rendered":"https:\/\/chci-varhany.cz\/?post_type=product&#038;p=880"},"modified":"2021-03-15T14:34:11","modified_gmt":"2021-03-15T14:34:11","slug":"johannus-ecclesia-d-450","status":"publish","type":"product","link":"https:\/\/chci-varhany.cz\/sk\/produkt\/johannus-ecclesia-d-450\/","title":{"rendered":"Johannus Ecclesia D-450"},"content":{"rendered":"<h3>Johannus Ecclesia D-450<\/h3>\n<p>S\u00e9rie Ecclesia kombinuje t\u0159i pot\u011b\u0161uj\u00edc\u00ed v\u00fdhody; atraktivn\u00ed cenu, excelentn\u00ed vlastnosti doprovodn\u00e9ho n\u00e1stroje a voliteln\u00fd bal\u00ed\u010dek, kter\u00fd umo\u017e\u0148uje p\u0159izp\u016fsobit si n\u00e1stroj dle sv\u00fdch pot\u0159eb.<\/p>\n<ul>\n<li>3 manu\u00e1ly<\/li>\n<li>54 zvuk\u016f<\/li>\n<li>6 spojek a 4 tremulanty<\/li>\n<li>3 styly: Baroque, Romantic a Symphonic<\/li>\n<li>MIDI In-Out<\/li>\n<li>V\u00fdstup na sluch\u00e1tka<\/li>\n<li>Transposer<\/li>\n<li>Expresn\u00ed ped\u00e1l PEPC: programovateln\u00e1 konfigurace expresn\u00edho ped\u00e1lu<\/li>\n<li>Crescendo (p\u0159es PEPC)<\/li>\n<\/ul>\n<p>Na vy\u017e\u00e1d\u00e1n\u00ed:<\/p>\n<ul>\n<li>sv\u011btl\u00fd, st\u0159edn\u00ed a tmav\u00fd dub<\/li>\n<li>klaviatury ze d\u0159eva<\/li>\n<li>radi\u00e1ln\u00ed a radi\u00e1ln\u011b konk\u00e1vn\u00ed ped\u00e1lnice<\/li>\n<li>nastaviteln\u00e1 lavice<\/li>\n<\/ul>","protected":false},"excerpt":{"rendered":"<p>S\u00e9rie Ecclesia kombinuje t\u0159i pot\u011b\u0161uj\u00edc\u00ed v\u00fdhody; atraktivn\u00ed cenu, excelentn\u00ed vlastnosti doprovodn\u00e9ho n\u00e1stroje a voliteln\u00fd bal\u00ed\u010dek, kter\u00fd umo\u017e\u0148uje p\u0159izp\u016fsobit si n\u00e1stroj dle sv\u00fdch pot\u0159eb.<\/p>","protected":false},"featured_media":881,"template":"","meta":{"_acf_changed":false},"product_brand":[],"product_cat":[62,59],"product_tag":[],"class_list":{"0":"post-880","1":"product","2":"type-product","3":"status-publish","4":"has-post-thumbnail","6":"product_cat-digitalni","7":"product_cat-varhany","9":"first","10":"instock","11":"taxable","12":"shipping-taxable","13":"purchasable","14":"product-type-simple"},"acf":[],"_links":{"self":[{"href":"https:\/\/chci-varhany.cz\/sk\/wp-json\/wp\/v2\/product\/880","targetHints":{"allow":["GET"]}}],"collection":[{"href":"https:\/\/chci-varhany.cz\/sk\/wp-json\/wp\/v2\/product"}],"about":[{"href":"https:\/\/chci-varhany.cz\/sk\/wp-json\/wp\/v2\/types\/product"}],"wp:featuredmedia":[{"embeddable":true,"href":"https:\/\/chci-varhany.cz\/sk\/wp-json\/wp\/v2\/media\/881"}],"wp:attachment":[{"href":"https:\/\/chci-varhany.cz\/sk\/wp-json\/wp\/v2\/media?parent=880"}],"wp:term":[{"taxonomy":"product_brand","embeddable":true,"href":"https:\/\/chci-varhany.cz\/sk\/wp-json\/wp\/v2\/product_brand?post=880"},{"taxonomy":"product_cat","embeddable":true,"href":"https:\/\/chci-varhany.cz\/sk\/wp-json\/wp\/v2\/product_cat?post=880"},{"taxonomy":"product_tag","embeddable":true,"href":"https:\/\/chci-varhany.cz\/sk\/wp-json\/wp\/v2\/product_tag?post=880"}],"curies":[{"name":"wp","href":"https:\/\/api.w.org\/{rel}","templated":true}]}}