{"id":995,"date":"2021-02-16T13:58:58","date_gmt":"2021-02-16T13:58:58","guid":{"rendered":"https:\/\/chci-varhany.cz\/?post_type=product&#038;p=995"},"modified":"2023-09-22T10:33:43","modified_gmt":"2023-09-22T10:33:43","slug":"eminent-capella-200","status":"publish","type":"product","link":"https:\/\/chci-varhany.cz\/sk\/produkt\/eminent-capella-200\/","title":{"rendered":"Eminent Capella 200"},"content":{"rendered":"<h3>Eminent Capella 200<\/h3>\n<h4>(Capella 20)<\/h4>\n<ul>\n<li>32 Digit\u00e1ln\u00edch zvuk\u016f<\/li>\n<li>3\u00a0zvukov\u00e9 intonace<\/li>\n<li>Ped\u00e1l hlasitosti man. I<\/li>\n<li>Tremulant: rozechv\u011bn\u00ed t\u00f3n\u016f (nastaviteln\u00fd)<\/li>\n<li>Ozv\u011bna: Katedr\u00e1ln\u00ed efekt lze digit\u00e1ln\u011b plynule m\u011bnit\u00a0\u2013 9\u00a0nastaviteln\u00fdch daleko nebo\u00a0bl\u00edzko<\/li>\n<li>Transposer:\u00a0\u20133 a\u017e +3\u00a0stupn\u011b<\/li>\n<li>6\u00a0z\u00e1kladn\u00edch a 208\u00a0voln\u00fdch kombinac\u00ed<\/li>\n<li>Midi In-Thru-Out<\/li>\n<li>12\u00a0styl\u016f lad\u011bn\u00ed nap\u0159.: Werckmeister III, Neidhart, Valotti,\u2026<\/li>\n<li>Automatick\u00fd ped\u00e1l<\/li>\n<li>V\u00fdstup na sluch\u00e1tka (vypnut\u00ed reproduktor\u016f)<\/li>\n<li>St\u0159edn\u00ed nebo sv\u011btl\u00fd dub<\/li>\n<li>Osv\u011btlen\u00ed ped\u00e1lnice<\/li>\n<li>Digit\u00e1ln\u00ed napodoben\u00ed ventil\u00e1toru a m\u011bch\u016f v\u00a08\u00a0proveden\u00edch (nastaviteln\u00e9)<\/li>\n<li>Napodoben\u00ed vzduchov\u00e9 trakce ve 3\u00a0proveden\u00edch (nastaviteln\u00e9)<\/li>\n<li>Rozlad\u011bn\u00ed Celeste<\/li>\n<\/ul>\n<p>Na vy\u017e\u00e1d\u00e1n\u00ed:<\/p>\n<ul>\n<li>Program Maestro Tonalis PC intoneer<\/li>\n<li>\u0158adi\u010d na 99 skladeb (p\u0159ehr\u00e1van\u00e9 a nahran\u00e9)<\/li>\n<li>Pistony (no\u017en\u00ed ovlada\u010de)<\/li>\n<li>V\u00fd\u0161kov\u011b nastaviteln\u00e1 lavice<\/li>\n<li>Ped\u00e1l Crescendo<\/li>\n<li>Konk\u00e1vn\u00ed\/konk\u00e1vn\u011b-radi\u00e1ln\u00ed ped\u00e1lnice<\/li>\n<li>Jin\u00e9 povrchov\u00e9 \u00fapravy nebo d\u0159evo<\/li>\n<li>Manu\u00e1ly z\u00a0masivn\u00edho d\u0159eva<\/li>\n<\/ul>","protected":false},"excerpt":{"rendered":"<p>Tradi\u010dn\u00ed varhany Capella 20 vyr\u00e1b\u00ed spole\u010dnost Eminent ji\u017e v\u00edce ne\u017e 30 let. Tyto varhany jsou vyr\u00e1b\u011bny s 5 zvukov\u00fdmi kan\u00e1ly, 32 rejst\u0159\u00edky, 30t\u00f3novou line\u00e1rn\u00ed ped\u00e1lnic\u00ed a 2 manu\u00e1ly.<\/p>","protected":false},"featured_media":996,"template":"","meta":{"_acf_changed":false},"product_brand":[],"product_cat":[62,59],"product_tag":[],"class_list":{"0":"post-995","1":"product","2":"type-product","3":"status-publish","4":"has-post-thumbnail","6":"product_cat-digitalni","7":"product_cat-varhany","9":"first","10":"instock","11":"taxable","12":"shipping-taxable","13":"purchasable","14":"product-type-simple"},"acf":[],"_links":{"self":[{"href":"https:\/\/chci-varhany.cz\/sk\/wp-json\/wp\/v2\/product\/995","targetHints":{"allow":["GET"]}}],"collection":[{"href":"https:\/\/chci-varhany.cz\/sk\/wp-json\/wp\/v2\/product"}],"about":[{"href":"https:\/\/chci-varhany.cz\/sk\/wp-json\/wp\/v2\/types\/product"}],"wp:featuredmedia":[{"embeddable":true,"href":"https:\/\/chci-varhany.cz\/sk\/wp-json\/wp\/v2\/media\/996"}],"wp:attachment":[{"href":"https:\/\/chci-varhany.cz\/sk\/wp-json\/wp\/v2\/media?parent=995"}],"wp:term":[{"taxonomy":"product_brand","embeddable":true,"href":"https:\/\/chci-varhany.cz\/sk\/wp-json\/wp\/v2\/product_brand?post=995"},{"taxonomy":"product_cat","embeddable":true,"href":"https:\/\/chci-varhany.cz\/sk\/wp-json\/wp\/v2\/product_cat?post=995"},{"taxonomy":"product_tag","embeddable":true,"href":"https:\/\/chci-varhany.cz\/sk\/wp-json\/wp\/v2\/product_tag?post=995"}],"curies":[{"name":"wp","href":"https:\/\/api.w.org\/{rel}","templated":true}]}}